{"id":699,"date":"2022-11-27T02:47:54","date_gmt":"2022-11-27T02:47:54","guid":{"rendered":"https:\/\/yingmeipack.com\/?post_type=product&#038;p=699"},"modified":"2022-11-27T07:08:41","modified_gmt":"2022-11-27T07:08:41","slug":"custom-hexagon-black-metal-tin-container-with-flip-cover-lid","status":"publish","type":"product","link":"https:\/\/yingmeipack.com\/pt\/product\/custom-hexagon-black-metal-tin-container-with-flip-cover-lid\/","title":{"rendered":"Recipiente de metal preto hexagonal personalizado com tampa articulada"},"content":{"rendered":"","protected":false},"excerpt":{"rendered":"<p>Recipientes de \"lata\" (a\u00e7o) hexagonais de seis lados com tampas deslizantes. As latas n\u00e3o t\u00eam arestas vivas, todas as arestas s\u00e3o arredondadas e s\u00e3o formadas por metal de 0,24 mm. O pre\u00e7o inclui o contentor e a tampa, que s\u00e3o enviados montados. As dimens\u00f5es s\u00e3o medidas exteriores ponto a ponto. As nossas latas s\u00e3o feitas de a\u00e7o 100% e n\u00e3o t\u00eam um revestimento interno de pl\u00e1stico, pelo que as subst\u00e2ncias c\u00e1usticas podem causar ferrugem no a\u00e7o. Para latas resistentes \u00e0 ferrugem, procure. Esta caixa de lata met\u00e1lica hexagonal \u00e9 feita de ferro estanhado de qualidade alimentar. O tamanho \u00e9: 70*70*70mm. A microetiqueta e o tamanho podem ser personalizados. \u00c9 um tipo de tr\u00eas pe\u00e7as, tampa independente e estrutura de fundo de gongo, e usa tecnologia de impress\u00e3o CMYK. A estrutura independente da tampa \u00e9 conveniente para abrir e fechar.<\/p>","protected":false},"featured_media":700,"template":"","meta":{"_kad_post_transparent":"default","_kad_post_title":"","_kad_post_layout":"default","_kad_post_sidebar_id":"","_kad_post_content_style":"default","_kad_post_vertical_padding":"default","_kad_post_feature":"","_kad_post_feature_position":"","_kad_post_header":false,"_kad_post_footer":false,"jetpack_publicize_message":"","jetpack_publicize_feature_enabled":true,"jetpack_social_post_already_shared":false,"jetpack_social_options":{"image_generator_settings":{"template":"highway","default_image_id":0,"enabled":false},"version":2}},"product_brand":[],"product_cat":[24,27,29],"product_tag":[271,273,272],"class_list":{"0":"post-699","1":"product","2":"type-product","3":"status-publish","4":"has-post-thumbnail","6":"product_cat-jars","7":"product_cat-metal-jars","8":"product_cat-tinplate-jars","9":"product_tag-hexagon-black-metal-tin","10":"product_tag-hexagon-metal-container","11":"product_tag-hexagon-metal-tin","13":"first","14":"instock","15":"shipping-taxable","16":"product-type-simple","17":"entry","18":"content-bg","19":"loop-entry"},"aioseo_notices":[],"jetpack_publicize_connections":[],"jetpack_sharing_enabled":true,"_links":{"self":[{"href":"https:\/\/yingmeipack.com\/pt\/wp-json\/wp\/v2\/product\/699","targetHints":{"allow":["GET"]}}],"collection":[{"href":"https:\/\/yingmeipack.com\/pt\/wp-json\/wp\/v2\/product"}],"about":[{"href":"https:\/\/yingmeipack.com\/pt\/wp-json\/wp\/v2\/types\/product"}],"version-history":[{"count":1,"href":"https:\/\/yingmeipack.com\/pt\/wp-json\/wp\/v2\/product\/699\/revisions"}],"predecessor-version":[{"id":706,"href":"https:\/\/yingmeipack.com\/pt\/wp-json\/wp\/v2\/product\/699\/revisions\/706"}],"wp:featuredmedia":[{"embeddable":true,"href":"https:\/\/yingmeipack.com\/pt\/wp-json\/wp\/v2\/media\/700"}],"wp:attachment":[{"href":"https:\/\/yingmeipack.com\/pt\/wp-json\/wp\/v2\/media?parent=699"}],"wp:term":[{"taxonomy":"product_brand","embeddable":true,"href":"https:\/\/yingmeipack.com\/pt\/wp-json\/wp\/v2\/product_brand?post=699"},{"taxonomy":"product_cat","embeddable":true,"href":"https:\/\/yingmeipack.com\/pt\/wp-json\/wp\/v2\/product_cat?post=699"},{"taxonomy":"product_tag","embeddable":true,"href":"https:\/\/yingmeipack.com\/pt\/wp-json\/wp\/v2\/product_tag?post=699"}],"curies":[{"name":"wp","href":"https:\/\/api.w.org\/{rel}","templated":true}]}}