{"id":683,"date":"2022-11-26T14:33:50","date_gmt":"2022-11-26T14:33:50","guid":{"rendered":"https:\/\/yingmeipack.com\/?post_type=product&#038;p=683"},"modified":"2022-11-26T15:37:15","modified_gmt":"2022-11-26T15:37:15","slug":"frosted-foaming-dispenser-travel-soap-bottle-for-cleaning","status":"publish","type":"product","link":"https:\/\/yingmeipack.com\/pt\/product\/frosted-foaming-dispenser-travel-soap-bottle-for-cleaning\/","title":{"rendered":"Frasco de sab\u00e3o de viagem com doseador de espuma fosco para limpeza"},"content":{"rendered":"","protected":false},"excerpt":{"rendered":"<p>Este frasco de espuma de limpeza vazio \u00e9 inodoro e feito de pl\u00e1stico PET (sem BPA). O dispensador de espuma \u00e9 recarreg\u00e1vel e reutiliz\u00e1vel e \u00e9 dur\u00e1vel. O conjunto inclui 4 frascos vazios com bomba, f\u00e1ceis de transportar. Era mesmo o que precisava para as suas viagens, quando quer levar os seus pr\u00f3prios l\u00edquidos com espuma! Pode usar as garrafas de viagem para poupar detergente, cabendo em qualquer lugar. \u00d3timo para desinfetante de m\u00e3os com espuma DIY, o seu pr\u00f3prio produto de limpeza de pestanas perfeito, creme de duche, leite de lavagem, detergente, champ\u00f4, gel de banho, etc. Atrav\u00e9s da garrafa de bomba de espuma, pode obter uma espuma rica. Para uma experi\u00eancia de banho mais confort\u00e1vel. A rosca apertada e o design do soquete da garrafa evitam qualquer vazamento, para que voc\u00ea possa colocar com seguran\u00e7a a garrafa de viagem de espuma na bolsa sem se preocupar com vazamentos de l\u00edquidos. Os frascos de espuma para lavar o rosto vazios podem ser usados em casa, cozinha, casa de banho, escrit\u00f3rio, viagem de neg\u00f3cios, viagem de f\u00e9rias.<\/p>","protected":false},"featured_media":684,"template":"","meta":{"_kad_post_transparent":"default","_kad_post_title":"","_kad_post_layout":"default","_kad_post_sidebar_id":"","_kad_post_content_style":"default","_kad_post_vertical_padding":"default","_kad_post_feature":"","_kad_post_feature_position":"","_kad_post_header":false,"_kad_post_footer":false,"jetpack_publicize_message":"","jetpack_publicize_feature_enabled":true,"jetpack_social_post_already_shared":false,"jetpack_social_options":{"image_generator_settings":{"template":"highway","default_image_id":0,"enabled":false},"version":2}},"product_brand":[],"product_cat":[31],"product_tag":[267,264,266,265],"class_list":{"0":"post-683","1":"product","2":"type-product","3":"status-publish","4":"has-post-thumbnail","6":"product_cat-foamer-bottles","7":"product_tag-dispenser-travel-bottle","8":"product_tag-foaming-dispenser-bottle","9":"product_tag-frosted-foaming-bottle","10":"product_tag-travel-soap-bottle","12":"first","13":"instock","14":"shipping-taxable","15":"product-type-simple","16":"entry","17":"content-bg","18":"loop-entry"},"aioseo_notices":[],"jetpack_publicize_connections":[],"jetpack_sharing_enabled":true,"_links":{"self":[{"href":"https:\/\/yingmeipack.com\/pt\/wp-json\/wp\/v2\/product\/683","targetHints":{"allow":["GET"]}}],"collection":[{"href":"https:\/\/yingmeipack.com\/pt\/wp-json\/wp\/v2\/product"}],"about":[{"href":"https:\/\/yingmeipack.com\/pt\/wp-json\/wp\/v2\/types\/product"}],"version-history":[{"count":1,"href":"https:\/\/yingmeipack.com\/pt\/wp-json\/wp\/v2\/product\/683\/revisions"}],"predecessor-version":[{"id":689,"href":"https:\/\/yingmeipack.com\/pt\/wp-json\/wp\/v2\/product\/683\/revisions\/689"}],"wp:featuredmedia":[{"embeddable":true,"href":"https:\/\/yingmeipack.com\/pt\/wp-json\/wp\/v2\/media\/684"}],"wp:attachment":[{"href":"https:\/\/yingmeipack.com\/pt\/wp-json\/wp\/v2\/media?parent=683"}],"wp:term":[{"taxonomy":"product_brand","embeddable":true,"href":"https:\/\/yingmeipack.com\/pt\/wp-json\/wp\/v2\/product_brand?post=683"},{"taxonomy":"product_cat","embeddable":true,"href":"https:\/\/yingmeipack.com\/pt\/wp-json\/wp\/v2\/product_cat?post=683"},{"taxonomy":"product_tag","embeddable":true,"href":"https:\/\/yingmeipack.com\/pt\/wp-json\/wp\/v2\/product_tag?post=683"}],"curies":[{"name":"wp","href":"https:\/\/api.w.org\/{rel}","templated":true}]}}