{"id":652,"date":"2022-11-26T07:44:38","date_gmt":"2022-11-26T07:44:38","guid":{"rendered":"https:\/\/yingmeipack.com\/?post_type=product&#038;p=652"},"modified":"2025-06-05T09:16:59","modified_gmt":"2025-06-05T09:16:59","slug":"120ml-4oz-aluminum-round-tin-container-jar-with-clear-window","status":"publish","type":"product","link":"https:\/\/yingmeipack.com\/pt\/product\/120ml-4oz-aluminum-round-tin-container-jar-with-clear-window\/","title":{"rendered":"Recipiente de lata redondo de alum\u00ednio de 120 ml e 4 oz com janela transparente"},"content":{"rendered":"","protected":false},"excerpt":{"rendered":"<p>CONTENTORES SLIP SLIDE - Um bom contentor para guardar material de artesanato e pequenos artigos como velas, creme de maquilhagem, doces, etc.<br \/>\nLAT\u00c3O DE VELA REDONDO DE ALUM\u00cdNIO - Constru\u00e7\u00e3o sem costuras, dur\u00e1vel, f\u00e1cil de transportar e utilizar. Perfeito para projectos de fabrico de velas DIY.<br \/>\nLATAS DE LATAS DE ALUM\u00cdNIO COM JANELAS - Latas de alum\u00ednio redondas com janelas transparentes no topo, pode verificar o interior dos artigos de forma conveniente e sem abrir a tampa.<br \/>\nRecipientes de creme de maquilhagem RUOND - Recipientes de creme de viagem - Fabricados em alum\u00ednio, n\u00e3o se partem facilmente, o que os torna \u00fateis durante um longo per\u00edodo, t\u00eam uma superf\u00edcie lisa que pode ser colocada em conjunto para uma utiliza\u00e7\u00e3o conveniente.<br \/>\nCAIXA DE LAT\u00c3O TALIGHT - Estas caixas de presente s\u00e3o dur\u00e1veis, resistentes ao desgaste e \u00e0s quedas. Uma \u00f3ptima caixa de embalagem para presentes de Natal, anivers\u00e1rio, casamento, etc.<\/p>\n<div style=\"width: 1280px;\" class=\"wp-video\"><!--[if lt IE 9]><script>document.createElement('video');<\/script><![endif]--><br \/>\n<video class=\"wp-video-shortcode\" id=\"video-652-1\" width=\"1280\" height=\"720\" loop autoplay preload=\"metadata\" controls=\"controls\"><source type=\"video\/mp4\" src=\"http:\/\/yingmeipack.com\/wp-content\/uploads\/2022\/11\/Aluminum-Cosmetics-Jar.mp4?_=1\" \/><a href=\"http:\/\/yingmeipack.com\/wp-content\/uploads\/2022\/11\/Aluminum-Cosmetics-Jar.mp4\">http:\/\/yingmeipack.com\/wp-content\/uploads\/2022\/11\/Aluminum-Cosmetics-Jar.mp4<\/a><\/video><\/div>","protected":false},"featured_media":653,"template":"","meta":{"_kad_post_transparent":"default","_kad_post_title":"","_kad_post_layout":"default","_kad_post_sidebar_id":"","_kad_post_content_style":"default","_kad_post_vertical_padding":"default","_kad_post_feature":"","_kad_post_feature_position":"","_kad_post_header":false,"_kad_post_footer":false,"jetpack_publicize_message":"","jetpack_publicize_feature_enabled":true,"jetpack_social_post_already_shared":false,"jetpack_social_options":{"image_generator_settings":{"template":"highway","default_image_id":0,"enabled":false},"version":2}},"product_brand":[],"product_cat":[28,24,27],"product_tag":[250,251,254,253,252],"class_list":{"0":"post-652","1":"product","2":"type-product","3":"status-publish","4":"has-post-thumbnail","6":"product_cat-aluminum-jars","7":"product_cat-jars","8":"product_cat-metal-jars","9":"product_tag-120ml-aluminum-jar","10":"product_tag-4oz-aluminum-jar","11":"product_tag-aluminum-jar-with-clear-window","12":"product_tag-aluminum-round-container","13":"product_tag-aluminum-round-tin","15":"first","16":"instock","17":"shipping-taxable","18":"purchasable","19":"product-type-simple","20":"entry","21":"content-bg","22":"loop-entry"},"aioseo_notices":[],"jetpack_publicize_connections":[],"jetpack_sharing_enabled":true,"_links":{"self":[{"href":"https:\/\/yingmeipack.com\/pt\/wp-json\/wp\/v2\/product\/652","targetHints":{"allow":["GET"]}}],"collection":[{"href":"https:\/\/yingmeipack.com\/pt\/wp-json\/wp\/v2\/product"}],"about":[{"href":"https:\/\/yingmeipack.com\/pt\/wp-json\/wp\/v2\/types\/product"}],"version-history":[{"count":1,"href":"https:\/\/yingmeipack.com\/pt\/wp-json\/wp\/v2\/product\/652\/revisions"}],"predecessor-version":[{"id":659,"href":"https:\/\/yingmeipack.com\/pt\/wp-json\/wp\/v2\/product\/652\/revisions\/659"}],"wp:featuredmedia":[{"embeddable":true,"href":"https:\/\/yingmeipack.com\/pt\/wp-json\/wp\/v2\/media\/653"}],"wp:attachment":[{"href":"https:\/\/yingmeipack.com\/pt\/wp-json\/wp\/v2\/media?parent=652"}],"wp:term":[{"taxonomy":"product_brand","embeddable":true,"href":"https:\/\/yingmeipack.com\/pt\/wp-json\/wp\/v2\/product_brand?post=652"},{"taxonomy":"product_cat","embeddable":true,"href":"https:\/\/yingmeipack.com\/pt\/wp-json\/wp\/v2\/product_cat?post=652"},{"taxonomy":"product_tag","embeddable":true,"href":"https:\/\/yingmeipack.com\/pt\/wp-json\/wp\/v2\/product_tag?post=652"}],"curies":[{"name":"wp","href":"https:\/\/api.w.org\/{rel}","templated":true}]}}