{"id":640,"date":"2022-11-26T05:02:14","date_gmt":"2022-11-26T05:02:14","guid":{"rendered":"https:\/\/yingmeipack.com\/?post_type=product&#038;p=640"},"modified":"2022-11-26T07:26:33","modified_gmt":"2022-11-26T07:26:33","slug":"customizable-brushed-gold-aluminum-screw-cap-with-foam-liner","status":"publish","type":"product","link":"https:\/\/yingmeipack.com\/pt\/product\/customizable-brushed-gold-aluminum-screw-cap-with-foam-liner\/","title":{"rendered":"Tampa de rosca personaliz\u00e1vel em alum\u00ednio dourado escovado com revestimento de espuma"},"content":{"rendered":"","protected":false},"excerpt":{"rendered":"<p>Tampa de rosca met\u00e1lica em alum\u00ednio dourado com op\u00e7\u00f5es de revestimento personaliz\u00e1veis, incluindo espuma PE, vedante de espuma, polpa e alum\u00ednio, vedante t\u00e9rmico, folha de alum\u00ednio, vedante sens\u00edvel \u00e0 press\u00e3o, polpa e poli e plastisol. Estas tampas s\u00e3o fabricadas na China por encomenda. Aguarde 1 a 2 semanas para o fabrico e a instala\u00e7\u00e3o regular do forro. Para encomendas com 5 ou mais caixas de cart\u00e3o, contacte-nos para obter informa\u00e7\u00f5es actualizadas sobre o tempo de produ\u00e7\u00e3o antes de efetuar uma encomenda. H\u00e1 muitos factores que devem ser considerados ao selecionar um revestimento para o seu produto. Reunimos abaixo algumas diretrizes gerais e de utiliza\u00e7\u00e3o comum. Tenha em aten\u00e7\u00e3o que estas s\u00e3o diretrizes gerais e n\u00e3o se destinam a recomenda\u00e7\u00f5es espec\u00edficas.<\/p>","protected":false},"featured_media":641,"template":"","meta":{"_kad_post_transparent":"default","_kad_post_title":"","_kad_post_layout":"default","_kad_post_sidebar_id":"","_kad_post_content_style":"default","_kad_post_vertical_padding":"default","_kad_post_feature":"","_kad_post_feature_position":"","_kad_post_header":false,"_kad_post_footer":false,"jetpack_publicize_message":"","jetpack_publicize_feature_enabled":true,"jetpack_social_post_already_shared":false,"jetpack_social_options":{"image_generator_settings":{"template":"highway","default_image_id":0,"enabled":false},"version":2}},"product_brand":[],"product_cat":[34],"product_tag":[189,249,248,247],"class_list":{"0":"post-640","1":"product","2":"type-product","3":"status-publish","4":"has-post-thumbnail","6":"product_cat-caps","7":"product_tag-aluminum-screw-cap","8":"product_tag-aluminum-screw-cap-with-foam-liner","9":"product_tag-brushed-aluminum-screw-cap","10":"product_tag-gold-aluminum-screw-cap","12":"first","13":"instock","14":"shipping-taxable","15":"product-type-simple","16":"entry","17":"content-bg","18":"loop-entry"},"aioseo_notices":[],"jetpack_publicize_connections":[],"jetpack_sharing_enabled":true,"_links":{"self":[{"href":"https:\/\/yingmeipack.com\/pt\/wp-json\/wp\/v2\/product\/640","targetHints":{"allow":["GET"]}}],"collection":[{"href":"https:\/\/yingmeipack.com\/pt\/wp-json\/wp\/v2\/product"}],"about":[{"href":"https:\/\/yingmeipack.com\/pt\/wp-json\/wp\/v2\/types\/product"}],"version-history":[{"count":2,"href":"https:\/\/yingmeipack.com\/pt\/wp-json\/wp\/v2\/product\/640\/revisions"}],"predecessor-version":[{"id":649,"href":"https:\/\/yingmeipack.com\/pt\/wp-json\/wp\/v2\/product\/640\/revisions\/649"}],"wp:featuredmedia":[{"embeddable":true,"href":"https:\/\/yingmeipack.com\/pt\/wp-json\/wp\/v2\/media\/641"}],"wp:attachment":[{"href":"https:\/\/yingmeipack.com\/pt\/wp-json\/wp\/v2\/media?parent=640"}],"wp:term":[{"taxonomy":"product_brand","embeddable":true,"href":"https:\/\/yingmeipack.com\/pt\/wp-json\/wp\/v2\/product_brand?post=640"},{"taxonomy":"product_cat","embeddable":true,"href":"https:\/\/yingmeipack.com\/pt\/wp-json\/wp\/v2\/product_cat?post=640"},{"taxonomy":"product_tag","embeddable":true,"href":"https:\/\/yingmeipack.com\/pt\/wp-json\/wp\/v2\/product_tag?post=640"}],"curies":[{"name":"wp","href":"https:\/\/api.w.org\/{rel}","templated":true}]}}