{"id":620,"date":"2022-11-26T03:00:20","date_gmt":"2022-11-26T03:00:20","guid":{"rendered":"https:\/\/yingmeipack.com\/?post_type=product&#038;p=620"},"modified":"2025-06-05T09:19:36","modified_gmt":"2025-06-05T09:19:36","slug":"180ml-6oz-black-round-screw-top-aluminum-tin-cans-containers","status":"publish","type":"product","link":"https:\/\/yingmeipack.com\/pt\/product\/180ml-6oz-black-round-screw-top-aluminum-tin-cans-containers\/","title":{"rendered":"Latas de alum\u00ednio com tampa de rosca preta redonda de 180 ml e 6 oz Recipientes para latas"},"content":{"rendered":"","protected":false},"excerpt":{"rendered":"<p>Estas latas redondas com tampa de rosca s\u00e3o feitas de alum\u00ednio de qualidade, leves em peso mas dur\u00e1veis em estrutura, resistentes \u00e0 corros\u00e3o e reutiliz\u00e1veis, podem ser aplicadas durante muito tempo; N\u00e3o h\u00e1 arestas pontiagudas \u00e0 volta deste frasco, todas as arestas s\u00e3o arredondadas e formadas sem problemas, n\u00e3o causar\u00e3o danos durante a utiliza\u00e7\u00e3o, pelo que pode aplic\u00e1-las com confian\u00e7a. Cada frasco de lata de alum\u00ednio vem com uma tampa de rosca, que \u00e9 \u00e0 prova de vazamentos e hermeticamente fechada para evitar o risco de vazamento ou derretimento, protegendo seus produtos da exposi\u00e7\u00e3o \u00e0 luz e alta temperatura, estendendo seu per\u00edodo de uso; Eles tamb\u00e9m s\u00e3o convenientes para abrir e fechar, economizando seu tempo e esfor\u00e7os. Nossos recipientes de lata de b\u00e1lsamo labial s\u00e3o ideais para armazenar b\u00e1lsamos labiais, velas, b\u00e1lsamo de barba caseiro, contas, bot\u00f5es, manteiga de barba, moedas, cremes, doces, pequenas j\u00f3ias e outros itens pequenos, o que lhe trar\u00e1 muita conveni\u00eancia na organiza\u00e7\u00e3o e armazenamento di\u00e1rios; Melhor usar lata diferente para armazenar itens diferentes para higiene. Cada lata mede aprox. 92*28mm, a sua capacidade \u00e9 de 6 on\u00e7as\/180 ml, tamanho adequado para uso di\u00e1rio. Com cores cl\u00e1ssicas, as latas redondas com tampa de rosca s\u00e3o simples e de estilo cl\u00e1ssico, que podem ser colocadas na mesa para decorar o seu quarto; Devido ao seu design bonito e fun\u00e7\u00e3o pr\u00e1tica, estas latas tamb\u00e9m podem ser bons recipientes para presentes pequenos para os seus doces, lembran\u00e7as de festas ou chocolates caseiros no casamento, anivers\u00e1rio e outras ocasi\u00f5es.<\/p>\n<div style=\"width: 1290px;\" class=\"wp-video\"><!--[if lt IE 9]><script>document.createElement('video');<\/script><![endif]--><br \/>\n<video class=\"wp-video-shortcode\" id=\"video-620-1\" width=\"1290\" height=\"726\" loop autoplay preload=\"auto\" controls=\"controls\"><source type=\"video\/mp4\" src=\"http:\/\/yingmeipack.com\/wp-content\/uploads\/2022\/11\/Matte-Black-Aluminum-Jar.mp4?_=1\" \/><a href=\"http:\/\/yingmeipack.com\/wp-content\/uploads\/2022\/11\/Matte-Black-Aluminum-Jar.mp4\">http:\/\/yingmeipack.com\/wp-content\/uploads\/2022\/11\/Matte-Black-Aluminum-Jar.mp4<\/a><\/video><\/div>","protected":false},"featured_media":621,"template":"","meta":{"_kad_post_transparent":"default","_kad_post_title":"","_kad_post_layout":"default","_kad_post_sidebar_id":"","_kad_post_content_style":"default","_kad_post_vertical_padding":"default","_kad_post_feature":"","_kad_post_feature_position":"","_kad_post_header":false,"_kad_post_footer":false,"jetpack_publicize_message":"","jetpack_publicize_feature_enabled":true,"jetpack_social_post_already_shared":false,"jetpack_social_options":{"image_generator_settings":{"template":"highway","default_image_id":0,"enabled":false},"version":2}},"product_brand":[],"product_cat":[28,24,27],"product_tag":[239,240,241,242],"class_list":{"0":"post-620","1":"product","2":"type-product","3":"status-publish","4":"has-post-thumbnail","6":"product_cat-aluminum-jars","7":"product_cat-jars","8":"product_cat-metal-jars","9":"product_tag-180ml-black-aluminum-tin","10":"product_tag-6oz-black-aluminum-tin","11":"product_tag-screw-top-aluminum-cans","12":"product_tag-screw-top-aluminum-containers","14":"first","15":"instock","16":"shipping-taxable","17":"purchasable","18":"product-type-simple","19":"entry","20":"content-bg","21":"loop-entry"},"aioseo_notices":[],"jetpack_publicize_connections":[],"jetpack_sharing_enabled":true,"_links":{"self":[{"href":"https:\/\/yingmeipack.com\/pt\/wp-json\/wp\/v2\/product\/620","targetHints":{"allow":["GET"]}}],"collection":[{"href":"https:\/\/yingmeipack.com\/pt\/wp-json\/wp\/v2\/product"}],"about":[{"href":"https:\/\/yingmeipack.com\/pt\/wp-json\/wp\/v2\/types\/product"}],"version-history":[{"count":1,"href":"https:\/\/yingmeipack.com\/pt\/wp-json\/wp\/v2\/product\/620\/revisions"}],"predecessor-version":[{"id":628,"href":"https:\/\/yingmeipack.com\/pt\/wp-json\/wp\/v2\/product\/620\/revisions\/628"}],"wp:featuredmedia":[{"embeddable":true,"href":"https:\/\/yingmeipack.com\/pt\/wp-json\/wp\/v2\/media\/621"}],"wp:attachment":[{"href":"https:\/\/yingmeipack.com\/pt\/wp-json\/wp\/v2\/media?parent=620"}],"wp:term":[{"taxonomy":"product_brand","embeddable":true,"href":"https:\/\/yingmeipack.com\/pt\/wp-json\/wp\/v2\/product_brand?post=620"},{"taxonomy":"product_cat","embeddable":true,"href":"https:\/\/yingmeipack.com\/pt\/wp-json\/wp\/v2\/product_cat?post=620"},{"taxonomy":"product_tag","embeddable":true,"href":"https:\/\/yingmeipack.com\/pt\/wp-json\/wp\/v2\/product_tag?post=620"}],"curies":[{"name":"wp","href":"https:\/\/api.w.org\/{rel}","templated":true}]}}