{"id":612,"date":"2022-11-26T02:45:07","date_gmt":"2022-11-26T02:45:07","guid":{"rendered":"https:\/\/yingmeipack.com\/?post_type=product&#038;p=612"},"modified":"2022-11-26T02:57:19","modified_gmt":"2022-11-26T02:57:19","slug":"bpa-free-empty-refillable-plastic-cosmetic-containers-jars","status":"publish","type":"product","link":"https:\/\/yingmeipack.com\/pt\/product\/bpa-free-empty-refillable-plastic-cosmetic-containers-jars\/","title":{"rendered":"Frascos de pl\u00e1stico vazios recarreg\u00e1veis sem BPA para cosm\u00e9ticos"},"content":{"rendered":"","protected":false},"excerpt":{"rendered":"<p>Material de alta qualidade: O corpo do recipiente \u00e9 feito de PET e a tampa \u00e9 feita de PP. Sem BPA. Dur\u00e1vel, n\u00e3o \u00e9 f\u00e1cil de partir, \u00e9 leve e reutiliz\u00e1vel. Ao mesmo tempo que garante a seguran\u00e7a dos materiais, tem tamb\u00e9m uma elevada resist\u00eancia qu\u00edmica e uma elevada resist\u00eancia ao impacto.<br \/>\nArruma\u00e7\u00e3o port\u00e1til: Latas de arruma\u00e7\u00e3o de lado reto, conjuntos m\u00faltiplos, f\u00e1ceis de embalar diferentes artigos. Estes pequenos recipientes s\u00e3o totalmente adequados para a sua mala de m\u00e3o, mochila ou saco de fitness. Podem ser guardados ou expostos na prateleira, o que \u00e9 muito pr\u00e1tico para transportar ou viajar.<br \/>\nDesign \u00e0 prova de fugas: conjunto de dez garrafas de 2 oz. Cada recipiente de pl\u00e1stico est\u00e1 equipado com uma tampa preta, uma junta de espuma e uma junta de m\u00e3o, para que o recipiente de pl\u00e1stico tenha um bom efeito de veda\u00e7\u00e3o.<br \/>\nDesign suave e redondo: O design em arco circular permite-lhe fazer bricolage com os diferentes estilos de latas que desejar e, ao mesmo tempo, garantir a sensa\u00e7\u00e3o de toque da m\u00e3o. No entanto, tenha em aten\u00e7\u00e3o que o papel para etiquetas n\u00e3o est\u00e1 inclu\u00eddo na embalagem.<br \/>\nDesign vertical de boca larga: O design de boca larga \u00e9 f\u00e1cil de guardar e transportar, e o design de boca rasa \u00e9 f\u00e1cil de limpar, mas evite a desinfe\u00e7\u00e3o a alta temperatura e n\u00e3o o coloque na m\u00e1quina de lavar lou\u00e7a.<\/p>","protected":false},"featured_media":613,"template":"","meta":{"_kad_post_transparent":"default","_kad_post_title":"","_kad_post_layout":"default","_kad_post_sidebar_id":"","_kad_post_content_style":"default","_kad_post_vertical_padding":"default","_kad_post_feature":"","_kad_post_feature_position":"","_kad_post_header":false,"_kad_post_footer":false,"jetpack_publicize_message":"","jetpack_publicize_feature_enabled":true,"jetpack_social_post_already_shared":false,"jetpack_social_options":{"image_generator_settings":{"template":"highway","default_image_id":0,"enabled":false},"version":2}},"product_brand":[],"product_cat":[19,24,20,25],"product_tag":[235,236,237,238],"class_list":{"0":"post-612","1":"product","2":"type-product","3":"status-publish","4":"has-post-thumbnail","6":"product_cat-bottles","7":"product_cat-jars","8":"product_cat-plastic-bottles","9":"product_cat-plastic-jars","10":"product_tag-bpa-free-plastic-jars","11":"product_tag-plastic-cosmetic-containers","12":"product_tag-plastic-cosmetic-jars","13":"product_tag-refillable-plastic-cosmetic-containers","15":"first","16":"instock","17":"shipping-taxable","18":"product-type-simple","19":"entry","20":"content-bg","21":"loop-entry"},"aioseo_notices":[],"jetpack_publicize_connections":[],"jetpack_sharing_enabled":true,"_links":{"self":[{"href":"https:\/\/yingmeipack.com\/pt\/wp-json\/wp\/v2\/product\/612","targetHints":{"allow":["GET"]}}],"collection":[{"href":"https:\/\/yingmeipack.com\/pt\/wp-json\/wp\/v2\/product"}],"about":[{"href":"https:\/\/yingmeipack.com\/pt\/wp-json\/wp\/v2\/types\/product"}],"version-history":[{"count":1,"href":"https:\/\/yingmeipack.com\/pt\/wp-json\/wp\/v2\/product\/612\/revisions"}],"predecessor-version":[{"id":619,"href":"https:\/\/yingmeipack.com\/pt\/wp-json\/wp\/v2\/product\/612\/revisions\/619"}],"wp:featuredmedia":[{"embeddable":true,"href":"https:\/\/yingmeipack.com\/pt\/wp-json\/wp\/v2\/media\/613"}],"wp:attachment":[{"href":"https:\/\/yingmeipack.com\/pt\/wp-json\/wp\/v2\/media?parent=612"}],"wp:term":[{"taxonomy":"product_brand","embeddable":true,"href":"https:\/\/yingmeipack.com\/pt\/wp-json\/wp\/v2\/product_brand?post=612"},{"taxonomy":"product_cat","embeddable":true,"href":"https:\/\/yingmeipack.com\/pt\/wp-json\/wp\/v2\/product_cat?post=612"},{"taxonomy":"product_tag","embeddable":true,"href":"https:\/\/yingmeipack.com\/pt\/wp-json\/wp\/v2\/product_tag?post=612"}],"curies":[{"name":"wp","href":"https:\/\/api.w.org\/{rel}","templated":true}]}}