{"id":605,"date":"2022-11-25T08:11:26","date_gmt":"2022-11-25T08:11:26","guid":{"rendered":"https:\/\/yingmeipack.com\/?post_type=product&#038;p=605"},"modified":"2025-09-03T02:44:12","modified_gmt":"2025-09-03T02:44:12","slug":"100ml-round-aluminum-cans-tin-screw-top-metal-lid-containers","status":"publish","type":"product","link":"https:\/\/yingmeipack.com\/pt\/product\/100ml-round-aluminum-cans-tin-screw-top-metal-lid-containers\/","title":{"rendered":"100ml Silver Aluminum Cans Screw Top Metal Lid Containers"},"content":{"rendered":"","protected":false},"excerpt":{"rendered":"<p>Um frasco de alum\u00ednio de 100 ml - muito leve e resistente. Os recipientes s\u00e3o revestidos com EPA (Epoxy Phenolic*) com esta resina especial no interior, pelo que o alum\u00ednio n\u00e3o entrar\u00e1 em contacto direto com o seu produto e, por conseguinte, n\u00e3o h\u00e1 qualquer possibilidade de rea\u00e7\u00e3o ou oxida\u00e7\u00e3o com o seu produto. O alum\u00ednio revestido a EP torna o frasco de alum\u00ednio adequado para a maioria dos tipos de produtos, incluindo produtos \u00e0 base de \u00e1gua, \u00e0 base de \u00f3leo e \u00e0 base de solventes. Este frasco de alum\u00ednio \u00e9 fornecido completo com uma tampa de alum\u00ednio, especificamente concebida para este frasco, para garantir uma veda\u00e7\u00e3o herm\u00e9tica. O alum\u00ednio \u00e9 totalmente recicl\u00e1vel, com um baixo consumo de calor. O baixo peso torna o alum\u00ednio ideal para o transporte. O alum\u00ednio n\u00e3o lixivia se for colocado num aterro sanit\u00e1rio.<\/p>","protected":false},"featured_media":3842,"template":"","meta":{"_kad_post_transparent":"default","_kad_post_title":"","_kad_post_layout":"default","_kad_post_sidebar_id":"","_kad_post_content_style":"default","_kad_post_vertical_padding":"default","_kad_post_feature":"","_kad_post_feature_position":"","_kad_post_header":false,"_kad_post_footer":false,"jetpack_publicize_message":"","jetpack_publicize_feature_enabled":true,"jetpack_social_post_already_shared":false,"jetpack_social_options":{"image_generator_settings":{"template":"highway","default_image_id":0,"enabled":false},"version":2}},"product_brand":[],"product_cat":[28,24,27],"product_tag":[717,207,233],"class_list":{"0":"post-605","1":"product","2":"type-product","3":"status-publish","4":"has-post-thumbnail","6":"product_cat-aluminum-jars","7":"product_cat-jars","8":"product_cat-metal-jars","9":"product_tag-100ml-silver-aluminum-can","10":"product_tag-round-aluminum-tins","11":"product_tag-screw-top-metal-containers","13":"first","14":"instock","15":"shipping-taxable","16":"purchasable","17":"product-type-simple","18":"entry","19":"content-bg","20":"loop-entry"},"aioseo_notices":[],"jetpack_publicize_connections":[],"jetpack_sharing_enabled":true,"_links":{"self":[{"href":"https:\/\/yingmeipack.com\/pt\/wp-json\/wp\/v2\/product\/605","targetHints":{"allow":["GET"]}}],"collection":[{"href":"https:\/\/yingmeipack.com\/pt\/wp-json\/wp\/v2\/product"}],"about":[{"href":"https:\/\/yingmeipack.com\/pt\/wp-json\/wp\/v2\/types\/product"}],"version-history":[{"count":3,"href":"https:\/\/yingmeipack.com\/pt\/wp-json\/wp\/v2\/product\/605\/revisions"}],"predecessor-version":[{"id":3849,"href":"https:\/\/yingmeipack.com\/pt\/wp-json\/wp\/v2\/product\/605\/revisions\/3849"}],"wp:featuredmedia":[{"embeddable":true,"href":"https:\/\/yingmeipack.com\/pt\/wp-json\/wp\/v2\/media\/3842"}],"wp:attachment":[{"href":"https:\/\/yingmeipack.com\/pt\/wp-json\/wp\/v2\/media?parent=605"}],"wp:term":[{"taxonomy":"product_brand","embeddable":true,"href":"https:\/\/yingmeipack.com\/pt\/wp-json\/wp\/v2\/product_brand?post=605"},{"taxonomy":"product_cat","embeddable":true,"href":"https:\/\/yingmeipack.com\/pt\/wp-json\/wp\/v2\/product_cat?post=605"},{"taxonomy":"product_tag","embeddable":true,"href":"https:\/\/yingmeipack.com\/pt\/wp-json\/wp\/v2\/product_tag?post=605"}],"curies":[{"name":"wp","href":"https:\/\/api.w.org\/{rel}","templated":true}]}}