{"id":586,"date":"2022-11-25T02:45:02","date_gmt":"2022-11-25T02:45:02","guid":{"rendered":"https:\/\/yingmeipack.com\/?post_type=product&#038;p=586"},"modified":"2025-06-05T09:23:44","modified_gmt":"2025-06-05T09:23:44","slug":"130ml-gold-aluminum-tin-jar-with-screw-lid-and-blank-labels","status":"publish","type":"product","link":"https:\/\/yingmeipack.com\/pt\/product\/130ml-gold-aluminum-tin-jar-with-screw-lid-and-blank-labels\/","title":{"rendered":"Frasco de alum\u00ednio dourado de 130 ml com tampa de rosca e etiquetas em branco"},"content":{"rendered":"","protected":false},"excerpt":{"rendered":"<p>Embalagem: Inclui 24 pe\u00e7as de latas redondas com tampa de rosca de cor dourada, embaladas em caixas f\u00e1ceis de abrir. A embalagem a granel satisfaz as suas utiliza\u00e7\u00f5es polivalentes.<br \/>\nTamanho: Mede 60 mm de di\u00e2metro, 43 mm de altura, Capacidade: 4,3 oz. \/ 130 ml<br \/>\nMaterial: Feito de alum\u00ednio, leve mas dur\u00e1vel, f\u00e1cil de transportar.<br \/>\nTampa de rosca: A tampa de rosca bem fechada elimina o risco de fugas ou derretimento e protege os seus produtos da exposi\u00e7\u00e3o \u00e0 luz e de temperaturas elevadas.<br \/>\nUtiliza\u00e7\u00f5es vers\u00e1teis: Excelentes recipientes para b\u00e1lsamos labiais, brilhos labiais, cremes, cosm\u00e9ticos, pomadas, comprimidos, missangas, parafusos, rebu\u00e7ados, bot\u00f5es, moedas, ervas, velas e muito mais.<\/p>","protected":false},"featured_media":587,"template":"","meta":{"_kad_post_transparent":"default","_kad_post_title":"","_kad_post_layout":"default","_kad_post_sidebar_id":"","_kad_post_content_style":"default","_kad_post_vertical_padding":"default","_kad_post_feature":"","_kad_post_feature_position":"","_kad_post_header":false,"_kad_post_footer":false,"jetpack_publicize_message":"","jetpack_publicize_feature_enabled":true,"jetpack_social_post_already_shared":false,"jetpack_social_options":{"image_generator_settings":{"template":"highway","default_image_id":0,"enabled":false},"version":2}},"product_brand":[],"product_cat":[28,24,27],"product_tag":[227,64,67,225,226],"class_list":{"0":"post-586","1":"product","2":"type-product","3":"status-publish","4":"has-post-thumbnail","6":"product_cat-aluminum-jars","7":"product_cat-jars","8":"product_cat-metal-jars","9":"product_tag-130ml-aluminum-jar","10":"product_tag-gold-aluminum-jar","11":"product_tag-gold-aluminum-tin","12":"product_tag-gold-aluminum-tin-jar-with-screw-lid","13":"product_tag-screw-lid-aluminum-tin","15":"first","16":"instock","17":"shipping-taxable","18":"purchasable","19":"product-type-simple","20":"entry","21":"content-bg","22":"loop-entry"},"aioseo_notices":[],"jetpack_publicize_connections":[],"jetpack_sharing_enabled":true,"_links":{"self":[{"href":"https:\/\/yingmeipack.com\/pt\/wp-json\/wp\/v2\/product\/586","targetHints":{"allow":["GET"]}}],"collection":[{"href":"https:\/\/yingmeipack.com\/pt\/wp-json\/wp\/v2\/product"}],"about":[{"href":"https:\/\/yingmeipack.com\/pt\/wp-json\/wp\/v2\/types\/product"}],"version-history":[{"count":1,"href":"https:\/\/yingmeipack.com\/pt\/wp-json\/wp\/v2\/product\/586\/revisions"}],"predecessor-version":[{"id":594,"href":"https:\/\/yingmeipack.com\/pt\/wp-json\/wp\/v2\/product\/586\/revisions\/594"}],"wp:featuredmedia":[{"embeddable":true,"href":"https:\/\/yingmeipack.com\/pt\/wp-json\/wp\/v2\/media\/587"}],"wp:attachment":[{"href":"https:\/\/yingmeipack.com\/pt\/wp-json\/wp\/v2\/media?parent=586"}],"wp:term":[{"taxonomy":"product_brand","embeddable":true,"href":"https:\/\/yingmeipack.com\/pt\/wp-json\/wp\/v2\/product_brand?post=586"},{"taxonomy":"product_cat","embeddable":true,"href":"https:\/\/yingmeipack.com\/pt\/wp-json\/wp\/v2\/product_cat?post=586"},{"taxonomy":"product_tag","embeddable":true,"href":"https:\/\/yingmeipack.com\/pt\/wp-json\/wp\/v2\/product_tag?post=586"}],"curies":[{"name":"wp","href":"https:\/\/api.w.org\/{rel}","templated":true}]}}