{"id":580,"date":"2022-11-25T02:18:09","date_gmt":"2022-11-25T02:18:09","guid":{"rendered":"https:\/\/yingmeipack.com\/?post_type=product&#038;p=580"},"modified":"2022-11-25T02:43:24","modified_gmt":"2022-11-25T02:43:24","slug":"25oz-750ml-screw-top-lid-round-aluminum-cans-tin-containers","status":"publish","type":"product","link":"https:\/\/yingmeipack.com\/pt\/product\/25oz-750ml-screw-top-lid-round-aluminum-cans-tin-containers\/","title":{"rendered":"Latas de alum\u00ednio redondas com tampa de rosca de 25 oz 750 ml Recipientes de lata"},"content":{"rendered":"","protected":false},"excerpt":{"rendered":"<p>Grande capacidade, \u00e9 de 750ml\/25oz, a dimens\u00e3o \u00e9 93*116 mm.<br \/>\nGuarda-se convenientemente no bolso, na mala ou na bolsa para um transporte f\u00e1cil quando se est\u00e1 em viagem.<br \/>\nDispon\u00edveis em prateado, n\u00e3o s\u00e3o vis\u00edveis e permitem guardar os seus artigos, manter as suas especiarias, caf\u00e9 e ch\u00e1s ou outros materiais frescos e protegidos.<br \/>\nO nosso frasco herm\u00e9tico \u00e9 fabricado em liga de alum\u00ednio de alta qualidade. Foi fabricado com uma espessura especial para resistir a choques e quedas, mantendo os seus bens seguros mesmo quando em viagem.<br \/>\nN\u00e3o se preocupe com cheiros ou odores provenientes deste frasco. Mant\u00e9m o interior seguro. Perfeito para guardar os seus objectos de cheiro forte.<br \/>\nEstamos sempre a trabalhar arduamente para satisfazer 100% a sua satisfa\u00e7\u00e3o. Se tiver algum problema ou preocupa\u00e7\u00e3o, n\u00e3o hesite em contactar-nos e o nosso apoio ao cliente mais simp\u00e1tico est\u00e1 ao seu dispor.<\/p>","protected":false},"featured_media":581,"template":"","meta":{"_kad_post_transparent":"default","_kad_post_title":"","_kad_post_layout":"default","_kad_post_sidebar_id":"","_kad_post_content_style":"default","_kad_post_vertical_padding":"default","_kad_post_feature":"","_kad_post_feature_position":"","_kad_post_header":false,"_kad_post_footer":false,"jetpack_publicize_message":"","jetpack_publicize_feature_enabled":true,"jetpack_social_post_already_shared":false,"jetpack_social_options":{"image_generator_settings":{"template":"highway","default_image_id":0,"enabled":false},"version":2}},"product_brand":[],"product_cat":[28,24,27],"product_tag":[223,224,208,207],"class_list":{"0":"post-580","1":"product","2":"type-product","3":"status-publish","4":"has-post-thumbnail","6":"product_cat-aluminum-jars","7":"product_cat-jars","8":"product_cat-metal-jars","9":"product_tag-25oz-round-aluminum-cans","10":"product_tag-750ml-round-aluminum-cans","11":"product_tag-round-aluminum-containers","12":"product_tag-round-aluminum-tins","14":"first","15":"instock","16":"shipping-taxable","17":"product-type-simple","18":"entry","19":"content-bg","20":"loop-entry"},"aioseo_notices":[],"jetpack_publicize_connections":[],"jetpack_sharing_enabled":true,"_links":{"self":[{"href":"https:\/\/yingmeipack.com\/pt\/wp-json\/wp\/v2\/product\/580","targetHints":{"allow":["GET"]}}],"collection":[{"href":"https:\/\/yingmeipack.com\/pt\/wp-json\/wp\/v2\/product"}],"about":[{"href":"https:\/\/yingmeipack.com\/pt\/wp-json\/wp\/v2\/types\/product"}],"version-history":[{"count":1,"href":"https:\/\/yingmeipack.com\/pt\/wp-json\/wp\/v2\/product\/580\/revisions"}],"predecessor-version":[{"id":585,"href":"https:\/\/yingmeipack.com\/pt\/wp-json\/wp\/v2\/product\/580\/revisions\/585"}],"wp:featuredmedia":[{"embeddable":true,"href":"https:\/\/yingmeipack.com\/pt\/wp-json\/wp\/v2\/media\/581"}],"wp:attachment":[{"href":"https:\/\/yingmeipack.com\/pt\/wp-json\/wp\/v2\/media?parent=580"}],"wp:term":[{"taxonomy":"product_brand","embeddable":true,"href":"https:\/\/yingmeipack.com\/pt\/wp-json\/wp\/v2\/product_brand?post=580"},{"taxonomy":"product_cat","embeddable":true,"href":"https:\/\/yingmeipack.com\/pt\/wp-json\/wp\/v2\/product_cat?post=580"},{"taxonomy":"product_tag","embeddable":true,"href":"https:\/\/yingmeipack.com\/pt\/wp-json\/wp\/v2\/product_tag?post=580"}],"curies":[{"name":"wp","href":"https:\/\/api.w.org\/{rel}","templated":true}]}}