{"id":572,"date":"2022-11-24T13:58:44","date_gmt":"2022-11-24T13:58:44","guid":{"rendered":"https:\/\/yingmeipack.com\/?post_type=product&#038;p=572"},"modified":"2022-11-25T02:15:10","modified_gmt":"2022-11-25T02:15:10","slug":"reusable-plastic-empty-portable-compact-case-with-mirror","status":"publish","type":"product","link":"https:\/\/yingmeipack.com\/pt\/product\/reusable-plastic-empty-portable-compact-case-with-mirror\/","title":{"rendered":"Mala compacta port\u00e1til vazia de pl\u00e1stico reutiliz\u00e1vel com espelho"},"content":{"rendered":"","protected":false},"excerpt":{"rendered":"<p>Leve e fino - A espessura do recipiente para p\u00f3 de viagem \u00e9 de apenas 0,59 polegadas. O tamanho mini apropriado \u00e9 \u00f3timo para embalar o p\u00f3 no seu estojo ou saco de toilette. \u00c9 conveniente para maquiagem a qualquer momento com espelhos de alta defini\u00e7\u00e3o, h\u00e1 um filme no espelho para evitar arranh\u00f5es, por favor, arranque-o antes de usar.<br \/>\nPr\u00e1tico de utilizar - Os compactos vazios de p\u00f3 solto t\u00eam uma abertura larga para encher facilmente e t\u00eam um crivo de rede el\u00e1stico. N\u00e3o \u00e9 necess\u00e1rio agitar a rede el\u00e1stica, basta pressionar ligeiramente para apanhar o p\u00f3. Pode efetivamente poupar mais p\u00f3.<br \/>\nManeira f\u00e1cil de aplicar a base - Basta colar um pouco de p\u00f3 e aplicar ligeira e uniformemente no rosto, e a base estar\u00e1 terminada. Pode aplicar a maquilhagem em qualquer lugar. Os nossos puffs de maquilhagem em p\u00f3 s\u00e3o feitos de algod\u00e3o, s\u00e3o macios, respir\u00e1veis e lav\u00e1veis, n\u00e3o absorvem a base.<br \/>\nAnti-fuga: O recipiente para p\u00f3 com design de sopro e anti-fugas, garante um transporte seguro e conveniente. A capacidade \u00e9 de 5 ml\/0,17 oz, o tamanho \u00e9 de 3 polegadas (di\u00e2metro) \u00d7 0,63 polegadas (altura), \u00f3timo para viagens.<br \/>\nUtiliza\u00e7\u00e3o alargada: O recipiente para p\u00f3 de maquilhagem serve como uma ferramenta \u00fatil para armazenar cosm\u00e9ticos ou misturar o seu pr\u00f3prio p\u00f3, ideal para p\u00f3 solto, purpurina, blush, etc. Se tiver alguma d\u00favida, contacte-nos primeiro, temos um servi\u00e7o de apoio ao cliente 24 horas por dia, 7 dias por semana, e oferecemos um servi\u00e7o de substitui\u00e7\u00e3o gratuito de um ano para todos os nossos artigos.<\/p>","protected":false},"featured_media":573,"template":"","meta":{"_kad_post_transparent":"default","_kad_post_title":"","_kad_post_layout":"default","_kad_post_sidebar_id":"","_kad_post_content_style":"default","_kad_post_vertical_padding":"default","_kad_post_feature":"","_kad_post_feature_position":"","_kad_post_header":false,"_kad_post_footer":false,"jetpack_publicize_message":"","jetpack_publicize_feature_enabled":true,"jetpack_social_post_already_shared":false,"jetpack_social_options":{"image_generator_settings":{"template":"highway","default_image_id":0,"enabled":false},"version":2}},"product_brand":[],"product_cat":[37],"product_tag":[219,218,221,222,220],"class_list":{"0":"post-572","1":"product","2":"type-product","3":"status-publish","4":"has-post-thumbnail","6":"product_cat-compacts","7":"product_tag-compact-case-with-mirror","8":"product_tag-empty-compact-case","9":"product_tag-plastic-compact-case","10":"product_tag-portable-compact-case","11":"product_tag-reusable-compact-case","13":"first","14":"instock","15":"shipping-taxable","16":"product-type-simple","17":"entry","18":"content-bg","19":"loop-entry"},"aioseo_notices":[],"jetpack_publicize_connections":[],"jetpack_sharing_enabled":true,"_links":{"self":[{"href":"https:\/\/yingmeipack.com\/pt\/wp-json\/wp\/v2\/product\/572","targetHints":{"allow":["GET"]}}],"collection":[{"href":"https:\/\/yingmeipack.com\/pt\/wp-json\/wp\/v2\/product"}],"about":[{"href":"https:\/\/yingmeipack.com\/pt\/wp-json\/wp\/v2\/types\/product"}],"version-history":[{"count":1,"href":"https:\/\/yingmeipack.com\/pt\/wp-json\/wp\/v2\/product\/572\/revisions"}],"predecessor-version":[{"id":579,"href":"https:\/\/yingmeipack.com\/pt\/wp-json\/wp\/v2\/product\/572\/revisions\/579"}],"wp:featuredmedia":[{"embeddable":true,"href":"https:\/\/yingmeipack.com\/pt\/wp-json\/wp\/v2\/media\/573"}],"wp:attachment":[{"href":"https:\/\/yingmeipack.com\/pt\/wp-json\/wp\/v2\/media?parent=572"}],"wp:term":[{"taxonomy":"product_brand","embeddable":true,"href":"https:\/\/yingmeipack.com\/pt\/wp-json\/wp\/v2\/product_brand?post=572"},{"taxonomy":"product_cat","embeddable":true,"href":"https:\/\/yingmeipack.com\/pt\/wp-json\/wp\/v2\/product_cat?post=572"},{"taxonomy":"product_tag","embeddable":true,"href":"https:\/\/yingmeipack.com\/pt\/wp-json\/wp\/v2\/product_tag?post=572"}],"curies":[{"name":"wp","href":"https:\/\/api.w.org\/{rel}","templated":true}]}}