{"id":548,"date":"2022-11-24T02:33:45","date_gmt":"2022-11-24T02:33:45","guid":{"rendered":"https:\/\/yingmeipack.com\/?post_type=product&#038;p=548"},"modified":"2025-06-13T02:35:39","modified_gmt":"2025-06-13T02:35:39","slug":"250ml-screw-top-lid-jars-round-aluminum-tin-container-cans","status":"publish","type":"product","link":"https:\/\/yingmeipack.com\/pt\/product\/250ml-screw-top-lid-jars-round-aluminum-tin-container-cans\/","title":{"rendered":"Frascos com tampa de rosca de 250 ml Frascos redondos de alum\u00ednio para recipientes de lata"},"content":{"rendered":"","protected":false},"excerpt":{"rendered":"<p>Estes recipientes de lata de 250 ml pertencem \u00e0s latas de tamanho maior dispon\u00edveis na nossa loja virtual. Com um di\u00e2metro de 100 mm e uma altura de 42 mm, estas latas vazias t\u00eam um grande volume, mas s\u00e3o relativamente compactas. Todos os nossos pequenos recipientes de metal foram fabricados com uma \u00fanica folha de alum\u00ednio de alta qualidade. Isto faz com que as nossas latas sem costura 100% sejam seguras para alimentos e sem BPA. Este modelo de latas de metal \u00e9 normalmente utilizado nas ind\u00fastrias cosm\u00e9tica, alimentar e m\u00e9dica. Com os seus revestimentos EPE, estas latas impedem a entrada de ar e humidade. Isto proteger\u00e1 totalmente o seu produto, independentemente do ambiente.<br \/>\nCom as suas tampas de rosca, estes recipientes de lata podem ser facilmente abertos e fechados. Isto permite-lhe abrir e fechar os seus materiais de embalagem v\u00e1rias vezes sem perda de qualidade. Al\u00e9m disso, os nossos pequenos recipientes de metal foram acabados com rebordos enrolados. Gra\u00e7as a isto, n\u00e3o existem arestas vivas, o que os torna seguros para a utiliza\u00e7\u00e3o di\u00e1ria. Com o seu tamanho relativamente grande, estas latas s\u00e3o \u00f3ptimas para guardar cosm\u00e9ticos ou produtos alimentares, como bolachas, doces, ervas ou ch\u00e1.<\/p>\n<div style=\"width: 1280px;\" class=\"wp-video\"><!--[if lt IE 9]><script>document.createElement('video');<\/script><![endif]--><br \/>\n<video class=\"wp-video-shortcode\" id=\"video-548-1\" width=\"1280\" height=\"720\" loop autoplay preload=\"metadata\" controls=\"controls\"><source type=\"video\/mp4\" src=\"http:\/\/yingmeipack.com\/wp-content\/uploads\/2022\/11\/Aluminum-Cosmetics-Jar.mp4?_=1\" \/><a href=\"http:\/\/yingmeipack.com\/wp-content\/uploads\/2022\/11\/Aluminum-Cosmetics-Jar.mp4\">http:\/\/yingmeipack.com\/wp-content\/uploads\/2022\/11\/Aluminum-Cosmetics-Jar.mp4<\/a><\/video><\/div>","protected":false},"featured_media":549,"template":"","meta":{"_kad_post_transparent":"default","_kad_post_title":"","_kad_post_layout":"default","_kad_post_sidebar_id":"","_kad_post_content_style":"default","_kad_post_vertical_padding":"default","_kad_post_feature":"","_kad_post_feature_position":"","_kad_post_header":false,"_kad_post_footer":false,"jetpack_publicize_message":"","jetpack_publicize_feature_enabled":true,"jetpack_social_post_already_shared":false,"jetpack_social_options":{"image_generator_settings":{"template":"highway","default_image_id":0,"enabled":false},"version":2}},"product_brand":[],"product_cat":[28,24,27],"product_tag":[206,209,208,207],"class_list":{"0":"post-548","1":"product","2":"type-product","3":"status-publish","4":"has-post-thumbnail","6":"product_cat-aluminum-jars","7":"product_cat-jars","8":"product_cat-metal-jars","9":"product_tag-250ml-screw-top-tins","10":"product_tag-round-aluminum-cans","11":"product_tag-round-aluminum-containers","12":"product_tag-round-aluminum-tins","14":"first","15":"instock","16":"shipping-taxable","17":"purchasable","18":"product-type-simple","19":"entry","20":"content-bg","21":"loop-entry"},"aioseo_notices":[],"jetpack_publicize_connections":[],"jetpack_sharing_enabled":true,"_links":{"self":[{"href":"https:\/\/yingmeipack.com\/pt\/wp-json\/wp\/v2\/product\/548","targetHints":{"allow":["GET"]}}],"collection":[{"href":"https:\/\/yingmeipack.com\/pt\/wp-json\/wp\/v2\/product"}],"about":[{"href":"https:\/\/yingmeipack.com\/pt\/wp-json\/wp\/v2\/types\/product"}],"version-history":[{"count":1,"href":"https:\/\/yingmeipack.com\/pt\/wp-json\/wp\/v2\/product\/548\/revisions"}],"predecessor-version":[{"id":553,"href":"https:\/\/yingmeipack.com\/pt\/wp-json\/wp\/v2\/product\/548\/revisions\/553"}],"wp:featuredmedia":[{"embeddable":true,"href":"https:\/\/yingmeipack.com\/pt\/wp-json\/wp\/v2\/media\/549"}],"wp:attachment":[{"href":"https:\/\/yingmeipack.com\/pt\/wp-json\/wp\/v2\/media?parent=548"}],"wp:term":[{"taxonomy":"product_brand","embeddable":true,"href":"https:\/\/yingmeipack.com\/pt\/wp-json\/wp\/v2\/product_brand?post=548"},{"taxonomy":"product_cat","embeddable":true,"href":"https:\/\/yingmeipack.com\/pt\/wp-json\/wp\/v2\/product_cat?post=548"},{"taxonomy":"product_tag","embeddable":true,"href":"https:\/\/yingmeipack.com\/pt\/wp-json\/wp\/v2\/product_tag?post=548"}],"curies":[{"name":"wp","href":"https:\/\/api.w.org\/{rel}","templated":true}]}}