{"id":539,"date":"2022-11-24T02:14:52","date_gmt":"2022-11-24T02:14:52","guid":{"rendered":"https:\/\/yingmeipack.com\/?post_type=product&#038;p=539"},"modified":"2022-11-24T02:31:27","modified_gmt":"2022-11-24T02:31:27","slug":"210ml-empty-refillable-reusable-mist-spray-transparent-bottle","status":"publish","type":"product","link":"https:\/\/yingmeipack.com\/pt\/product\/210ml-empty-refillable-reusable-mist-spray-transparent-bottle\/","title":{"rendered":"Garrafa transparente de 210 ml vazia, recarreg\u00e1vel e reutiliz\u00e1vel para pulveriza\u00e7\u00e3o de n\u00e9voa"},"content":{"rendered":"","protected":false},"excerpt":{"rendered":"<p>O nosso frasco de spray de n\u00e9voa vazio PET \u00e9 100% sem BPA. \u00c9 recicl\u00e1vel, reutiliz\u00e1vel e seguro para o ambiente. Trata-se de uma garrafa PET transparente com bocal de pulveriza\u00e7\u00e3o PP branco com uma capacidade de armazenamento de 210 ml. Esta garrafa \u00e9 bastante pr\u00e1tica de utilizar e transportar devido ao seu tamanho compacto. Este produto pode ser utilizado em todas as suas actividades di\u00e1rias, desde a utiliza\u00e7\u00e3o para desinfectantes para as m\u00e3os, \u00e0 utiliza\u00e7\u00e3o para guardar medicamentos, etc. Pode ser transportado na mala, bolsas e bolsos, etc., e tamb\u00e9m pode ser utilizado em casa para atender os convidados. Este frasco de spray de n\u00e9voa \u00e9 \u00f3timo para casa, casa de banho, cozinha, aromaterapia e viagens. Este produto tamb\u00e9m pode ser utilizado para armazenar e utilizar \u00e1lcool medicinal, \u00f3leos essenciais, desinfetante para as m\u00e3os \u00e0 base de \u00e1lcool, produtos de beleza, laca para o cabelo, artigos de limpeza, \u00f3leos para cozinhar e cuidados pessoais.<\/p>","protected":false},"featured_media":541,"template":"","meta":{"_kad_post_transparent":"default","_kad_post_title":"","_kad_post_layout":"default","_kad_post_sidebar_id":"","_kad_post_content_style":"default","_kad_post_vertical_padding":"default","_kad_post_feature":"","_kad_post_feature_position":"","_kad_post_header":false,"_kad_post_footer":false,"jetpack_publicize_message":"","jetpack_publicize_feature_enabled":true,"jetpack_social_post_already_shared":false,"jetpack_social_options":{"image_generator_settings":{"template":"highway","default_image_id":0,"enabled":false},"version":2}},"product_brand":[],"product_cat":[19,20],"product_tag":[205,203,204,202,201],"class_list":{"0":"post-539","1":"product","2":"type-product","3":"status-publish","4":"has-post-thumbnail","6":"product_cat-bottles","7":"product_cat-plastic-bottles","8":"product_tag-210ml-spray-bottle","9":"product_tag-empty-mist-spray-bottle","10":"product_tag-refillable-mist-spray-bottle","11":"product_tag-spray-bottle","12":"product_tag-spray-transparent-bottle","14":"first","15":"instock","16":"shipping-taxable","17":"product-type-simple","18":"entry","19":"content-bg","20":"loop-entry"},"aioseo_notices":[],"jetpack_publicize_connections":[],"jetpack_sharing_enabled":true,"_links":{"self":[{"href":"https:\/\/yingmeipack.com\/pt\/wp-json\/wp\/v2\/product\/539","targetHints":{"allow":["GET"]}}],"collection":[{"href":"https:\/\/yingmeipack.com\/pt\/wp-json\/wp\/v2\/product"}],"about":[{"href":"https:\/\/yingmeipack.com\/pt\/wp-json\/wp\/v2\/types\/product"}],"version-history":[{"count":1,"href":"https:\/\/yingmeipack.com\/pt\/wp-json\/wp\/v2\/product\/539\/revisions"}],"predecessor-version":[{"id":547,"href":"https:\/\/yingmeipack.com\/pt\/wp-json\/wp\/v2\/product\/539\/revisions\/547"}],"wp:featuredmedia":[{"embeddable":true,"href":"https:\/\/yingmeipack.com\/pt\/wp-json\/wp\/v2\/media\/541"}],"wp:attachment":[{"href":"https:\/\/yingmeipack.com\/pt\/wp-json\/wp\/v2\/media?parent=539"}],"wp:term":[{"taxonomy":"product_brand","embeddable":true,"href":"https:\/\/yingmeipack.com\/pt\/wp-json\/wp\/v2\/product_brand?post=539"},{"taxonomy":"product_cat","embeddable":true,"href":"https:\/\/yingmeipack.com\/pt\/wp-json\/wp\/v2\/product_cat?post=539"},{"taxonomy":"product_tag","embeddable":true,"href":"https:\/\/yingmeipack.com\/pt\/wp-json\/wp\/v2\/product_tag?post=539"}],"curies":[{"name":"wp","href":"https:\/\/api.w.org\/{rel}","templated":true}]}}