{"id":529,"date":"2022-11-23T12:48:34","date_gmt":"2022-11-23T12:48:34","guid":{"rendered":"https:\/\/yingmeipack.com\/?post_type=product&#038;p=529"},"modified":"2022-11-23T13:04:26","modified_gmt":"2022-11-23T13:04:26","slug":"550ml-aluminum-cosmetic-jars-tins-cans-with-screw-cap-lid","status":"publish","type":"product","link":"https:\/\/yingmeipack.com\/pt\/product\/550ml-aluminum-cosmetic-jars-tins-cans-with-screw-cap-lid\/","title":{"rendered":"Frascos de alum\u00ednio para cosm\u00e9ticos de 550 ml Latas com tampa de rosca"},"content":{"rendered":"","protected":false},"excerpt":{"rendered":"<p>Este frasco de alum\u00ednio para cosm\u00e9ticos \u00e9 feito de alum\u00ednio na cor preta mate, a dimens\u00e3o deste frasco \u00e9 83\u00d7101 mm, a capacidade \u00e9 550ml. \u00c9 leve para um transporte f\u00e1cil e c\u00f3modo. A tampa de rosca \u00e9 adequada para uma veda\u00e7\u00e3o estanque. Embalagem a granel para utiliza\u00e7\u00e3o polivalente. Estas latas n\u00e3o t\u00eam arestas vivas, todas as arestas s\u00e3o arredondadas e t\u00eam uma forma perfeita. Estas latas de arruma\u00e7\u00e3o podem organizar muitos artigos pequenos e ajud\u00e1-lo a manter afastado o inc\u00f3modo da desarruma\u00e7\u00e3o, enquanto os pode transportar e guardar facilmente. S\u00e3o os recipientes ideais para casa, escrit\u00f3rio, oficina, arruma\u00e7\u00e3o escolar e a escolha perfeita para artesanato, algod\u00e3o, ganchos, missangas, bot\u00f5es, moedas, alfinetes, parafusos, apagar, laca e outros artigos pequenos. Tamb\u00e9m s\u00e3o adequados para armazenar lodo, fazer velas e artesanato DIY. Os clientes podem personalizar quaisquer pormenores de acordo com os seus pr\u00f3prios pedidos.<\/p>\n<div style=\"width: 1290px;\" class=\"wp-video\"><!--[if lt IE 9]><script>document.createElement('video');<\/script><![endif]--><br \/>\n<video class=\"wp-video-shortcode\" id=\"video-529-1\" width=\"1290\" height=\"726\" loop autoplay preload=\"auto\" controls=\"controls\"><source type=\"video\/mp4\" src=\"http:\/\/yingmeipack.com\/wp-content\/uploads\/2022\/11\/550ml-matte-black-aluminum-screw-lid-jar.mp4?_=1\" \/><a href=\"http:\/\/yingmeipack.com\/wp-content\/uploads\/2022\/11\/550ml-matte-black-aluminum-screw-lid-jar.mp4\">http:\/\/yingmeipack.com\/wp-content\/uploads\/2022\/11\/550ml-matte-black-aluminum-screw-lid-jar.mp4<\/a><\/video><\/div>","protected":false},"featured_media":530,"template":"","meta":{"_kad_post_transparent":"default","_kad_post_title":"","_kad_post_layout":"default","_kad_post_sidebar_id":"","_kad_post_content_style":"default","_kad_post_vertical_padding":"default","_kad_post_feature":"","_kad_post_feature_position":"","_kad_post_header":false,"_kad_post_footer":false,"jetpack_publicize_message":"","jetpack_publicize_feature_enabled":true,"jetpack_social_post_already_shared":false,"jetpack_social_options":{"image_generator_settings":{"template":"highway","default_image_id":0,"enabled":false},"version":2}},"product_brand":[],"product_cat":[28,24,27],"product_tag":[200,199,197,198],"class_list":{"0":"post-529","1":"product","2":"type-product","3":"status-publish","4":"has-post-thumbnail","6":"product_cat-aluminum-jars","7":"product_cat-jars","8":"product_cat-metal-jars","9":"product_tag-550ml-aluminum-jars","10":"product_tag-aluminum-cosmetic-cans","11":"product_tag-aluminum-cosmetic-jars","12":"product_tag-aluminum-cosmetic-tins","14":"first","15":"instock","16":"shipping-taxable","17":"product-type-simple","18":"entry","19":"content-bg","20":"loop-entry"},"aioseo_notices":[],"jetpack_publicize_connections":[],"jetpack_sharing_enabled":true,"_links":{"self":[{"href":"https:\/\/yingmeipack.com\/pt\/wp-json\/wp\/v2\/product\/529","targetHints":{"allow":["GET"]}}],"collection":[{"href":"https:\/\/yingmeipack.com\/pt\/wp-json\/wp\/v2\/product"}],"about":[{"href":"https:\/\/yingmeipack.com\/pt\/wp-json\/wp\/v2\/types\/product"}],"version-history":[{"count":2,"href":"https:\/\/yingmeipack.com\/pt\/wp-json\/wp\/v2\/product\/529\/revisions"}],"predecessor-version":[{"id":538,"href":"https:\/\/yingmeipack.com\/pt\/wp-json\/wp\/v2\/product\/529\/revisions\/538"}],"wp:featuredmedia":[{"embeddable":true,"href":"https:\/\/yingmeipack.com\/pt\/wp-json\/wp\/v2\/media\/530"}],"wp:attachment":[{"href":"https:\/\/yingmeipack.com\/pt\/wp-json\/wp\/v2\/media?parent=529"}],"wp:term":[{"taxonomy":"product_brand","embeddable":true,"href":"https:\/\/yingmeipack.com\/pt\/wp-json\/wp\/v2\/product_brand?post=529"},{"taxonomy":"product_cat","embeddable":true,"href":"https:\/\/yingmeipack.com\/pt\/wp-json\/wp\/v2\/product_cat?post=529"},{"taxonomy":"product_tag","embeddable":true,"href":"https:\/\/yingmeipack.com\/pt\/wp-json\/wp\/v2\/product_tag?post=529"}],"curies":[{"name":"wp","href":"https:\/\/api.w.org\/{rel}","templated":true}]}}