{"id":515,"date":"2022-11-23T08:13:09","date_gmt":"2022-11-23T08:13:09","guid":{"rendered":"https:\/\/yingmeipack.com\/?post_type=product&#038;p=515"},"modified":"2022-11-23T12:43:23","modified_gmt":"2022-11-23T12:43:23","slug":"custom-130ml-empty-green-plastic-cosmetic-jar-lotion-bottle","status":"publish","type":"product","link":"https:\/\/yingmeipack.com\/pt\/product\/custom-130ml-empty-green-plastic-cosmetic-jar-lotion-bottle\/","title":{"rendered":"Frasco de cosm\u00e9tico de pl\u00e1stico verde vazio personalizado de 130 ml Frasco de lo\u00e7\u00e3o"},"content":{"rendered":"","protected":false},"excerpt":{"rendered":"<p>Medidas: Altura - 34mm x Di\u00e2metro - 70mm.<br \/>\nArmazenamento vers\u00e1til para todos os artigos para os quais precisa de um frasco herm\u00e9tico! Estes frascos fazem tudo!<br \/>\nA prova de ar, de fugas e de cheiro, o ajuste preciso destes frascos \u00e9 ideal para cosm\u00e9tica e uso pessoal.<br \/>\nOs frascos recarreg\u00e1veis s\u00e3o f\u00e1ceis de limpar, reutilizar e reciclar.<br \/>\nO verde escuro evita que os produtos foto-sens\u00edveis sejam danificados pela luz solar.<\/p>\n<p>Se procura uma solu\u00e7\u00e3o para os seus problemas de armazenamento, este \u00e9 o recipiente certo para si. Este frasco de pl\u00e1stico de alta qualidade pode ser lavado na m\u00e1quina de lavar lou\u00e7a e no micro-ondas. O corpo f\u00e1cil de abrir e utilizar do recipiente ajuda-o a identificar facilmente o conte\u00fado no interior, tornando-o assim um recipiente de armazenamento conveniente para a sua cozinha. O recipiente mant\u00e9m a frescura dos alimentos intacta e isenta de odores. \u00c9 uma caixa f\u00e1cil de viajar com a sua tampa leve e herm\u00e9tica. A caixa \u00e9 fabricada por n\u00f3s, garantindo assim a qualidade do produto. Compre com confian\u00e7a connosco, pois vendemos uma mercadoria de melhoramento da casa a cada 45 segundos, tornando-nos o principal destino de mobili\u00e1rio e decora\u00e7\u00e3o da \u00cdndia.<\/p>","protected":false},"featured_media":516,"template":"","meta":{"_kad_post_transparent":"default","_kad_post_title":"","_kad_post_layout":"default","_kad_post_sidebar_id":"","_kad_post_content_style":"default","_kad_post_vertical_padding":"default","_kad_post_feature":"","_kad_post_feature_position":"","_kad_post_header":false,"_kad_post_footer":false,"jetpack_publicize_message":"","jetpack_publicize_feature_enabled":true,"jetpack_social_post_already_shared":false,"jetpack_social_options":{"image_generator_settings":{"template":"highway","default_image_id":0,"enabled":false},"version":2}},"product_brand":[],"product_cat":[19,24,20,25],"product_tag":[193,190,191,192],"class_list":{"0":"post-515","1":"product","2":"type-product","3":"status-publish","4":"has-post-thumbnail","6":"product_cat-bottles","7":"product_cat-jars","8":"product_cat-plastic-bottles","9":"product_cat-plastic-jars","10":"product_tag-130ml-plastic-jar","11":"product_tag-empty-green-plastic-cosmetic-jar","12":"product_tag-empty-plastic-cosmetic-jar","13":"product_tag-green-plastic-cosmetic-jar","15":"first","16":"instock","17":"shipping-taxable","18":"product-type-simple","19":"entry","20":"content-bg","21":"loop-entry"},"aioseo_notices":[],"jetpack_publicize_connections":[],"jetpack_sharing_enabled":true,"_links":{"self":[{"href":"https:\/\/yingmeipack.com\/pt\/wp-json\/wp\/v2\/product\/515","targetHints":{"allow":["GET"]}}],"collection":[{"href":"https:\/\/yingmeipack.com\/pt\/wp-json\/wp\/v2\/product"}],"about":[{"href":"https:\/\/yingmeipack.com\/pt\/wp-json\/wp\/v2\/types\/product"}],"version-history":[{"count":1,"href":"https:\/\/yingmeipack.com\/pt\/wp-json\/wp\/v2\/product\/515\/revisions"}],"predecessor-version":[{"id":522,"href":"https:\/\/yingmeipack.com\/pt\/wp-json\/wp\/v2\/product\/515\/revisions\/522"}],"wp:featuredmedia":[{"embeddable":true,"href":"https:\/\/yingmeipack.com\/pt\/wp-json\/wp\/v2\/media\/516"}],"wp:attachment":[{"href":"https:\/\/yingmeipack.com\/pt\/wp-json\/wp\/v2\/media?parent=515"}],"wp:term":[{"taxonomy":"product_brand","embeddable":true,"href":"https:\/\/yingmeipack.com\/pt\/wp-json\/wp\/v2\/product_brand?post=515"},{"taxonomy":"product_cat","embeddable":true,"href":"https:\/\/yingmeipack.com\/pt\/wp-json\/wp\/v2\/product_cat?post=515"},{"taxonomy":"product_tag","embeddable":true,"href":"https:\/\/yingmeipack.com\/pt\/wp-json\/wp\/v2\/product_tag?post=515"}],"curies":[{"name":"wp","href":"https:\/\/api.w.org\/{rel}","templated":true}]}}