{"id":498,"date":"2022-11-23T02:07:30","date_gmt":"2022-11-23T02:07:30","guid":{"rendered":"https:\/\/yingmeipack.com\/?post_type=product&#038;p=498"},"modified":"2025-06-05T09:28:06","modified_gmt":"2025-06-05T09:28:06","slug":"4-oz-aluminum-cans-120ml-screw-lid-storage-tins-containers","status":"publish","type":"product","link":"https:\/\/yingmeipack.com\/pt\/product\/4-oz-aluminum-cans-120ml-screw-lid-storage-tins-containers\/","title":{"rendered":"Latas de alum\u00ednio de 4 oz 120 ml com tampa de rosca Recipientes de armazenamento de latas"},"content":{"rendered":"","protected":false},"excerpt":{"rendered":"<p>Este frasco de alum\u00ednio com tampa de rosca \u00e9 feito de materiais de qualidade alimentar e a dimens\u00e3o \u00e9 de 83*30 mm. O pacote inclui 24 pe\u00e7as de elegantes latas redondas com tampa de rosca de cor dourada. A embalagem a granel satisfaz as suas utiliza\u00e7\u00f5es polivalentes. A estrutura da tampa de rosca bem selada com uma almofada de espuma sob a tampa interna pode prevenir eficazmente as fugas. Feito de alum\u00ednio, leve mas dur\u00e1vel, f\u00e1cil de transportar. Estas latas n\u00e3o t\u00eam arestas vivas, todas as arestas s\u00e3o arredondadas e t\u00eam uma forma perfeita. O material pode ser reciclado ou reutilizado. Excelentes recipientes para b\u00e1lsamos labiais, brilhos labiais, cremes, cosm\u00e9ticos, pomadas, comprimidos, missangas, parafusos, rebu\u00e7ados, bot\u00f5es, moedas, ervas, ch\u00e1, velas e muito mais. Tamb\u00e9m s\u00e3o adequados para armazenar slime, fazer velas e artesanato DIY.<\/p>\n<div style=\"width: 1280px;\" class=\"wp-video\"><!--[if lt IE 9]><script>document.createElement('video');<\/script><![endif]--><br \/>\n<video class=\"wp-video-shortcode\" id=\"video-498-1\" width=\"1280\" height=\"720\" loop autoplay preload=\"metadata\" controls=\"controls\"><source type=\"video\/mp4\" src=\"http:\/\/yingmeipack.com\/wp-content\/uploads\/2022\/11\/Aluminum-Cosmetics-Jar.mp4?_=1\" \/><a href=\"http:\/\/yingmeipack.com\/wp-content\/uploads\/2022\/11\/Aluminum-Cosmetics-Jar.mp4\">http:\/\/yingmeipack.com\/wp-content\/uploads\/2022\/11\/Aluminum-Cosmetics-Jar.mp4<\/a><\/video><\/div>","protected":false},"featured_media":499,"template":"","meta":{"_kad_post_transparent":"default","_kad_post_title":"","_kad_post_layout":"default","_kad_post_sidebar_id":"","_kad_post_content_style":"default","_kad_post_vertical_padding":"default","_kad_post_feature":"","_kad_post_feature_position":"","_kad_post_header":false,"_kad_post_footer":false,"jetpack_publicize_message":"","jetpack_publicize_feature_enabled":true,"jetpack_social_post_already_shared":false,"jetpack_social_options":{"image_generator_settings":{"template":"highway","default_image_id":0,"enabled":false},"version":2}},"product_brand":[],"product_cat":[28,24,27],"product_tag":[188,187,186],"class_list":{"0":"post-498","1":"product","2":"type-product","3":"status-publish","4":"has-post-thumbnail","6":"product_cat-aluminum-jars","7":"product_cat-jars","8":"product_cat-metal-jars","9":"product_tag-120ml-screw-lid-containers","10":"product_tag-120ml-screw-lid-tins","11":"product_tag-4-oz-aluminum-cans","13":"first","14":"instock","15":"shipping-taxable","16":"purchasable","17":"product-type-simple","18":"entry","19":"content-bg","20":"loop-entry"},"aioseo_notices":[],"jetpack_publicize_connections":[],"jetpack_sharing_enabled":true,"_links":{"self":[{"href":"https:\/\/yingmeipack.com\/pt\/wp-json\/wp\/v2\/product\/498","targetHints":{"allow":["GET"]}}],"collection":[{"href":"https:\/\/yingmeipack.com\/pt\/wp-json\/wp\/v2\/product"}],"about":[{"href":"https:\/\/yingmeipack.com\/pt\/wp-json\/wp\/v2\/types\/product"}],"version-history":[{"count":2,"href":"https:\/\/yingmeipack.com\/pt\/wp-json\/wp\/v2\/product\/498\/revisions"}],"predecessor-version":[{"id":505,"href":"https:\/\/yingmeipack.com\/pt\/wp-json\/wp\/v2\/product\/498\/revisions\/505"}],"wp:featuredmedia":[{"embeddable":true,"href":"https:\/\/yingmeipack.com\/pt\/wp-json\/wp\/v2\/media\/499"}],"wp:attachment":[{"href":"https:\/\/yingmeipack.com\/pt\/wp-json\/wp\/v2\/media?parent=498"}],"wp:term":[{"taxonomy":"product_brand","embeddable":true,"href":"https:\/\/yingmeipack.com\/pt\/wp-json\/wp\/v2\/product_brand?post=498"},{"taxonomy":"product_cat","embeddable":true,"href":"https:\/\/yingmeipack.com\/pt\/wp-json\/wp\/v2\/product_cat?post=498"},{"taxonomy":"product_tag","embeddable":true,"href":"https:\/\/yingmeipack.com\/pt\/wp-json\/wp\/v2\/product_tag?post=498"}],"curies":[{"name":"wp","href":"https:\/\/api.w.org\/{rel}","templated":true}]}}