{"id":474,"date":"2022-11-22T01:53:08","date_gmt":"2022-11-22T01:53:08","guid":{"rendered":"https:\/\/yingmeipack.com\/?post_type=product&#038;p=474"},"modified":"2022-11-22T02:04:36","modified_gmt":"2022-11-22T02:04:36","slug":"4oz-120ml-clear-plastic-straight-sided-round-plastic-jar","status":"publish","type":"product","link":"https:\/\/yingmeipack.com\/pt\/product\/4oz-120ml-clear-plastic-straight-sided-round-plastic-jar\/","title":{"rendered":"Frasco de pl\u00e1stico redondo de 4 oz 120 ml de pl\u00e1stico transparente com lados rectos"},"content":{"rendered":"","protected":false},"excerpt":{"rendered":"<p>Este frasco de pl\u00e1stico transparente vem com uma tampa branca e a dimens\u00e3o \u00e9 de 50*62 mm, cuja capacidade \u00e9 de 40oz\/120ml. Estes frascos s\u00e3o feitos de materiais de qualidade alimentar e isentos de BPA. S\u00e3o seguros, fi\u00e1veis, dur\u00e1veis e reutiliz\u00e1veis, n\u00e3o se preocupe com as toxinas nocivas. S\u00e3o os grandes recipientes para armazenamento dom\u00e9stico, cozinha, despensa. Voc\u00ea pode usar para armazenar alimentos secos, gr\u00e3os de caf\u00e9, p\u00f3, sal, a\u00e7\u00facar, manteiga de amendoim, mel, biscoito, gel\u00e9ia, lanches, sal de banho, cosm\u00e9ticos e lo\u00e7\u00e3o. Design de boca larga, conveniente para aceder aos seus artigos. As tampas de pl\u00e1stico e o forro interior proporcionam uma veda\u00e7\u00e3o estanque para evitar fugas, pelo que tamb\u00e9m \u00e9 adequado para armazenar artigos l\u00edquidos. F\u00e1cil de limpar e n\u00e3o se recomenda a lavagem na m\u00e1quina de lavar loi\u00e7a. Aten\u00e7\u00e3o: n\u00e3o deitar \u00e1gua a ferver nem objectos com temperaturas demasiado elevadas diretamente no frasco.<\/p>\n<div style=\"width: 1290px;\" class=\"wp-video\"><!--[if lt IE 9]><script>document.createElement('video');<\/script><![endif]--><br \/>\n<video class=\"wp-video-shortcode\" id=\"video-474-1\" width=\"1290\" height=\"726\" loop autoplay preload=\"auto\" controls=\"controls\"><source type=\"video\/mp4\" src=\"http:\/\/yingmeipack.com\/wp-content\/uploads\/2022\/11\/4oz-120ml-clear-plastic-straight-sided-round-plastic-jar.mp4?_=1\" \/><a href=\"http:\/\/yingmeipack.com\/wp-content\/uploads\/2022\/11\/4oz-120ml-clear-plastic-straight-sided-round-plastic-jar.mp4\">http:\/\/yingmeipack.com\/wp-content\/uploads\/2022\/11\/4oz-120ml-clear-plastic-straight-sided-round-plastic-jar.mp4<\/a><\/video><\/div>","protected":false},"featured_media":476,"template":"","meta":{"_kad_post_transparent":"default","_kad_post_title":"","_kad_post_layout":"default","_kad_post_sidebar_id":"","_kad_post_content_style":"default","_kad_post_vertical_padding":"default","_kad_post_feature":"","_kad_post_feature_position":"","_kad_post_header":false,"_kad_post_footer":false,"jetpack_publicize_message":"","jetpack_publicize_feature_enabled":true,"jetpack_social_post_already_shared":false,"jetpack_social_options":{"image_generator_settings":{"template":"highway","default_image_id":0,"enabled":false},"version":2}},"product_brand":[],"product_cat":[19,24,20,25],"product_tag":[175,174,176,177],"class_list":{"0":"post-474","1":"product","2":"type-product","3":"status-publish","4":"has-post-thumbnail","6":"product_cat-bottles","7":"product_cat-jars","8":"product_cat-plastic-bottles","9":"product_cat-plastic-jars","10":"product_tag-120ml-plastic-jar","11":"product_tag-4oz-plastic-jar","12":"product_tag-clear-plastic-jar","13":"product_tag-round-plastic-jar","15":"first","16":"instock","17":"shipping-taxable","18":"product-type-simple","19":"entry","20":"content-bg","21":"loop-entry"},"aioseo_notices":[],"jetpack_publicize_connections":[],"jetpack_sharing_enabled":true,"_links":{"self":[{"href":"https:\/\/yingmeipack.com\/pt\/wp-json\/wp\/v2\/product\/474","targetHints":{"allow":["GET"]}}],"collection":[{"href":"https:\/\/yingmeipack.com\/pt\/wp-json\/wp\/v2\/product"}],"about":[{"href":"https:\/\/yingmeipack.com\/pt\/wp-json\/wp\/v2\/types\/product"}],"version-history":[{"count":1,"href":"https:\/\/yingmeipack.com\/pt\/wp-json\/wp\/v2\/product\/474\/revisions"}],"predecessor-version":[{"id":481,"href":"https:\/\/yingmeipack.com\/pt\/wp-json\/wp\/v2\/product\/474\/revisions\/481"}],"wp:featuredmedia":[{"embeddable":true,"href":"https:\/\/yingmeipack.com\/pt\/wp-json\/wp\/v2\/media\/476"}],"wp:attachment":[{"href":"https:\/\/yingmeipack.com\/pt\/wp-json\/wp\/v2\/media?parent=474"}],"wp:term":[{"taxonomy":"product_brand","embeddable":true,"href":"https:\/\/yingmeipack.com\/pt\/wp-json\/wp\/v2\/product_brand?post=474"},{"taxonomy":"product_cat","embeddable":true,"href":"https:\/\/yingmeipack.com\/pt\/wp-json\/wp\/v2\/product_cat?post=474"},{"taxonomy":"product_tag","embeddable":true,"href":"https:\/\/yingmeipack.com\/pt\/wp-json\/wp\/v2\/product_tag?post=474"}],"curies":[{"name":"wp","href":"https:\/\/api.w.org\/{rel}","templated":true}]}}