{"id":467,"date":"2022-11-22T01:42:57","date_gmt":"2022-11-22T01:42:57","guid":{"rendered":"https:\/\/yingmeipack.com\/?post_type=product&#038;p=467"},"modified":"2022-11-22T01:52:27","modified_gmt":"2022-11-22T01:52:27","slug":"cheap-black-pp-plastic-ribbed-lotion-pumps-with-smooth-skirt","status":"publish","type":"product","link":"https:\/\/yingmeipack.com\/pt\/product\/cheap-black-pp-plastic-ribbed-lotion-pumps-with-smooth-skirt\/","title":{"rendered":"Bombas de lo\u00e7\u00e3o com nervuras em pl\u00e1stico PP preto baratas com saia lisa"},"content":{"rendered":"","protected":false},"excerpt":{"rendered":"<p>As bombas para lo\u00e7\u00f5es em polipropileno preto t\u00eam uma ranhura de bloqueio na tampa e s\u00e3o enviadas na posi\u00e7\u00e3o de bloqueio, prontas para serem aplicadas diretamente no seu recipiente. As bombas para lo\u00e7\u00f5es permitem que produtos de elevada viscosidade, como lo\u00e7\u00f5es e sabonetes l\u00edquidos, sejam facilmente dispensados. As bombas de lo\u00e7\u00e3o pretas podem ser utilizadas com recipientes de vidro, pl\u00e1stico ou metal e dispensam suavemente 0,5 ml de produto por curso. As bombas de lo\u00e7\u00e3o est\u00e3o dispon\u00edveis num tamanho de tampa 24\/410 com v\u00e1rios comprimentos de tubo de imers\u00e3o.<\/p>","protected":false},"featured_media":468,"template":"","meta":{"_kad_post_transparent":"default","_kad_post_title":"","_kad_post_layout":"default","_kad_post_sidebar_id":"","_kad_post_content_style":"default","_kad_post_vertical_padding":"default","_kad_post_feature":"","_kad_post_feature_position":"","_kad_post_header":false,"_kad_post_footer":false,"jetpack_publicize_message":"","jetpack_publicize_feature_enabled":true,"jetpack_social_post_already_shared":false,"jetpack_social_options":{"image_generator_settings":{"template":"highway","default_image_id":0,"enabled":false},"version":2}},"product_brand":[],"product_cat":[32],"product_tag":[170,172,173,171],"class_list":{"0":"post-467","1":"product","2":"type-product","3":"status-publish","4":"has-post-thumbnail","6":"product_cat-pumps","7":"product_tag-black-lotion-pumps","8":"product_tag-plastic-lotion-pumps","9":"product_tag-pp-lotion-pumps","10":"product_tag-ribbed-lotion-pumps","12":"first","13":"instock","14":"shipping-taxable","15":"product-type-simple","16":"entry","17":"content-bg","18":"loop-entry"},"aioseo_notices":[],"jetpack_publicize_connections":[],"jetpack_sharing_enabled":true,"_links":{"self":[{"href":"https:\/\/yingmeipack.com\/pt\/wp-json\/wp\/v2\/product\/467","targetHints":{"allow":["GET"]}}],"collection":[{"href":"https:\/\/yingmeipack.com\/pt\/wp-json\/wp\/v2\/product"}],"about":[{"href":"https:\/\/yingmeipack.com\/pt\/wp-json\/wp\/v2\/types\/product"}],"version-history":[{"count":1,"href":"https:\/\/yingmeipack.com\/pt\/wp-json\/wp\/v2\/product\/467\/revisions"}],"predecessor-version":[{"id":473,"href":"https:\/\/yingmeipack.com\/pt\/wp-json\/wp\/v2\/product\/467\/revisions\/473"}],"wp:featuredmedia":[{"embeddable":true,"href":"https:\/\/yingmeipack.com\/pt\/wp-json\/wp\/v2\/media\/468"}],"wp:attachment":[{"href":"https:\/\/yingmeipack.com\/pt\/wp-json\/wp\/v2\/media?parent=467"}],"wp:term":[{"taxonomy":"product_brand","embeddable":true,"href":"https:\/\/yingmeipack.com\/pt\/wp-json\/wp\/v2\/product_brand?post=467"},{"taxonomy":"product_cat","embeddable":true,"href":"https:\/\/yingmeipack.com\/pt\/wp-json\/wp\/v2\/product_cat?post=467"},{"taxonomy":"product_tag","embeddable":true,"href":"https:\/\/yingmeipack.com\/pt\/wp-json\/wp\/v2\/product_tag?post=467"}],"curies":[{"name":"wp","href":"https:\/\/api.w.org\/{rel}","templated":true}]}}