{"id":457,"date":"2022-11-21T14:12:00","date_gmt":"2022-11-21T14:12:00","guid":{"rendered":"https:\/\/yingmeipack.com\/?post_type=product&#038;p=457"},"modified":"2022-11-21T14:27:22","modified_gmt":"2022-11-21T14:27:22","slug":"round-matte-black-aluminum-jars-travel-tins-containers-cans","status":"publish","type":"product","link":"https:\/\/yingmeipack.com\/pt\/product\/round-matte-black-aluminum-jars-travel-tins-containers-cans\/","title":{"rendered":"Frascos de alum\u00ednio preto mate redondos Latas de viagem Recipientes Latas"},"content":{"rendered":"","protected":false},"excerpt":{"rendered":"<p>O alum\u00ednio \u00e9 um metal leve com excelente resist\u00eancia \u00e0 ferrugem. Por conseguinte, \u00e9 muito adequado para o fabrico de frascos para guardar velas. Estes frascos para velas s\u00e3o constru\u00eddos numa estrutura sem costuras com uma cobertura preta. As latas de alum\u00ednio redondas s\u00e3o estampadas numa s\u00f3 pe\u00e7a e sem juntas, pelo que n\u00e3o h\u00e1 fugas laterais. A tampa de rosca \u00e9 f\u00e1cil de fechar e abrir. E \u00e9 fornecida com uma almofada de espuma para refor\u00e7ar duplamente o efeito \u00e0 prova de fugas. Estas latas para velas de 9 oz t\u00eam 101 mm de altura e 83 mm de di\u00e2metro. Apresentam uma parte superior plana, o que n\u00e3o s\u00f3 permite que sejam empilhadas ordenadamente, mas tamb\u00e9m que lhes seja colocada uma etiqueta bonita. Os nossos frascos de alum\u00ednio podem ser \u00fateis numa variedade de ocasi\u00f5es. Pode utiliz\u00e1-los n\u00e3o s\u00f3 como recipientes para velas, mas tamb\u00e9m como frascos de armazenamento para artesanato, b\u00e1lsamos labiais, amostras, parafusos e outras pe\u00e7as pequenas, etc. Depois de comprar os nossos frascos de conserva com tampa, tem direito a um reembolso de 30 dias sem preocupa\u00e7\u00f5es. Ou se tiver alguma quest\u00e3o ou d\u00favida sobre o produto, n\u00e3o hesite em contactar-nos por correio eletr\u00f3nico. Entraremos em contacto consigo o mais rapidamente poss\u00edvel.<\/p>\n<div style=\"width: 1290px;\" class=\"wp-video\"><!--[if lt IE 9]><script>document.createElement('video');<\/script><![endif]--><br \/>\n<video class=\"wp-video-shortcode\" id=\"video-457-1\" width=\"1290\" height=\"726\" loop autoplay preload=\"auto\" controls=\"controls\"><source type=\"video\/mp4\" src=\"http:\/\/yingmeipack.com\/wp-content\/uploads\/2022\/11\/Matte-Black-Aluminum-Jars.mp4?_=1\" \/><a href=\"http:\/\/yingmeipack.com\/wp-content\/uploads\/2022\/11\/Matte-Black-Aluminum-Jars.mp4\">http:\/\/yingmeipack.com\/wp-content\/uploads\/2022\/11\/Matte-Black-Aluminum-Jars.mp4<\/a><\/video><\/div>","protected":false},"featured_media":458,"template":"","meta":{"_kad_post_transparent":"default","_kad_post_title":"","_kad_post_layout":"default","_kad_post_sidebar_id":"","_kad_post_content_style":"default","_kad_post_vertical_padding":"default","_kad_post_feature":"","_kad_post_feature_position":"","_kad_post_header":false,"_kad_post_footer":false,"jetpack_publicize_message":"","jetpack_publicize_feature_enabled":true,"jetpack_social_post_already_shared":false,"jetpack_social_options":{"image_generator_settings":{"template":"highway","default_image_id":0,"enabled":false},"version":2}},"product_brand":[],"product_cat":[28,24,27],"product_tag":[169,168,167,166,58],"class_list":{"0":"post-457","1":"product","2":"type-product","3":"status-publish","4":"has-post-thumbnail","6":"product_cat-aluminum-jars","7":"product_cat-jars","8":"product_cat-metal-jars","9":"product_tag-aluminum-travel-cans","10":"product_tag-aluminum-travel-containers","11":"product_tag-aluminum-travel-tins","12":"product_tag-matte-black-aluminum-jars","13":"product_tag-round-aluminum-jars","15":"first","16":"instock","17":"shipping-taxable","18":"product-type-simple","19":"entry","20":"content-bg","21":"loop-entry"},"aioseo_notices":[],"jetpack_publicize_connections":[],"jetpack_sharing_enabled":true,"_links":{"self":[{"href":"https:\/\/yingmeipack.com\/pt\/wp-json\/wp\/v2\/product\/457","targetHints":{"allow":["GET"]}}],"collection":[{"href":"https:\/\/yingmeipack.com\/pt\/wp-json\/wp\/v2\/product"}],"about":[{"href":"https:\/\/yingmeipack.com\/pt\/wp-json\/wp\/v2\/types\/product"}],"version-history":[{"count":1,"href":"https:\/\/yingmeipack.com\/pt\/wp-json\/wp\/v2\/product\/457\/revisions"}],"predecessor-version":[{"id":466,"href":"https:\/\/yingmeipack.com\/pt\/wp-json\/wp\/v2\/product\/457\/revisions\/466"}],"wp:featuredmedia":[{"embeddable":true,"href":"https:\/\/yingmeipack.com\/pt\/wp-json\/wp\/v2\/media\/458"}],"wp:attachment":[{"href":"https:\/\/yingmeipack.com\/pt\/wp-json\/wp\/v2\/media?parent=457"}],"wp:term":[{"taxonomy":"product_brand","embeddable":true,"href":"https:\/\/yingmeipack.com\/pt\/wp-json\/wp\/v2\/product_brand?post=457"},{"taxonomy":"product_cat","embeddable":true,"href":"https:\/\/yingmeipack.com\/pt\/wp-json\/wp\/v2\/product_cat?post=457"},{"taxonomy":"product_tag","embeddable":true,"href":"https:\/\/yingmeipack.com\/pt\/wp-json\/wp\/v2\/product_tag?post=457"}],"curies":[{"name":"wp","href":"https:\/\/api.w.org\/{rel}","templated":true}]}}