{"id":4493,"date":"2025-11-17T02:15:30","date_gmt":"2025-11-17T02:15:30","guid":{"rendered":"https:\/\/yingmeipack.com\/?post_type=product&#038;p=4493"},"modified":"2025-11-17T03:02:22","modified_gmt":"2025-11-17T03:02:22","slug":"vintage-brown-50ml-5822mm-aluminum-jar-cosmetic-container","status":"publish","type":"product","link":"https:\/\/yingmeipack.com\/pt\/product\/vintage-brown-50ml-5822mm-aluminum-jar-cosmetic-container\/","title":{"rendered":"Vintage Brown 50ml 58*22mm Aluminum Jar Cosmetic Container"},"content":{"rendered":"","protected":false},"excerpt":{"rendered":"<p>Capacity: 50ml, 58mm&#8221; diameter x 22mm&#8221; height.<br \/>\nColher para produtos secos - As arestas lisas n\u00e3o magoam as m\u00e3os e mant\u00eam-se. Pode utiliz\u00e1-la sem preocupa\u00e7\u00f5es.<br \/>\nColher de metal para gelo - Feito de material pl\u00e1stico transparente, dur\u00e1vel e seguro de usar. Partilhe-o com a sua fam\u00edlia e amigos porque \u00e9 pr\u00e1tico.<br \/>\nColher para rebu\u00e7ados - Os bordos lisos n\u00e3o magoam as m\u00e3os. \u00d3timo para eventos especiais ou para uso di\u00e1rio.<br \/>\nColheres de banho - Segur\u00e1-la na m\u00e3o proporcionar-lhe-\u00e1 uma experi\u00eancia confort\u00e1vel. Tamb\u00e9m lhe trar\u00e1 muita comodidade.<br \/>\n100% Garantia de satisfa\u00e7\u00e3o: Para garantir que a sua experi\u00eancia de compra 100% seja satisfat\u00f3ria, n\u00e3o hesite em contactar-nos se tiver alguma d\u00favida ou preocupa\u00e7\u00e3o.<\/p>","protected":false},"featured_media":4495,"template":"","meta":{"_kad_post_transparent":"default","_kad_post_title":"","_kad_post_layout":"default","_kad_post_sidebar_id":"","_kad_post_content_style":"default","_kad_post_vertical_padding":"default","_kad_post_feature":"","_kad_post_feature_position":"","_kad_post_header":false,"_kad_post_footer":false,"jetpack_publicize_message":"","jetpack_publicize_feature_enabled":true,"jetpack_social_post_already_shared":true,"jetpack_social_options":{"image_generator_settings":{"template":"highway","default_image_id":0,"enabled":false},"version":2}},"product_brand":[],"product_cat":[28,24,27],"product_tag":[282,864,818],"class_list":{"0":"post-4493","1":"product","2":"type-product","3":"status-publish","4":"has-post-thumbnail","6":"product_cat-aluminum-jars","7":"product_cat-jars","8":"product_cat-metal-jars","9":"product_tag-aluminum-jar","10":"product_tag-brown-50ml-aluminum-jar","11":"product_tag-cosmetic-container","13":"first","14":"instock","15":"shipping-taxable","16":"purchasable","17":"product-type-simple","18":"entry","19":"content-bg","20":"loop-entry"},"aioseo_notices":[],"jetpack_publicize_connections":[],"jetpack_sharing_enabled":true,"_links":{"self":[{"href":"https:\/\/yingmeipack.com\/pt\/wp-json\/wp\/v2\/product\/4493","targetHints":{"allow":["GET"]}}],"collection":[{"href":"https:\/\/yingmeipack.com\/pt\/wp-json\/wp\/v2\/product"}],"about":[{"href":"https:\/\/yingmeipack.com\/pt\/wp-json\/wp\/v2\/types\/product"}],"version-history":[{"count":2,"href":"https:\/\/yingmeipack.com\/pt\/wp-json\/wp\/v2\/product\/4493\/revisions"}],"predecessor-version":[{"id":4503,"href":"https:\/\/yingmeipack.com\/pt\/wp-json\/wp\/v2\/product\/4493\/revisions\/4503"}],"wp:featuredmedia":[{"embeddable":true,"href":"https:\/\/yingmeipack.com\/pt\/wp-json\/wp\/v2\/media\/4495"}],"wp:attachment":[{"href":"https:\/\/yingmeipack.com\/pt\/wp-json\/wp\/v2\/media?parent=4493"}],"wp:term":[{"taxonomy":"product_brand","embeddable":true,"href":"https:\/\/yingmeipack.com\/pt\/wp-json\/wp\/v2\/product_brand?post=4493"},{"taxonomy":"product_cat","embeddable":true,"href":"https:\/\/yingmeipack.com\/pt\/wp-json\/wp\/v2\/product_cat?post=4493"},{"taxonomy":"product_tag","embeddable":true,"href":"https:\/\/yingmeipack.com\/pt\/wp-json\/wp\/v2\/product_tag?post=4493"}],"curies":[{"name":"wp","href":"https:\/\/api.w.org\/{rel}","templated":true}]}}