{"id":4478,"date":"2025-11-14T09:16:51","date_gmt":"2025-11-14T09:16:51","guid":{"rendered":"https:\/\/yingmeipack.com\/?post_type=product&#038;p=4478"},"modified":"2025-11-14T09:50:22","modified_gmt":"2025-11-14T09:50:22","slug":"180ml-green-aluminum-jar-tins-cans-empty-cosmetic-container","status":"publish","type":"product","link":"https:\/\/yingmeipack.com\/pt\/product\/180ml-green-aluminum-jar-tins-cans-empty-cosmetic-container\/","title":{"rendered":"180ml Green Aluminum Jar Tins Cans Empty Cosmetic Container"},"content":{"rendered":"","protected":false},"excerpt":{"rendered":"<p>Package: Includes 48 pieces of stylish green color screw top round tins and 48 pieces white round labels. Bulk pack meets your multipurpose uses.<br \/>\nSize: The round tin measures 83mm in diameter and 38mm height with a capacity of 6 oz. \/ 180 ml. The round labels measures 2-3\/8&#8243; in diameter.<br \/>\nMaterial: Feito de alum\u00ednio, leve mas dur\u00e1vel, f\u00e1cil de transportar.<br \/>\nTampa de rosca: A tampa de rosca bem fechada elimina o risco de fugas ou derretimento e protege os seus produtos da exposi\u00e7\u00e3o \u00e0 luz e de temperaturas elevadas.<br \/>\nUtiliza\u00e7\u00f5es vers\u00e1teis: Excelentes recipientes para b\u00e1lsamos labiais, brilhos labiais, cremes, cosm\u00e9ticos, pomadas, comprimidos, missangas, parafusos, rebu\u00e7ados, bot\u00f5es, moedas, ervas, velas e muito mais.<\/p>","protected":false},"featured_media":4483,"template":"","meta":{"_kad_post_transparent":"default","_kad_post_title":"","_kad_post_layout":"default","_kad_post_sidebar_id":"","_kad_post_content_style":"default","_kad_post_vertical_padding":"default","_kad_post_feature":"","_kad_post_feature_position":"","_kad_post_header":false,"_kad_post_footer":false,"jetpack_publicize_message":"","jetpack_publicize_feature_enabled":true,"jetpack_social_post_already_shared":true,"jetpack_social_options":{"image_generator_settings":{"template":"highway","default_image_id":0,"enabled":false},"version":2}},"product_brand":[],"product_cat":[28,24,27],"product_tag":[862,100,863],"class_list":{"0":"post-4478","1":"product","2":"type-product","3":"status-publish","4":"has-post-thumbnail","6":"product_cat-aluminum-jars","7":"product_cat-jars","8":"product_cat-metal-jars","9":"product_tag-empty-cosmetic-container","10":"product_tag-green-aluminum-jar","11":"product_tag-tins-cans","13":"first","14":"instock","15":"shipping-taxable","16":"purchasable","17":"product-type-simple","18":"entry","19":"content-bg","20":"loop-entry"},"aioseo_notices":[],"jetpack_publicize_connections":[],"jetpack_sharing_enabled":true,"_links":{"self":[{"href":"https:\/\/yingmeipack.com\/pt\/wp-json\/wp\/v2\/product\/4478","targetHints":{"allow":["GET"]}}],"collection":[{"href":"https:\/\/yingmeipack.com\/pt\/wp-json\/wp\/v2\/product"}],"about":[{"href":"https:\/\/yingmeipack.com\/pt\/wp-json\/wp\/v2\/types\/product"}],"version-history":[{"count":1,"href":"https:\/\/yingmeipack.com\/pt\/wp-json\/wp\/v2\/product\/4478\/revisions"}],"predecessor-version":[{"id":4484,"href":"https:\/\/yingmeipack.com\/pt\/wp-json\/wp\/v2\/product\/4478\/revisions\/4484"}],"wp:featuredmedia":[{"embeddable":true,"href":"https:\/\/yingmeipack.com\/pt\/wp-json\/wp\/v2\/media\/4483"}],"wp:attachment":[{"href":"https:\/\/yingmeipack.com\/pt\/wp-json\/wp\/v2\/media?parent=4478"}],"wp:term":[{"taxonomy":"product_brand","embeddable":true,"href":"https:\/\/yingmeipack.com\/pt\/wp-json\/wp\/v2\/product_brand?post=4478"},{"taxonomy":"product_cat","embeddable":true,"href":"https:\/\/yingmeipack.com\/pt\/wp-json\/wp\/v2\/product_cat?post=4478"},{"taxonomy":"product_tag","embeddable":true,"href":"https:\/\/yingmeipack.com\/pt\/wp-json\/wp\/v2\/product_tag?post=4478"}],"curies":[{"name":"wp","href":"https:\/\/api.w.org\/{rel}","templated":true}]}}