{"id":433,"date":"2022-11-21T10:42:36","date_gmt":"2022-11-21T10:42:36","guid":{"rendered":"https:\/\/yingmeipack.com\/?post_type=product&#038;p=433"},"modified":"2025-06-05T09:39:36","modified_gmt":"2025-06-05T09:39:36","slug":"5ml-small-ounce-empty-sample-storage-aluminum-jar-tins-cans","status":"publish","type":"product","link":"https:\/\/yingmeipack.com\/pt\/product\/5ml-small-ounce-empty-sample-storage-aluminum-jar-tins-cans\/","title":{"rendered":"Frascos de alum\u00ednio para armazenamento de amostras vazios de 5 ml e pequenas on\u00e7as Latas"},"content":{"rendered":"","protected":false},"excerpt":{"rendered":"<p>D\u00ea um toque criativo \u00e0 sua ocasi\u00e3o especial! Estas elegantes caixas de favores s\u00e3o \u00f3ptimos enfeites de mesa e brindes em casamentos, ch\u00e1s de beb\u00e9, anivers\u00e1rios ou anivers\u00e1rios. Basta decorar para combinar com o seu tema e depois encher com as suas guloseimas favoritas para os convidados desfrutarem.<br \/>\nLatas de alum\u00ednio prateadas com tampa de rosca, latas de metal com tampa transparente. \u00e0 prova de ferrugem, sem fugas. Reutiliz\u00e1vel, leve e ideal para viajar. Inclui uma junta \u00e0 prova de fugas.<br \/>\nAs latas s\u00e3o fabricadas com alum\u00ednio de alta qualidade, dur\u00e1vel e leve.<br \/>\nAs nossas latas de alum\u00ednio podem ser utilizadas para armazenar uma grande variedade de artigos, tais como latas de b\u00e1lsamo para os l\u00e1bios, latas de barbear, latas de champ\u00f4, cosm\u00e9ticos, velas, brilho labial e outros materiais art\u00edsticos. Perfeito para a sua escolha artesanal.<br \/>\nAs tampas com tampa de rosca permitem um aperto f\u00e1cil da tampa, com uma junta adicional \u00e0 prova de fugas no interior da tampa.<\/p>\n<div style=\"width: 1280px;\" class=\"wp-video\"><!--[if lt IE 9]><script>document.createElement('video');<\/script><![endif]--><br \/>\n<video class=\"wp-video-shortcode\" id=\"video-433-1\" width=\"1280\" height=\"720\" loop autoplay preload=\"auto\" controls=\"controls\"><source type=\"video\/mp4\" src=\"http:\/\/yingmeipack.com\/wp-content\/uploads\/2022\/11\/Aluminum-Cosmetics-Jar.mp4?_=1\" \/><a href=\"http:\/\/yingmeipack.com\/wp-content\/uploads\/2022\/11\/Aluminum-Cosmetics-Jar.mp4\">http:\/\/yingmeipack.com\/wp-content\/uploads\/2022\/11\/Aluminum-Cosmetics-Jar.mp4<\/a><\/video><\/div>","protected":false},"featured_media":434,"template":"","meta":{"_kad_post_transparent":"default","_kad_post_title":"","_kad_post_layout":"default","_kad_post_sidebar_id":"","_kad_post_content_style":"default","_kad_post_vertical_padding":"default","_kad_post_feature":"","_kad_post_feature_position":"","_kad_post_header":false,"_kad_post_footer":false,"jetpack_publicize_message":"","jetpack_publicize_feature_enabled":true,"jetpack_social_post_already_shared":false,"jetpack_social_options":{"image_generator_settings":{"template":"highway","default_image_id":0,"enabled":false},"version":2}},"product_brand":[],"product_cat":[28,24,27],"product_tag":[157],"class_list":{"0":"post-433","1":"product","2":"type-product","3":"status-publish","4":"has-post-thumbnail","6":"product_cat-aluminum-jars","7":"product_cat-jars","8":"product_cat-metal-jars","9":"product_tag-5ml-small-aluminum-jars","11":"first","12":"instock","13":"shipping-taxable","14":"purchasable","15":"product-type-simple","16":"entry","17":"content-bg","18":"loop-entry"},"aioseo_notices":[],"jetpack_publicize_connections":[],"jetpack_sharing_enabled":true,"_links":{"self":[{"href":"https:\/\/yingmeipack.com\/pt\/wp-json\/wp\/v2\/product\/433","targetHints":{"allow":["GET"]}}],"collection":[{"href":"https:\/\/yingmeipack.com\/pt\/wp-json\/wp\/v2\/product"}],"about":[{"href":"https:\/\/yingmeipack.com\/pt\/wp-json\/wp\/v2\/types\/product"}],"version-history":[{"count":1,"href":"https:\/\/yingmeipack.com\/pt\/wp-json\/wp\/v2\/product\/433\/revisions"}],"predecessor-version":[{"id":439,"href":"https:\/\/yingmeipack.com\/pt\/wp-json\/wp\/v2\/product\/433\/revisions\/439"}],"wp:featuredmedia":[{"embeddable":true,"href":"https:\/\/yingmeipack.com\/pt\/wp-json\/wp\/v2\/media\/434"}],"wp:attachment":[{"href":"https:\/\/yingmeipack.com\/pt\/wp-json\/wp\/v2\/media?parent=433"}],"wp:term":[{"taxonomy":"product_brand","embeddable":true,"href":"https:\/\/yingmeipack.com\/pt\/wp-json\/wp\/v2\/product_brand?post=433"},{"taxonomy":"product_cat","embeddable":true,"href":"https:\/\/yingmeipack.com\/pt\/wp-json\/wp\/v2\/product_cat?post=433"},{"taxonomy":"product_tag","embeddable":true,"href":"https:\/\/yingmeipack.com\/pt\/wp-json\/wp\/v2\/product_tag?post=433"}],"curies":[{"name":"wp","href":"https:\/\/api.w.org\/{rel}","templated":true}]}}