{"id":4240,"date":"2025-09-16T02:30:47","date_gmt":"2025-09-16T02:30:47","guid":{"rendered":"https:\/\/yingmeipack.com\/?post_type=product&#038;p=4240"},"modified":"2025-09-16T02:45:37","modified_gmt":"2025-09-16T02:45:37","slug":"60ml-matte-black-embossed-aluminium-can-with-screw-on-seal","status":"publish","type":"product","link":"https:\/\/yingmeipack.com\/pt\/product\/60ml-matte-black-embossed-aluminium-can-with-screw-on-seal\/","title":{"rendered":"60ml matte black embossed aluminium can with screw-on seal"},"content":{"rendered":"","protected":false},"excerpt":{"rendered":"<p>Capacity of each: 60ml. Each tins measures 54mm dia. x 43mm height;<\/p>\n<p>Food Safe Material &#8211; These black tin cans with lids are made of BPA free tinplate with beautiful brushed surface, embossed pattern on the bottom, simple and advanced,lightweight yet durable, can contact tea or food directly. Not for oven use.<br \/>\nScrew Design: The screw-top lids make sure you tighten the lid easily and will not let the content leak out.also,the gasket inside the lid also had a certain effect.<br \/>\nRecipiente de armazenamento de alimentos vers\u00e1til - Os recipientes de armazenamento de alimentos em lata Tosnail s\u00e3o perfeitos para armazenar ch\u00e1 solto, especiarias, biscoitos, caf\u00e9, doces, velas, contas, bot\u00f5es e quaisquer outros alimentos ou artesanato. Tamb\u00e9m podem ser usados como caixa de presente para lembran\u00e7as de festas, casamentos, ch\u00e1 de panela, neg\u00f3cios, Natal ou outros festivais.<\/p>","protected":false},"featured_media":4244,"template":"","meta":{"_kad_post_transparent":"default","_kad_post_title":"","_kad_post_layout":"default","_kad_post_sidebar_id":"","_kad_post_content_style":"default","_kad_post_vertical_padding":"default","_kad_post_feature":"","_kad_post_feature_position":"","_kad_post_header":false,"_kad_post_footer":false,"jetpack_publicize_message":"","jetpack_publicize_feature_enabled":true,"jetpack_social_post_already_shared":true,"jetpack_social_options":{"image_generator_settings":{"template":"highway","default_image_id":0,"enabled":false},"version":2}},"product_brand":[],"product_cat":[28,24,27],"product_tag":[804,805,806],"class_list":{"0":"post-4240","1":"product","2":"type-product","3":"status-publish","4":"has-post-thumbnail","6":"product_cat-aluminum-jars","7":"product_cat-jars","8":"product_cat-metal-jars","9":"product_tag-60ml-matte-black-embossed-aluminium-can","10":"product_tag-aluminium-can","11":"product_tag-screw-on-seal","13":"first","14":"instock","15":"shipping-taxable","16":"purchasable","17":"product-type-simple","18":"entry","19":"content-bg","20":"loop-entry"},"aioseo_notices":[],"jetpack_publicize_connections":[],"jetpack_sharing_enabled":true,"_links":{"self":[{"href":"https:\/\/yingmeipack.com\/pt\/wp-json\/wp\/v2\/product\/4240","targetHints":{"allow":["GET"]}}],"collection":[{"href":"https:\/\/yingmeipack.com\/pt\/wp-json\/wp\/v2\/product"}],"about":[{"href":"https:\/\/yingmeipack.com\/pt\/wp-json\/wp\/v2\/types\/product"}],"version-history":[{"count":3,"href":"https:\/\/yingmeipack.com\/pt\/wp-json\/wp\/v2\/product\/4240\/revisions"}],"predecessor-version":[{"id":4251,"href":"https:\/\/yingmeipack.com\/pt\/wp-json\/wp\/v2\/product\/4240\/revisions\/4251"}],"wp:featuredmedia":[{"embeddable":true,"href":"https:\/\/yingmeipack.com\/pt\/wp-json\/wp\/v2\/media\/4244"}],"wp:attachment":[{"href":"https:\/\/yingmeipack.com\/pt\/wp-json\/wp\/v2\/media?parent=4240"}],"wp:term":[{"taxonomy":"product_brand","embeddable":true,"href":"https:\/\/yingmeipack.com\/pt\/wp-json\/wp\/v2\/product_brand?post=4240"},{"taxonomy":"product_cat","embeddable":true,"href":"https:\/\/yingmeipack.com\/pt\/wp-json\/wp\/v2\/product_cat?post=4240"},{"taxonomy":"product_tag","embeddable":true,"href":"https:\/\/yingmeipack.com\/pt\/wp-json\/wp\/v2\/product_tag?post=4240"}],"curies":[{"name":"wp","href":"https:\/\/api.w.org\/{rel}","templated":true}]}}