{"id":4081,"date":"2025-09-10T03:02:09","date_gmt":"2025-09-10T03:02:09","guid":{"rendered":"https:\/\/yingmeipack.com\/?post_type=product&#038;p=4081"},"modified":"2025-09-10T03:18:44","modified_gmt":"2025-09-10T03:18:44","slug":"350ml-clear-pet-plastic-blank-bottle-with-aluminum-cap","status":"publish","type":"product","link":"https:\/\/yingmeipack.com\/pt\/product\/350ml-clear-pet-plastic-blank-bottle-with-aluminum-cap\/","title":{"rendered":"350ml clear PET plastic blank bottle with aluminum cap"},"content":{"rendered":"","protected":false},"excerpt":{"rendered":"<p>Size: mouth:83mm ,body: 83mm,bottom:85mm.350ml\/g Clear PET plastic low profile jar with smooth aluminum foam lined lids.<br \/>\nUtiliza\u00e7\u00f5es dom\u00e9sticas e de cozinha, como ch\u00e1, caf\u00e9, ervas arom\u00e1ticas e especiarias a granel.<br \/>\nPerfeitas para b\u00e1lsamos labiais DIY, comprimidos, lembran\u00e7as de festas, rebu\u00e7ados, rebu\u00e7ados de menta, vitaminas ou para incluir em presentes. As latas vazias t\u00eam m\u00faltiplas utiliza\u00e7\u00f5es DIY. Os recipientes s\u00e3o f\u00e1ceis de transportar e utilizar.<br \/>\nOs frascos de pl\u00e1stico PET podem ser utilizados para produtos de beleza, alimentos e artigos dom\u00e9sticos<br \/>\nWide mouth and straight sides makes contents easy to access \u2013 great for body lotions, balms, butters.<\/p>\n<div style=\"width: 1280px;\" class=\"wp-video\"><!--[if lt IE 9]><script>document.createElement('video');<\/script><![endif]--><br \/>\n<video class=\"wp-video-shortcode\" id=\"video-4081-1\" width=\"1280\" height=\"720\" loop autoplay preload=\"auto\" controls=\"controls\"><source type=\"video\/mp4\" src=\"http:\/\/yingmeipack.com\/wp-content\/uploads\/2022\/11\/Clear-Plastic-Bottle-with-Aluminum-Lid.mp4?_=1\" \/><a href=\"http:\/\/yingmeipack.com\/wp-content\/uploads\/2022\/11\/Clear-Plastic-Bottle-with-Aluminum-Lid.mp4\">http:\/\/yingmeipack.com\/wp-content\/uploads\/2022\/11\/Clear-Plastic-Bottle-with-Aluminum-Lid.mp4<\/a><\/video><\/div>","protected":false},"featured_media":4085,"template":"","meta":{"_kad_post_transparent":"default","_kad_post_title":"","_kad_post_layout":"default","_kad_post_sidebar_id":"","_kad_post_content_style":"default","_kad_post_vertical_padding":"default","_kad_post_feature":"","_kad_post_feature_position":"","_kad_post_header":false,"_kad_post_footer":false,"jetpack_publicize_message":"","jetpack_publicize_feature_enabled":true,"jetpack_social_post_already_shared":true,"jetpack_social_options":{"image_generator_settings":{"template":"highway","default_image_id":0,"enabled":false},"version":2}},"product_brand":[],"product_cat":[24,25],"product_tag":[778,777,779],"class_list":{"0":"post-4081","1":"product","2":"type-product","3":"status-publish","4":"has-post-thumbnail","6":"product_cat-jars","7":"product_cat-plastic-jars","8":"product_tag-350ml-clear-pet-plastic-bottle","9":"product_tag-blank-bottle","10":"product_tag-pet-plastic-bottle","12":"first","13":"instock","14":"shipping-taxable","15":"product-type-simple","16":"entry","17":"content-bg","18":"loop-entry"},"aioseo_notices":[],"jetpack_publicize_connections":[],"jetpack_sharing_enabled":true,"_links":{"self":[{"href":"https:\/\/yingmeipack.com\/pt\/wp-json\/wp\/v2\/product\/4081","targetHints":{"allow":["GET"]}}],"collection":[{"href":"https:\/\/yingmeipack.com\/pt\/wp-json\/wp\/v2\/product"}],"about":[{"href":"https:\/\/yingmeipack.com\/pt\/wp-json\/wp\/v2\/types\/product"}],"version-history":[{"count":1,"href":"https:\/\/yingmeipack.com\/pt\/wp-json\/wp\/v2\/product\/4081\/revisions"}],"predecessor-version":[{"id":4090,"href":"https:\/\/yingmeipack.com\/pt\/wp-json\/wp\/v2\/product\/4081\/revisions\/4090"}],"wp:featuredmedia":[{"embeddable":true,"href":"https:\/\/yingmeipack.com\/pt\/wp-json\/wp\/v2\/media\/4085"}],"wp:attachment":[{"href":"https:\/\/yingmeipack.com\/pt\/wp-json\/wp\/v2\/media?parent=4081"}],"wp:term":[{"taxonomy":"product_brand","embeddable":true,"href":"https:\/\/yingmeipack.com\/pt\/wp-json\/wp\/v2\/product_brand?post=4081"},{"taxonomy":"product_cat","embeddable":true,"href":"https:\/\/yingmeipack.com\/pt\/wp-json\/wp\/v2\/product_cat?post=4081"},{"taxonomy":"product_tag","embeddable":true,"href":"https:\/\/yingmeipack.com\/pt\/wp-json\/wp\/v2\/product_tag?post=4081"}],"curies":[{"name":"wp","href":"https:\/\/api.w.org\/{rel}","templated":true}]}}