{"id":408,"date":"2022-11-21T02:46:29","date_gmt":"2022-11-21T02:46:29","guid":{"rendered":"https:\/\/yingmeipack.com\/?post_type=product&#038;p=408"},"modified":"2025-07-31T01:41:50","modified_gmt":"2025-07-31T01:41:50","slug":"gold-aluminum-blank-square-solid-storage-tins-box-container","status":"publish","type":"product","link":"https:\/\/yingmeipack.com\/pt\/product\/gold-aluminum-blank-square-solid-storage-tins-box-container\/","title":{"rendered":"120ml Gold Aluminum Blank Square Storage Tins Container"},"content":{"rendered":"","protected":false},"excerpt":{"rendered":"<p>Embalagem:15 embalagens de latas quadradas de prata no total com uma tampa quadrada, uma quantidade abundante pode satisfazer as suas necessidades de armazenamento, recipientes de armazenamento sobressalentes suficientes para as necessidades reais<br \/>\nTampas de topo com janela de visualiza\u00e7\u00e3o clara, f\u00e1ceis de abrir e fechar, permitindo ver diretamente o artigo guardado no interior.<br \/>\nFeito de material de folha de Flandres dur\u00e1vel, dif\u00edcil de dobrar com as m\u00e3os, a superf\u00edcie prateada tem um aspeto elegante, resistente \u00e0 colis\u00e3o. Cada caixa de 4 oz mede 84*62*26 (C x L x A) em tamanho<br \/>\nAdor\u00e1vel e ador\u00e1vel forma quadrada prateada, com uma tampa superior transparente, pode ver diretamente o artigo que est\u00e1 no interior, poupando tempo e esfor\u00e7o sem abrir a tampa<br \/>\nM\u00faltiplas aplica\u00e7\u00f5es de bricolage: Perfeito para projectos caseiros de bricolage, fabrico de velas sem fugas, comprimidos, lembran\u00e7as de festas, doces, j\u00f3ias, caixas de tesouros, material de escrit\u00f3rio ou para incluir em presentes.<\/p>","protected":false},"featured_media":3198,"template":"","meta":{"_kad_post_transparent":"default","_kad_post_title":"","_kad_post_layout":"default","_kad_post_sidebar_id":"","_kad_post_content_style":"default","_kad_post_vertical_padding":"default","_kad_post_feature":"","_kad_post_feature_position":"","_kad_post_header":false,"_kad_post_footer":false,"jetpack_publicize_message":"","jetpack_publicize_feature_enabled":true,"jetpack_social_post_already_shared":false,"jetpack_social_options":{"image_generator_settings":{"template":"highway","default_image_id":0,"enabled":false},"version":2}},"product_brand":[],"product_cat":[48],"product_tag":[148,149,146,147,150],"class_list":{"0":"post-408","1":"product","2":"type-product","3":"status-publish","4":"has-post-thumbnail","6":"product_cat-box","7":"product_tag-aluminum-storage-box","8":"product_tag-blank-aluminum-tins","9":"product_tag-gold-solid-tins","10":"product_tag-gold-storage-tins","11":"product_tag-square-aluminum-tins","13":"first","14":"instock","15":"shipping-taxable","16":"product-type-simple","17":"entry","18":"content-bg","19":"loop-entry"},"aioseo_notices":[],"jetpack_publicize_connections":[],"jetpack_sharing_enabled":true,"_links":{"self":[{"href":"https:\/\/yingmeipack.com\/pt\/wp-json\/wp\/v2\/product\/408","targetHints":{"allow":["GET"]}}],"collection":[{"href":"https:\/\/yingmeipack.com\/pt\/wp-json\/wp\/v2\/product"}],"about":[{"href":"https:\/\/yingmeipack.com\/pt\/wp-json\/wp\/v2\/types\/product"}],"version-history":[{"count":3,"href":"https:\/\/yingmeipack.com\/pt\/wp-json\/wp\/v2\/product\/408\/revisions"}],"predecessor-version":[{"id":3200,"href":"https:\/\/yingmeipack.com\/pt\/wp-json\/wp\/v2\/product\/408\/revisions\/3200"}],"wp:featuredmedia":[{"embeddable":true,"href":"https:\/\/yingmeipack.com\/pt\/wp-json\/wp\/v2\/media\/3198"}],"wp:attachment":[{"href":"https:\/\/yingmeipack.com\/pt\/wp-json\/wp\/v2\/media?parent=408"}],"wp:term":[{"taxonomy":"product_brand","embeddable":true,"href":"https:\/\/yingmeipack.com\/pt\/wp-json\/wp\/v2\/product_brand?post=408"},{"taxonomy":"product_cat","embeddable":true,"href":"https:\/\/yingmeipack.com\/pt\/wp-json\/wp\/v2\/product_cat?post=408"},{"taxonomy":"product_tag","embeddable":true,"href":"https:\/\/yingmeipack.com\/pt\/wp-json\/wp\/v2\/product_tag?post=408"}],"curies":[{"name":"wp","href":"https:\/\/api.w.org\/{rel}","templated":true}]}}