{"id":4020,"date":"2025-09-09T01:31:17","date_gmt":"2025-09-09T01:31:17","guid":{"rendered":"https:\/\/yingmeipack.com\/?post_type=product&#038;p=4020"},"modified":"2025-09-09T01:49:08","modified_gmt":"2025-09-09T01:49:08","slug":"280ml-clear-empty-pet-plastic-jar-with-silver-aluminum-cap","status":"publish","type":"product","link":"https:\/\/yingmeipack.com\/pt\/product\/280ml-clear-empty-pet-plastic-jar-with-silver-aluminum-cap\/","title":{"rendered":"280ml Clear Empty PET Plastic Jar with Silver Aluminum Cap"},"content":{"rendered":"","protected":false},"excerpt":{"rendered":"<p>Size: mouth:83mm ,body:70mm ,bottom: 85mm.<\/p>\n<p>\u3010High Quality Material\u3011This clear plastic jars with lids are made of high quality food grade PET plastic,BPA-Free,sturdy,durable,reusable,transparent and lightweight.You can safely use these empty jars to fill your food without worrying about the effects of the jars,these food jars will meet your needs for your food storage,just put your favourite food in it.<br \/>\n\u3010Leak Proof Design\u3011The plastic jars with silver aluminum lids adopt leak proof design,there have screw thread and gasket seals on the top of the slime container,possessing good airtightness can effectively prevent leakage and prevent the moisture in the clear jars from contacting the air, resulting in dry and wet items.<br \/>\n\u3010Utiliza\u00e7\u00e3o ampla\u3011 Esses potes de alimentos s\u00e3o muito adequados para gel\u00e9ia, alimentos secos, nozes, especiarias, farinha, a\u00e7\u00facar e armazenamento de alimentos variados, mas tamb\u00e9m o recipiente cosm\u00e9tico ideal para esfoliantes, manteiga corporal, lo\u00e7\u00e3o, sal de banho, perfeito para voc\u00ea fazer seu pr\u00f3prio corpo DIY ou produ\u00e7\u00e3o de cuidados com os cabelos.<br \/>\n\u3010P\u00d3S-VENDA SEM RESSALVAS\u3011 Se voc\u00ea tiver algum problema de uso sobre nossos frascos com tampas que n\u00e3o possam ser resolvidos, n\u00e3o hesite em nos contatar para obter ajuda. Responderemos a voc\u00ea imediatamente para resolver seu problema e dar-lhe uma resposta satisfat\u00f3ria, certifique-se de fornecer um \u00f3timo servi\u00e7o com nossos potes de pl\u00e1stico.<\/p>","protected":false},"featured_media":4021,"template":"","meta":{"_kad_post_transparent":"default","_kad_post_title":"","_kad_post_layout":"default","_kad_post_sidebar_id":"","_kad_post_content_style":"default","_kad_post_vertical_padding":"default","_kad_post_feature":"","_kad_post_feature_position":"","_kad_post_header":false,"_kad_post_footer":false,"jetpack_publicize_message":"","jetpack_publicize_feature_enabled":true,"jetpack_social_post_already_shared":true,"jetpack_social_options":{"image_generator_settings":{"template":"highway","default_image_id":0,"enabled":false},"version":2}},"product_brand":[],"product_cat":[19,24,20,25],"product_tag":[763,215,217,764],"class_list":{"0":"post-4020","1":"product","2":"type-product","3":"status-publish","4":"has-post-thumbnail","6":"product_cat-bottles","7":"product_cat-jars","8":"product_cat-plastic-bottles","9":"product_cat-plastic-jars","10":"product_tag-280ml-clear-empty-pet-plastic-jar","11":"product_tag-bpa-free-pet-plastic-jars","12":"product_tag-plastic-jar-with-gold-lid","13":"product_tag-plastic-jar-with-silver-aluminum-cap","15":"first","16":"instock","17":"shipping-taxable","18":"product-type-simple","19":"entry","20":"content-bg","21":"loop-entry"},"aioseo_notices":[],"jetpack_publicize_connections":[],"jetpack_sharing_enabled":true,"_links":{"self":[{"href":"https:\/\/yingmeipack.com\/pt\/wp-json\/wp\/v2\/product\/4020","targetHints":{"allow":["GET"]}}],"collection":[{"href":"https:\/\/yingmeipack.com\/pt\/wp-json\/wp\/v2\/product"}],"about":[{"href":"https:\/\/yingmeipack.com\/pt\/wp-json\/wp\/v2\/types\/product"}],"version-history":[{"count":1,"href":"https:\/\/yingmeipack.com\/pt\/wp-json\/wp\/v2\/product\/4020\/revisions"}],"predecessor-version":[{"id":4028,"href":"https:\/\/yingmeipack.com\/pt\/wp-json\/wp\/v2\/product\/4020\/revisions\/4028"}],"wp:featuredmedia":[{"embeddable":true,"href":"https:\/\/yingmeipack.com\/pt\/wp-json\/wp\/v2\/media\/4021"}],"wp:attachment":[{"href":"https:\/\/yingmeipack.com\/pt\/wp-json\/wp\/v2\/media?parent=4020"}],"wp:term":[{"taxonomy":"product_brand","embeddable":true,"href":"https:\/\/yingmeipack.com\/pt\/wp-json\/wp\/v2\/product_brand?post=4020"},{"taxonomy":"product_cat","embeddable":true,"href":"https:\/\/yingmeipack.com\/pt\/wp-json\/wp\/v2\/product_cat?post=4020"},{"taxonomy":"product_tag","embeddable":true,"href":"https:\/\/yingmeipack.com\/pt\/wp-json\/wp\/v2\/product_tag?post=4020"}],"curies":[{"name":"wp","href":"https:\/\/api.w.org\/{rel}","templated":true}]}}