{"id":400,"date":"2022-11-21T02:30:29","date_gmt":"2022-11-21T02:30:29","guid":{"rendered":"https:\/\/yingmeipack.com\/?post_type=product&#038;p=400"},"modified":"2025-06-05T09:53:44","modified_gmt":"2025-06-05T09:53:44","slug":"200g-screw-aluminum-jar-shallow-round-screw-top-seamless-tin","status":"publish","type":"product","link":"https:\/\/yingmeipack.com\/pt\/product\/200g-screw-aluminum-jar-shallow-round-screw-top-seamless-tin\/","title":{"rendered":"Frasco de alum\u00ednio com rosca de 200 g Raso redondo com tampa de rosca Lata sem costura"},"content":{"rendered":"","protected":false},"excerpt":{"rendered":"<p>O pacote inclui: Pacote de 20. As tampas dos recipientes com tampa de rosca n\u00e3o t\u00eam arestas vivas, todas as arestas s\u00e3o arredondadas para evitar arranhar a m\u00e3o.<br \/>\nMaterial de alta qualidade: Estas latas redondas de alum\u00ednio s\u00e3o feitas de alum\u00ednio estanhado dur\u00e1vel, leve e resistente \u00e0 corros\u00e3o. T\u00eam uma tampa de rosca que \u00e9 f\u00e1cil de abrir e fechar e protegem os seus artigos da luz solar direta e de temperaturas elevadas.<br \/>\nTamanho: 92 mm de di\u00e2metro x 45 mm de altura, Capacidade: 200 gramas. Pr\u00e1tico de transportar: estes frascos cabem perfeitamente no seu bolso, carteira, mala de m\u00e3o, mochila ou bagagem.<br \/>\nAs latas polivalentes podem ser usadas para armazenar velas como favor de festa, al\u00e9m disso, \u00e9 um presente ideal, usado para armazenar uma grande variedade de itens como b\u00e1lsamos labiais, cosm\u00e9ticos, potes de amostra, brilho labial e outros materiais de arte.<br \/>\nEfici\u00eancia de qualidade: cada produto foi cuidadosamente selecionado e inspeccionado. Se encontrar algum motivo desagrad\u00e1vel, contacte-nos atempadamente.<\/p>","protected":false},"featured_media":401,"template":"","meta":{"_kad_post_transparent":"default","_kad_post_title":"","_kad_post_layout":"default","_kad_post_sidebar_id":"","_kad_post_content_style":"default","_kad_post_vertical_padding":"default","_kad_post_feature":"","_kad_post_feature_position":"","_kad_post_header":false,"_kad_post_footer":false,"jetpack_publicize_message":"","jetpack_publicize_feature_enabled":true,"jetpack_social_post_already_shared":false,"jetpack_social_options":{"image_generator_settings":{"template":"highway","default_image_id":0,"enabled":false},"version":2}},"product_brand":[],"product_cat":[28,24,27],"product_tag":[85,143,144,145],"class_list":{"0":"post-400","1":"product","2":"type-product","3":"status-publish","4":"has-post-thumbnail","6":"product_cat-aluminum-jars","7":"product_cat-jars","8":"product_cat-metal-jars","9":"product_tag-round-aluminum-jar","10":"product_tag-screw-aluminum-jar","11":"product_tag-screw-top-seamless-tin","12":"product_tag-shallow-aluminum-jar","14":"first","15":"instock","16":"shipping-taxable","17":"purchasable","18":"product-type-simple","19":"entry","20":"content-bg","21":"loop-entry"},"aioseo_notices":[],"jetpack_publicize_connections":[],"jetpack_sharing_enabled":true,"_links":{"self":[{"href":"https:\/\/yingmeipack.com\/pt\/wp-json\/wp\/v2\/product\/400","targetHints":{"allow":["GET"]}}],"collection":[{"href":"https:\/\/yingmeipack.com\/pt\/wp-json\/wp\/v2\/product"}],"about":[{"href":"https:\/\/yingmeipack.com\/pt\/wp-json\/wp\/v2\/types\/product"}],"version-history":[{"count":1,"href":"https:\/\/yingmeipack.com\/pt\/wp-json\/wp\/v2\/product\/400\/revisions"}],"predecessor-version":[{"id":407,"href":"https:\/\/yingmeipack.com\/pt\/wp-json\/wp\/v2\/product\/400\/revisions\/407"}],"wp:featuredmedia":[{"embeddable":true,"href":"https:\/\/yingmeipack.com\/pt\/wp-json\/wp\/v2\/media\/401"}],"wp:attachment":[{"href":"https:\/\/yingmeipack.com\/pt\/wp-json\/wp\/v2\/media?parent=400"}],"wp:term":[{"taxonomy":"product_brand","embeddable":true,"href":"https:\/\/yingmeipack.com\/pt\/wp-json\/wp\/v2\/product_brand?post=400"},{"taxonomy":"product_cat","embeddable":true,"href":"https:\/\/yingmeipack.com\/pt\/wp-json\/wp\/v2\/product_cat?post=400"},{"taxonomy":"product_tag","embeddable":true,"href":"https:\/\/yingmeipack.com\/pt\/wp-json\/wp\/v2\/product_tag?post=400"}],"curies":[{"name":"wp","href":"https:\/\/api.w.org\/{rel}","templated":true}]}}