{"id":383,"date":"2022-11-20T09:10:18","date_gmt":"2022-11-20T09:10:18","guid":{"rendered":"https:\/\/yingmeipack.com\/?post_type=product&#038;p=383"},"modified":"2022-11-20T14:28:26","modified_gmt":"2022-11-20T14:28:26","slug":"1000ml-airtight-portable-silver-aluminum-storage-jars-tins","status":"publish","type":"product","link":"https:\/\/yingmeipack.com\/pt\/product\/1000ml-airtight-portable-silver-aluminum-storage-jars-tins\/","title":{"rendered":"Frascos de armazenamento de 1000 ml herm\u00e9ticos e port\u00e1teis em alum\u00ednio prateado"},"content":{"rendered":"","protected":false},"excerpt":{"rendered":"<p>Se est\u00e1 \u00e0 procura de um frasco de alum\u00ednio grande, n\u00e3o procure mais. Com um volume de 1000 ml e um tamanho de 83x195 mm, esta beleza \u00e9 o maior frasco de metal da nossa gama. Embora tenha um tamanho grande, apresenta um design extremamente elegante e leve. Al\u00e9m disso, a garrafa n\u00e3o tem costuras, o que lhe confere um acabamento de primeira qualidade. Juntamente com o seu aspeto met\u00e1lico liso, esta bela garrafa ir\u00e1 certamente dar um toque de classe e eleg\u00e2ncia \u00e0 sua linha de produtos. Apesar do seu design leve, a garrafa \u00e9 muito dur\u00e1vel. Isto torna-a adequada para utiliza\u00e7\u00e3o em embalagens comerciais e industriais. A garrafa \u00e9 fabricada em alum\u00ednio resistente \u00e0 ferrugem, o que lhe permite utiliz\u00e1-la com seguran\u00e7a na casa de banho e em qualquer outro tipo de ambiente h\u00famido. Se procura uma unidade grande para guardar alimentos, cosm\u00e9ticos ou medicamentos, o nosso frasco de alum\u00ednio de 1000 ml \u00e9 a escolha perfeita para si.<\/p>","protected":false},"featured_media":384,"template":"","meta":{"_kad_post_transparent":"default","_kad_post_title":"","_kad_post_layout":"default","_kad_post_sidebar_id":"","_kad_post_content_style":"default","_kad_post_vertical_padding":"default","_kad_post_feature":"","_kad_post_feature_position":"","_kad_post_header":false,"_kad_post_footer":false,"jetpack_publicize_message":"","jetpack_publicize_feature_enabled":true,"jetpack_social_post_already_shared":false,"jetpack_social_options":{"image_generator_settings":{"template":"highway","default_image_id":0,"enabled":false},"version":2}},"product_brand":[],"product_cat":[28,24,27],"product_tag":[138,136,134,135,137],"class_list":{"0":"post-383","1":"product","2":"type-product","3":"status-publish","4":"has-post-thumbnail","6":"product_cat-aluminum-jars","7":"product_cat-jars","8":"product_cat-metal-jars","9":"product_tag-1000ml-aluminum-jars","10":"product_tag-airtight-aluminum-jars","11":"product_tag-aluminum-storage-jar","12":"product_tag-aluminum-storage-tins","13":"product_tag-portable-aluminum-jars","15":"first","16":"instock","17":"shipping-taxable","18":"product-type-simple","19":"entry","20":"content-bg","21":"loop-entry"},"aioseo_notices":[],"jetpack_publicize_connections":[],"jetpack_sharing_enabled":true,"_links":{"self":[{"href":"https:\/\/yingmeipack.com\/pt\/wp-json\/wp\/v2\/product\/383","targetHints":{"allow":["GET"]}}],"collection":[{"href":"https:\/\/yingmeipack.com\/pt\/wp-json\/wp\/v2\/product"}],"about":[{"href":"https:\/\/yingmeipack.com\/pt\/wp-json\/wp\/v2\/types\/product"}],"version-history":[{"count":2,"href":"https:\/\/yingmeipack.com\/pt\/wp-json\/wp\/v2\/product\/383\/revisions"}],"predecessor-version":[{"id":390,"href":"https:\/\/yingmeipack.com\/pt\/wp-json\/wp\/v2\/product\/383\/revisions\/390"}],"wp:featuredmedia":[{"embeddable":true,"href":"https:\/\/yingmeipack.com\/pt\/wp-json\/wp\/v2\/media\/384"}],"wp:attachment":[{"href":"https:\/\/yingmeipack.com\/pt\/wp-json\/wp\/v2\/media?parent=383"}],"wp:term":[{"taxonomy":"product_brand","embeddable":true,"href":"https:\/\/yingmeipack.com\/pt\/wp-json\/wp\/v2\/product_brand?post=383"},{"taxonomy":"product_cat","embeddable":true,"href":"https:\/\/yingmeipack.com\/pt\/wp-json\/wp\/v2\/product_cat?post=383"},{"taxonomy":"product_tag","embeddable":true,"href":"https:\/\/yingmeipack.com\/pt\/wp-json\/wp\/v2\/product_tag?post=383"}],"curies":[{"name":"wp","href":"https:\/\/api.w.org\/{rel}","templated":true}]}}