{"id":3764,"date":"2025-09-01T01:09:46","date_gmt":"2025-09-01T01:09:46","guid":{"rendered":"https:\/\/yingmeipack.com\/?post_type=product&#038;p=3764"},"modified":"2025-09-02T09:33:12","modified_gmt":"2025-09-02T09:33:12","slug":"120ml-gold-aluminum-can-with-lift-off-lid-multipurpose-use","status":"publish","type":"product","link":"https:\/\/yingmeipack.com\/pt\/product\/120ml-gold-aluminum-can-with-lift-off-lid-multipurpose-use\/","title":{"rendered":"120ml Gold Aluminum Can with Lift-Off Lid Multipurpose Use"},"content":{"rendered":"","protected":false},"excerpt":{"rendered":"<p>120 Gram Aluminum Silver Tin Metal Storage Containers with Flip Top Lids<br \/>\nCapacity: 120G\/120ML<br \/>\nTodos os frascos incluem um fundo e uma tampa (ex: 12 frascos = 12 fundos e 12 tampas)<br \/>\nDimensions: 82mm*30mm<br \/>\nLeve e compacto, perfeito para viajar<br \/>\nCan be Used to Store a Wide Variety of Items \u2013 From Cosmetics to Jewelry to Art Supplies and Hardware<br \/>\nFrascos de alum\u00ednio reutiliz\u00e1veis para armazenar cremes, lo\u00e7\u00f5es, maquilhagem, cosm\u00e9ticos, b\u00e1lsamos labiais, esfoliantes, pomadas, acess\u00f3rios para unhas, amuletos, contas, pequenas j\u00f3ias e muito mais<br \/>\nPode ser utilizado para misturar ou colher amostras de produtos de beleza ou de sa\u00fade<br \/>\n\u00d3timo para uso profissional ou pessoal<\/p>","protected":false},"featured_media":3829,"template":"","meta":{"_kad_post_transparent":"default","_kad_post_title":"","_kad_post_layout":"default","_kad_post_sidebar_id":"","_kad_post_content_style":"default","_kad_post_vertical_padding":"default","_kad_post_feature":"","_kad_post_feature_position":"","_kad_post_header":false,"_kad_post_footer":false,"jetpack_publicize_message":"","jetpack_publicize_feature_enabled":true,"jetpack_social_post_already_shared":true,"jetpack_social_options":{"image_generator_settings":{"template":"highway","default_image_id":0,"enabled":false},"version":2}},"product_brand":[],"product_cat":[28,24,27],"product_tag":[709,712,710,711],"class_list":{"0":"post-3764","1":"product","2":"type-product","3":"status-publish","4":"has-post-thumbnail","6":"product_cat-aluminum-jars","7":"product_cat-jars","8":"product_cat-metal-jars","9":"product_tag-120ml-gold-aluminum-can","10":"product_tag-120ml-multipurpose-aluminum-can","11":"product_tag-lift-off-lid-aluminum-can","12":"product_tag-multipurpose-gold-aluminum-can","14":"first","15":"instock","16":"shipping-taxable","17":"purchasable","18":"product-type-simple","19":"entry","20":"content-bg","21":"loop-entry"},"aioseo_notices":[],"jetpack_publicize_connections":[],"jetpack_sharing_enabled":true,"_links":{"self":[{"href":"https:\/\/yingmeipack.com\/pt\/wp-json\/wp\/v2\/product\/3764","targetHints":{"allow":["GET"]}}],"collection":[{"href":"https:\/\/yingmeipack.com\/pt\/wp-json\/wp\/v2\/product"}],"about":[{"href":"https:\/\/yingmeipack.com\/pt\/wp-json\/wp\/v2\/types\/product"}],"version-history":[{"count":1,"href":"https:\/\/yingmeipack.com\/pt\/wp-json\/wp\/v2\/product\/3764\/revisions"}],"predecessor-version":[{"id":3834,"href":"https:\/\/yingmeipack.com\/pt\/wp-json\/wp\/v2\/product\/3764\/revisions\/3834"}],"wp:featuredmedia":[{"embeddable":true,"href":"https:\/\/yingmeipack.com\/pt\/wp-json\/wp\/v2\/media\/3829"}],"wp:attachment":[{"href":"https:\/\/yingmeipack.com\/pt\/wp-json\/wp\/v2\/media?parent=3764"}],"wp:term":[{"taxonomy":"product_brand","embeddable":true,"href":"https:\/\/yingmeipack.com\/pt\/wp-json\/wp\/v2\/product_brand?post=3764"},{"taxonomy":"product_cat","embeddable":true,"href":"https:\/\/yingmeipack.com\/pt\/wp-json\/wp\/v2\/product_cat?post=3764"},{"taxonomy":"product_tag","embeddable":true,"href":"https:\/\/yingmeipack.com\/pt\/wp-json\/wp\/v2\/product_tag?post=3764"}],"curies":[{"name":"wp","href":"https:\/\/api.w.org\/{rel}","templated":true}]}}