{"id":3763,"date":"2025-08-30T09:58:55","date_gmt":"2025-08-30T09:58:55","guid":{"rendered":"https:\/\/yingmeipack.com\/?post_type=product&#038;p=3763"},"modified":"2025-09-06T09:09:05","modified_gmt":"2025-09-06T09:09:05","slug":"50ml-transparent-printed-pet-plastic-jar-with-aluminum-cap","status":"publish","type":"product","link":"https:\/\/yingmeipack.com\/pt\/product\/50ml-transparent-printed-pet-plastic-jar-with-aluminum-cap\/","title":{"rendered":"50ml transparent printed PET plastic jar with aluminum cap"},"content":{"rendered":"","protected":false},"excerpt":{"rendered":"<p>Size: mouth:38mm, body: 50mm,bottom:42mm,<\/p>\n<p>\u3010Material de alta qualidade\u3011Esses potes de pl\u00e1stico com tampas s\u00e3o feitos de pl\u00e1stico PET de grau aliment\u00edcio de alta qualidade, resistente, dur\u00e1vel, reutiliz\u00e1vel, transparente e leve. voc\u00ea pode usar com seguran\u00e7a esses potes vazios para encher sua comida sem se preocupar com os efeitos dos potes, esses potes de comida atender\u00e3o \u00e0s suas necessidades de armazenamento de alimentos, basta colocar sua comida favorita nele.<br \/>\n\u3010Leak Proof Design\u3011The plastic jars with aluminum caps adopt leak proof design,there have screw thread and gasket seals on the top of the slime container,possessing good airtightness can effectively prevent leakage and prevent the moisture in the clear jars from contacting the air, resulting in dry and wet items.<br \/>\n\u3010Utiliza\u00e7\u00e3o ampla\u3011 Esses potes de alimentos s\u00e3o muito adequados para gel\u00e9ia, alimentos secos, nozes, especiarias, farinha, a\u00e7\u00facar e armazenamento de alimentos variados, mas tamb\u00e9m o recipiente cosm\u00e9tico ideal para esfoliantes, manteiga corporal, lo\u00e7\u00e3o, sal de banho, perfeito para voc\u00ea fazer seu pr\u00f3prio corpo DIY ou produ\u00e7\u00e3o de cuidados com os cabelos.<br \/>\n\u3010P\u00d3S-VENDA SEM RESSALVAS\u3011 Se voc\u00ea tiver algum problema de uso sobre nossos frascos com tampas que n\u00e3o possam ser resolvidos, n\u00e3o hesite em nos contatar para obter ajuda. Responderemos a voc\u00ea imediatamente para resolver seu problema e dar-lhe uma resposta satisfat\u00f3ria, certifique-se de fornecer um \u00f3timo servi\u00e7o com nossos potes de pl\u00e1stico.<\/p>","protected":false},"featured_media":3969,"template":"","meta":{"_kad_post_transparent":"default","_kad_post_title":"","_kad_post_layout":"default","_kad_post_sidebar_id":"","_kad_post_content_style":"default","_kad_post_vertical_padding":"default","_kad_post_feature":"","_kad_post_feature_position":"","_kad_post_header":false,"_kad_post_footer":false,"jetpack_publicize_message":"","jetpack_publicize_feature_enabled":true,"jetpack_social_post_already_shared":true,"jetpack_social_options":{"image_generator_settings":{"template":"highway","default_image_id":0,"enabled":false},"version":2}},"product_brand":[],"product_cat":[19,24,20,25],"product_tag":[756,753,754,755],"class_list":{"0":"post-3763","1":"product","2":"type-product","3":"status-publish","4":"has-post-thumbnail","6":"product_cat-bottles","7":"product_cat-jars","8":"product_cat-plastic-bottles","9":"product_cat-plastic-jars","10":"product_tag-diy-gift-jar","11":"product_tag-food-grade-pet","12":"product_tag-leak-proof-design","13":"product_tag-multi-use-container","15":"first","16":"instock","17":"shipping-taxable","18":"product-type-simple","19":"entry","20":"content-bg","21":"loop-entry"},"aioseo_notices":[],"jetpack_publicize_connections":[],"jetpack_sharing_enabled":true,"_links":{"self":[{"href":"https:\/\/yingmeipack.com\/pt\/wp-json\/wp\/v2\/product\/3763","targetHints":{"allow":["GET"]}}],"collection":[{"href":"https:\/\/yingmeipack.com\/pt\/wp-json\/wp\/v2\/product"}],"about":[{"href":"https:\/\/yingmeipack.com\/pt\/wp-json\/wp\/v2\/types\/product"}],"version-history":[{"count":1,"href":"https:\/\/yingmeipack.com\/pt\/wp-json\/wp\/v2\/product\/3763\/revisions"}],"predecessor-version":[{"id":3975,"href":"https:\/\/yingmeipack.com\/pt\/wp-json\/wp\/v2\/product\/3763\/revisions\/3975"}],"wp:featuredmedia":[{"embeddable":true,"href":"https:\/\/yingmeipack.com\/pt\/wp-json\/wp\/v2\/media\/3969"}],"wp:attachment":[{"href":"https:\/\/yingmeipack.com\/pt\/wp-json\/wp\/v2\/media?parent=3763"}],"wp:term":[{"taxonomy":"product_brand","embeddable":true,"href":"https:\/\/yingmeipack.com\/pt\/wp-json\/wp\/v2\/product_brand?post=3763"},{"taxonomy":"product_cat","embeddable":true,"href":"https:\/\/yingmeipack.com\/pt\/wp-json\/wp\/v2\/product_cat?post=3763"},{"taxonomy":"product_tag","embeddable":true,"href":"https:\/\/yingmeipack.com\/pt\/wp-json\/wp\/v2\/product_tag?post=3763"}],"curies":[{"name":"wp","href":"https:\/\/api.w.org\/{rel}","templated":true}]}}