{"id":376,"date":"2022-11-20T08:57:22","date_gmt":"2022-11-20T08:57:22","guid":{"rendered":"https:\/\/yingmeipack.com\/?post_type=product&#038;p=376"},"modified":"2022-11-20T09:07:56","modified_gmt":"2022-11-20T09:07:56","slug":"smooth-metal-aluminum-plastic-screw-cover-cap-lid-for-jars","status":"publish","type":"product","link":"https:\/\/yingmeipack.com\/pt\/product\/smooth-metal-aluminum-plastic-screw-cover-cap-lid-for-jars\/","title":{"rendered":"Tampa de metal lisa de alum\u00ednio e pl\u00e1stico com tampa de rosca para frascos"},"content":{"rendered":"","protected":false},"excerpt":{"rendered":"<p>Dispomos de uma grande variedade de tampas de metal e de pl\u00e1stico compat\u00edveis com garrafas, frascos e jarros de vidro. Estes fechos met\u00e1licos s\u00e3o aprovados pela FDA e est\u00e3o dispon\u00edveis em alum\u00ednio ou folha de Flandres electrol\u00edtica (a\u00e7o revestido a estanho). As cores incluem prata, estanho, alum\u00ednio, ouro, preto, branco, amarelo e vermelho. Est\u00e3o dispon\u00edveis v\u00e1rios revestimentos, incluindo polpa e poli, polpa e polivinil, F-217, polpa e folha de alum\u00ednio e plastisol.<br \/>\nAs nossas tampas met\u00e1licas s\u00e3o fechos met\u00e1licos descart\u00e1veis feitos de folha de Flandres. Um dispositivo manual ou linhas de produ\u00e7\u00e3o autom\u00e1ticas afectam o processo de fecho. As tampas s\u00e3o adequadas para todo o enchimento a quente e a frio de produtos secos, aquosos e gordos sob processos de pasteuriza\u00e7\u00e3o e esteriliza\u00e7\u00e3o. Largamente utilizada para fruta, legumes, carne, molhos e pequenas por\u00e7\u00f5es de especialidades, esta tampa \u00e9 uma \u00f3ptima escolha para qualquer tipo de produto alimentar.<\/p>","protected":false},"featured_media":377,"template":"","meta":{"_kad_post_transparent":"default","_kad_post_title":"","_kad_post_layout":"default","_kad_post_sidebar_id":"","_kad_post_content_style":"default","_kad_post_vertical_padding":"default","_kad_post_feature":"","_kad_post_feature_position":"","_kad_post_header":false,"_kad_post_footer":false,"jetpack_publicize_message":"","jetpack_publicize_feature_enabled":true,"jetpack_social_post_already_shared":false,"jetpack_social_options":{"image_generator_settings":{"template":"highway","default_image_id":0,"enabled":false},"version":2}},"product_brand":[],"product_cat":[34],"product_tag":[132,133,131,130],"class_list":{"0":"post-376","1":"product","2":"type-product","3":"status-publish","4":"has-post-thumbnail","6":"product_cat-caps","7":"product_tag-plastic-screw-cap","8":"product_tag-plastic-screw-lid","9":"product_tag-screw-cover","10":"product_tag-screw-cover-cap","12":"first","13":"instock","14":"shipping-taxable","15":"product-type-simple","16":"entry","17":"content-bg","18":"loop-entry"},"aioseo_notices":[],"jetpack_publicize_connections":[],"jetpack_sharing_enabled":true,"_links":{"self":[{"href":"https:\/\/yingmeipack.com\/pt\/wp-json\/wp\/v2\/product\/376","targetHints":{"allow":["GET"]}}],"collection":[{"href":"https:\/\/yingmeipack.com\/pt\/wp-json\/wp\/v2\/product"}],"about":[{"href":"https:\/\/yingmeipack.com\/pt\/wp-json\/wp\/v2\/types\/product"}],"version-history":[{"count":1,"href":"https:\/\/yingmeipack.com\/pt\/wp-json\/wp\/v2\/product\/376\/revisions"}],"predecessor-version":[{"id":382,"href":"https:\/\/yingmeipack.com\/pt\/wp-json\/wp\/v2\/product\/376\/revisions\/382"}],"wp:featuredmedia":[{"embeddable":true,"href":"https:\/\/yingmeipack.com\/pt\/wp-json\/wp\/v2\/media\/377"}],"wp:attachment":[{"href":"https:\/\/yingmeipack.com\/pt\/wp-json\/wp\/v2\/media?parent=376"}],"wp:term":[{"taxonomy":"product_brand","embeddable":true,"href":"https:\/\/yingmeipack.com\/pt\/wp-json\/wp\/v2\/product_brand?post=376"},{"taxonomy":"product_cat","embeddable":true,"href":"https:\/\/yingmeipack.com\/pt\/wp-json\/wp\/v2\/product_cat?post=376"},{"taxonomy":"product_tag","embeddable":true,"href":"https:\/\/yingmeipack.com\/pt\/wp-json\/wp\/v2\/product_tag?post=376"}],"curies":[{"name":"wp","href":"https:\/\/api.w.org\/{rel}","templated":true}]}}