{"id":3402,"date":"2025-08-22T03:48:39","date_gmt":"2025-08-22T03:48:39","guid":{"rendered":"https:\/\/yingmeipack.com\/?post_type=product&#038;p=3402"},"modified":"2025-08-22T06:42:20","modified_gmt":"2025-08-22T06:42:20","slug":"mini-10ml-aluminum-can-silver-slide-cap-refillable","status":"publish","type":"product","link":"https:\/\/yingmeipack.com\/pt\/product\/mini-10ml-aluminum-can-silver-slide-cap-refillable\/","title":{"rendered":"Mini 10ml Aluminum Can &#8211; Silver Slide Cap, Refillable"},"content":{"rendered":"","protected":false},"excerpt":{"rendered":"<ul>\n<li>Makeup Ruond Cream Container: These gift boxes are durable, wear-resistant and fall-resistant. A packing box for Christmas, birthday, wedding.<\/li>\n<li>Lata de alum\u00ednio redonda para velas: A lata \u00e9 um recipiente vazio com um design redondo, que pode reduzir o risco de o pico magoar as pessoas, f\u00e1cil e seguro de abrir e fechar.<\/li>\n<li>Round Metal Tins: They can be for packaging boxes such as tea boxes, candy boxes, jewelry boxes.<\/li>\n<li>Latas para folhas de ch\u00e1: Feitas de alum\u00ednio, n\u00e3o s\u00e3o f\u00e1ceis de partir, o que as tornar\u00e1 \u00fateis durante um per\u00edodo, t\u00eam uma superf\u00edcie lisa que pode ser colocada em conjunto para uma utiliza\u00e7\u00e3o conveniente.<\/li>\n<li>Frascos para amostras de cosm\u00e9ticos: Constru\u00e7\u00e3o sem costuras, dur\u00e1vel, f\u00e1cil de transportar e usar. Projectos de fabrico de velas DIY.<\/li>\n<\/ul>\n<p>This slip Lid aluminum jar is made from food grade materials, and the dimension is 36*17*0.3 mm. Made of aluminium, lightweight but durable, easy to carry. These tin cans have no sharp edges, all edges are rounded and are seamlessly formed. The material can be recycled or re-used making. Great containers for lip balms, lip gloss, creams, cosmetics, salve, pills, beads, screws, candies, buttons, coins, herbs, tea, candles and much more. They are also suitable for slime storage, making candles and DIY craft.<\/p>","protected":false},"featured_media":3404,"template":"","meta":{"_kad_post_transparent":"default","_kad_post_title":"","_kad_post_layout":"default","_kad_post_sidebar_id":"","_kad_post_content_style":"default","_kad_post_vertical_padding":"default","_kad_post_feature":"","_kad_post_feature_position":"","_kad_post_header":false,"_kad_post_footer":false,"jetpack_publicize_message":"","jetpack_publicize_feature_enabled":true,"jetpack_social_post_already_shared":true,"jetpack_social_options":{"image_generator_settings":{"template":"highway","default_image_id":0,"enabled":false},"version":2}},"product_brand":[],"product_cat":[28,24,27],"product_tag":[606,604,607,605],"class_list":{"0":"post-3402","1":"product","2":"type-product","3":"status-publish","4":"has-post-thumbnail","6":"product_cat-aluminum-jars","7":"product_cat-jars","8":"product_cat-metal-jars","9":"product_tag-10ml-mini-can","10":"product_tag-refillable-aluminum-can","11":"product_tag-silver-cosmetic-sample-jar","12":"product_tag-slide-cap-container","14":"first","15":"instock","16":"shipping-taxable","17":"purchasable","18":"product-type-simple","19":"entry","20":"content-bg","21":"loop-entry"},"aioseo_notices":[],"jetpack_publicize_connections":[],"jetpack_sharing_enabled":true,"_links":{"self":[{"href":"https:\/\/yingmeipack.com\/pt\/wp-json\/wp\/v2\/product\/3402","targetHints":{"allow":["GET"]}}],"collection":[{"href":"https:\/\/yingmeipack.com\/pt\/wp-json\/wp\/v2\/product"}],"about":[{"href":"https:\/\/yingmeipack.com\/pt\/wp-json\/wp\/v2\/types\/product"}],"version-history":[{"count":3,"href":"https:\/\/yingmeipack.com\/pt\/wp-json\/wp\/v2\/product\/3402\/revisions"}],"predecessor-version":[{"id":3430,"href":"https:\/\/yingmeipack.com\/pt\/wp-json\/wp\/v2\/product\/3402\/revisions\/3430"}],"wp:featuredmedia":[{"embeddable":true,"href":"https:\/\/yingmeipack.com\/pt\/wp-json\/wp\/v2\/media\/3404"}],"wp:attachment":[{"href":"https:\/\/yingmeipack.com\/pt\/wp-json\/wp\/v2\/media?parent=3402"}],"wp:term":[{"taxonomy":"product_brand","embeddable":true,"href":"https:\/\/yingmeipack.com\/pt\/wp-json\/wp\/v2\/product_brand?post=3402"},{"taxonomy":"product_cat","embeddable":true,"href":"https:\/\/yingmeipack.com\/pt\/wp-json\/wp\/v2\/product_cat?post=3402"},{"taxonomy":"product_tag","embeddable":true,"href":"https:\/\/yingmeipack.com\/pt\/wp-json\/wp\/v2\/product_tag?post=3402"}],"curies":[{"name":"wp","href":"https:\/\/api.w.org\/{rel}","templated":true}]}}