{"id":3296,"date":"2025-08-20T01:11:28","date_gmt":"2025-08-20T01:11:28","guid":{"rendered":"https:\/\/yingmeipack.com\/?post_type=product&#038;p=3296"},"modified":"2025-11-18T02:56:02","modified_gmt":"2025-11-18T02:56:02","slug":"custom-printed-aluminum-cans-60ml-black-color","status":"publish","type":"product","link":"https:\/\/yingmeipack.com\/pt\/product\/custom-printed-aluminum-cans-60ml-black-color\/","title":{"rendered":"Custom Printed Aluminum Cans 60ml &#8211; Black Color"},"content":{"rendered":"","protected":false},"excerpt":{"rendered":"<p>O tamanho deste frasco de alum\u00ednio \u00e9 68*25 mm. \u00c9 feito de alum\u00ednio de qualidade superior, leve mas dur\u00e1vel, f\u00e1cil de transportar em viagem. A tampa de rosca e a espuma interior bem vedadas eliminam o risco de fugas ou derretimento e protegem os seus produtos da exposi\u00e7\u00e3o \u00e0 luz e de temperaturas elevadas. Todos os rebordos s\u00e3o arredondados e t\u00eam uma forma perfeita. Excelentes recipientes para b\u00e1lsamos labiais, desodorizante em creme, pastilhas de pasta de dentes, comprimidos, moedas, ervas e muito mais. Os clientes podem personalizar ainda mais todos os pormenores com base nos seus pr\u00f3prios requisitos.<\/p>\n<p>&nbsp;<\/p>","protected":false},"featured_media":4572,"template":"","meta":{"_kad_post_transparent":"default","_kad_post_title":"","_kad_post_layout":"default","_kad_post_sidebar_id":"","_kad_post_content_style":"default","_kad_post_vertical_padding":"default","_kad_post_feature":"","_kad_post_feature_position":"","_kad_post_header":false,"_kad_post_footer":false,"jetpack_publicize_message":"","jetpack_publicize_feature_enabled":true,"jetpack_social_post_already_shared":true,"jetpack_social_options":{"image_generator_settings":{"template":"highway","default_image_id":0,"enabled":false},"version":2}},"product_brand":[],"product_cat":[28,24,27],"product_tag":[577,578,575,576],"class_list":{"0":"post-3296","1":"product","2":"type-product","3":"status-publish","4":"has-post-thumbnail","6":"product_cat-aluminum-jars","7":"product_cat-jars","8":"product_cat-metal-jars","9":"product_tag-60ml-aluminum-cans","10":"product_tag-black-printed-cans","11":"product_tag-custom-aluminum-cans","12":"product_tag-printed-beverage-cans","14":"first","15":"instock","16":"shipping-taxable","17":"purchasable","18":"product-type-simple","19":"entry","20":"content-bg","21":"loop-entry"},"aioseo_notices":[],"jetpack_publicize_connections":[],"jetpack_sharing_enabled":true,"_links":{"self":[{"href":"https:\/\/yingmeipack.com\/pt\/wp-json\/wp\/v2\/product\/3296","targetHints":{"allow":["GET"]}}],"collection":[{"href":"https:\/\/yingmeipack.com\/pt\/wp-json\/wp\/v2\/product"}],"about":[{"href":"https:\/\/yingmeipack.com\/pt\/wp-json\/wp\/v2\/types\/product"}],"version-history":[{"count":1,"href":"https:\/\/yingmeipack.com\/pt\/wp-json\/wp\/v2\/product\/3296\/revisions"}],"predecessor-version":[{"id":3303,"href":"https:\/\/yingmeipack.com\/pt\/wp-json\/wp\/v2\/product\/3296\/revisions\/3303"}],"wp:featuredmedia":[{"embeddable":true,"href":"https:\/\/yingmeipack.com\/pt\/wp-json\/wp\/v2\/media\/4572"}],"wp:attachment":[{"href":"https:\/\/yingmeipack.com\/pt\/wp-json\/wp\/v2\/media?parent=3296"}],"wp:term":[{"taxonomy":"product_brand","embeddable":true,"href":"https:\/\/yingmeipack.com\/pt\/wp-json\/wp\/v2\/product_brand?post=3296"},{"taxonomy":"product_cat","embeddable":true,"href":"https:\/\/yingmeipack.com\/pt\/wp-json\/wp\/v2\/product_cat?post=3296"},{"taxonomy":"product_tag","embeddable":true,"href":"https:\/\/yingmeipack.com\/pt\/wp-json\/wp\/v2\/product_tag?post=3296"}],"curies":[{"name":"wp","href":"https:\/\/api.w.org\/{rel}","templated":true}]}}