{"id":3138,"date":"2025-07-28T01:04:31","date_gmt":"2025-07-28T01:04:31","guid":{"rendered":"https:\/\/yingmeipack.com\/?post_type=product&#038;p=3138"},"modified":"2025-11-18T03:06:32","modified_gmt":"2025-11-18T03:06:32","slug":"30ml-silver-laser-patterned-cosmetic-aluminum-jar","status":"publish","type":"product","link":"https:\/\/yingmeipack.com\/pt\/product\/30ml-silver-laser-patterned-cosmetic-aluminum-jar\/","title":{"rendered":"30ml Silver Laser Patterned Cosmetic Aluminum Jar"},"content":{"rendered":"","protected":false},"excerpt":{"rendered":"<p>A nossa tecnologia de superf\u00edcie pode fazer serigrafia, impress\u00e3o a cores, estampagem, esvaziamento, abertura de janelas e outros processos, e a cor e o tamanho podem ser personalizados<\/p>\n<ul class=\"a-unordered-list a-vertical a-spacing-mini\">\n<li><span class=\"a-list-item\">Capacidade: 30ml\/1oz, 70mm<\/span><span class=\"a-list-item\">\" de di\u00e2metro x 14mm\" de altura.<\/span><\/li>\n<li><span class=\"a-list-item\">Colher para produtos secos - As arestas lisas n\u00e3o magoam as m\u00e3os e mant\u00eam-se. Pode utiliz\u00e1-la sem preocupa\u00e7\u00f5es.<\/span><\/li>\n<li><span class=\"a-list-item\">Colher de metal para gelo - Feito de material pl\u00e1stico transparente, dur\u00e1vel e seguro de usar. Partilhe-o com a sua fam\u00edlia e amigos porque \u00e9 pr\u00e1tico.<\/span><\/li>\n<li><span class=\"a-list-item\">Colher para rebu\u00e7ados - Os bordos lisos n\u00e3o magoam as m\u00e3os. \u00d3timo para eventos especiais ou para uso di\u00e1rio.<\/span><\/li>\n<li><span class=\"a-list-item\">Colheres de banho - Segur\u00e1-la na m\u00e3o proporcionar-lhe-\u00e1 uma experi\u00eancia confort\u00e1vel. Tamb\u00e9m lhe trar\u00e1 muita comodidade.<\/span><\/li>\n<li><span class=\"a-list-item\">100% Garantia de satisfa\u00e7\u00e3o: Para garantir que a sua experi\u00eancia de compra 100% seja satisfat\u00f3ria, n\u00e3o hesite em contactar-nos se tiver alguma d\u00favida ou preocupa\u00e7\u00e3o.<\/span><\/li>\n<\/ul>","protected":false},"featured_media":4582,"template":"","meta":{"_kad_post_transparent":"default","_kad_post_title":"","_kad_post_layout":"default","_kad_post_sidebar_id":"","_kad_post_content_style":"default","_kad_post_vertical_padding":"default","_kad_post_feature":"","_kad_post_feature_position":"","_kad_post_header":false,"_kad_post_footer":false,"jetpack_publicize_message":"","jetpack_publicize_feature_enabled":true,"jetpack_social_post_already_shared":true,"jetpack_social_options":{"image_generator_settings":{"template":"highway","default_image_id":0,"enabled":false},"version":2}},"product_brand":[],"product_cat":[28,24,27],"product_tag":[528,282,530,531,529],"class_list":{"0":"post-3138","1":"product","2":"type-product","3":"status-publish","4":"has-post-thumbnail","6":"product_cat-aluminum-jars","7":"product_cat-jars","8":"product_cat-metal-jars","9":"product_tag-30ml-silver-laser-cosmetic-can","10":"product_tag-aluminum-jar","11":"product_tag-custom-silver-30ml-alu-can","12":"product_tag-eco-laser-alu-cosmetic-can","13":"product_tag-laser-pattern-aluminum-can","15":"first","16":"instock","17":"shipping-taxable","18":"purchasable","19":"product-type-simple","20":"entry","21":"content-bg","22":"loop-entry"},"aioseo_notices":[],"jetpack_publicize_connections":[],"jetpack_sharing_enabled":true,"_links":{"self":[{"href":"https:\/\/yingmeipack.com\/pt\/wp-json\/wp\/v2\/product\/3138","targetHints":{"allow":["GET"]}}],"collection":[{"href":"https:\/\/yingmeipack.com\/pt\/wp-json\/wp\/v2\/product"}],"about":[{"href":"https:\/\/yingmeipack.com\/pt\/wp-json\/wp\/v2\/types\/product"}],"version-history":[{"count":1,"href":"https:\/\/yingmeipack.com\/pt\/wp-json\/wp\/v2\/product\/3138\/revisions"}],"predecessor-version":[{"id":3153,"href":"https:\/\/yingmeipack.com\/pt\/wp-json\/wp\/v2\/product\/3138\/revisions\/3153"}],"wp:featuredmedia":[{"embeddable":true,"href":"https:\/\/yingmeipack.com\/pt\/wp-json\/wp\/v2\/media\/4582"}],"wp:attachment":[{"href":"https:\/\/yingmeipack.com\/pt\/wp-json\/wp\/v2\/media?parent=3138"}],"wp:term":[{"taxonomy":"product_brand","embeddable":true,"href":"https:\/\/yingmeipack.com\/pt\/wp-json\/wp\/v2\/product_brand?post=3138"},{"taxonomy":"product_cat","embeddable":true,"href":"https:\/\/yingmeipack.com\/pt\/wp-json\/wp\/v2\/product_cat?post=3138"},{"taxonomy":"product_tag","embeddable":true,"href":"https:\/\/yingmeipack.com\/pt\/wp-json\/wp\/v2\/product_tag?post=3138"}],"curies":[{"name":"wp","href":"https:\/\/api.w.org\/{rel}","templated":true}]}}