{"id":3070,"date":"2025-07-22T07:41:07","date_gmt":"2025-07-22T07:41:07","guid":{"rendered":"https:\/\/yingmeipack.com\/?post_type=product&#038;p=3070"},"modified":"2025-11-17T09:27:29","modified_gmt":"2025-11-17T09:27:29","slug":"wholesale-10ml-rose-gold-printed-aluminum-lipstick-tubes","status":"publish","type":"product","link":"https:\/\/yingmeipack.com\/pt\/product\/wholesale-10ml-rose-gold-printed-aluminum-lipstick-tubes\/","title":{"rendered":"Wholesale 10ml Rose Gold Printed Aluminum Lipstick Tubes"},"content":{"rendered":"","protected":false},"excerpt":{"rendered":"<p>Um frasco de alum\u00ednio de 10 ml - muito leve e dur\u00e1vel. Os recipientes s\u00e3o revestidos com EPA (Epoxy Phenolic*) com esta resina especial no interior, pelo que o alum\u00ednio n\u00e3o entrar\u00e1 em contacto direto com o seu produto e, por conseguinte, n\u00e3o h\u00e1 qualquer possibilidade de rea\u00e7\u00e3o ou oxida\u00e7\u00e3o com o seu produto. Os nossos recipientes de alum\u00ednio s\u00e3o totalmente reutiliz\u00e1veis e recicl\u00e1veis e podem ser reciclados em instala\u00e7\u00f5es de reciclagem normais. O alum\u00ednio revestido com EP torna o frasco de alum\u00ednio adequado para a maioria dos tipos de produtos, incluindo produtos \u00e0 base de \u00e1gua, \u00e0 base de \u00f3leo e \u00e0 base de solventes. Este frasco de alum\u00ednio \u00e9 fornecido completo com uma tampa de alum\u00ednio, especificamente concebida para este frasco, de modo a garantir uma veda\u00e7\u00e3o herm\u00e9tica. O alum\u00ednio \u00e9 totalmente recicl\u00e1vel, com um baixo consumo de calor. O baixo peso torna o alum\u00ednio ideal para o transporte. O alum\u00ednio n\u00e3o lixivia se for colocado num aterro sanit\u00e1rio.<\/p>","protected":false},"featured_media":4521,"template":"","meta":{"_kad_post_transparent":"default","_kad_post_title":"","_kad_post_layout":"default","_kad_post_sidebar_id":"","_kad_post_content_style":"default","_kad_post_vertical_padding":"default","_kad_post_feature":"","_kad_post_feature_position":"","_kad_post_header":false,"_kad_post_footer":false,"jetpack_publicize_message":"","jetpack_publicize_feature_enabled":true,"jetpack_social_post_already_shared":true,"jetpack_social_options":{"image_generator_settings":{"template":"highway","default_image_id":0,"enabled":false},"version":2}},"product_brand":[],"product_cat":[28,24,27],"product_tag":[487,498,499,500],"class_list":{"0":"post-3070","1":"product","2":"type-product","3":"status-publish","4":"has-post-thumbnail","6":"product_cat-aluminum-jars","7":"product_cat-jars","8":"product_cat-metal-jars","9":"product_tag-10ml-aluminum-packaging","10":"product_tag-cosmetic-packaging-wholesale","11":"product_tag-printed-lipstick-tube-suppliers","12":"product_tag-rose-gold-lipstick-tubes-wholesale","14":"first","15":"instock","16":"shipping-taxable","17":"purchasable","18":"product-type-simple","19":"entry","20":"content-bg","21":"loop-entry"},"aioseo_notices":[],"jetpack_publicize_connections":[],"jetpack_sharing_enabled":true,"_links":{"self":[{"href":"https:\/\/yingmeipack.com\/pt\/wp-json\/wp\/v2\/product\/3070","targetHints":{"allow":["GET"]}}],"collection":[{"href":"https:\/\/yingmeipack.com\/pt\/wp-json\/wp\/v2\/product"}],"about":[{"href":"https:\/\/yingmeipack.com\/pt\/wp-json\/wp\/v2\/types\/product"}],"version-history":[{"count":1,"href":"https:\/\/yingmeipack.com\/pt\/wp-json\/wp\/v2\/product\/3070\/revisions"}],"predecessor-version":[{"id":3077,"href":"https:\/\/yingmeipack.com\/pt\/wp-json\/wp\/v2\/product\/3070\/revisions\/3077"}],"wp:featuredmedia":[{"embeddable":true,"href":"https:\/\/yingmeipack.com\/pt\/wp-json\/wp\/v2\/media\/4521"}],"wp:attachment":[{"href":"https:\/\/yingmeipack.com\/pt\/wp-json\/wp\/v2\/media?parent=3070"}],"wp:term":[{"taxonomy":"product_brand","embeddable":true,"href":"https:\/\/yingmeipack.com\/pt\/wp-json\/wp\/v2\/product_brand?post=3070"},{"taxonomy":"product_cat","embeddable":true,"href":"https:\/\/yingmeipack.com\/pt\/wp-json\/wp\/v2\/product_cat?post=3070"},{"taxonomy":"product_tag","embeddable":true,"href":"https:\/\/yingmeipack.com\/pt\/wp-json\/wp\/v2\/product_tag?post=3070"}],"curies":[{"name":"wp","href":"https:\/\/api.w.org\/{rel}","templated":true}]}}