{"id":304,"date":"2022-11-17T03:32:36","date_gmt":"2022-11-17T03:32:36","guid":{"rendered":"https:\/\/yingmeipack.com\/?post_type=product&#038;p=304"},"modified":"2022-11-19T03:14:38","modified_gmt":"2022-11-19T03:14:38","slug":"25ml-small-clear-pet-plastic-cosmetic-jar-with-aluminium-lid","status":"publish","type":"product","link":"https:\/\/yingmeipack.com\/pt\/product\/25ml-small-clear-pet-plastic-cosmetic-jar-with-aluminium-lid\/","title":{"rendered":"Frasco para cosm\u00e9ticos pequeno de pl\u00e1stico PET transparente de 25 ml com tampa de alum\u00ednio"},"content":{"rendered":"","protected":false},"excerpt":{"rendered":"<p>O nosso frasco de pl\u00e1stico PET transparente de 25 ml \u00e9 fornecido com uma tampa de alum\u00ednio escovado de 47 mm para completar o aspeto do seu produto. A tampa tem um revestimento de EPE, que \u00e9 uma camada de espuma que fica na parte superior da tampa e empurra contra o gargalo do frasco para formar uma veda\u00e7\u00e3o e evitar que o seu produto vaze. O revestimento EPE oferece uma grande resist\u00eancia a muitos produtos, incluindo solventes e produtos qu\u00edmicos dom\u00e9sticos. A nossa tampa de alum\u00ednio oferece um acabamento resistente e elegante ao produto!<\/p>\n<div style=\"width: 1280px;\" class=\"wp-video\"><!--[if lt IE 9]><script>document.createElement('video');<\/script><![endif]--><br \/>\n<video class=\"wp-video-shortcode\" id=\"video-304-1\" width=\"1280\" height=\"720\" loop autoplay preload=\"auto\" controls=\"controls\"><source type=\"video\/mp4\" src=\"http:\/\/yingmeipack.com\/wp-content\/uploads\/2022\/11\/25ml-Plastic-Jar-with-Aluminum-Lid.mp4?_=1\" \/><a href=\"http:\/\/yingmeipack.com\/wp-content\/uploads\/2022\/11\/25ml-Plastic-Jar-with-Aluminum-Lid.mp4\">http:\/\/yingmeipack.com\/wp-content\/uploads\/2022\/11\/25ml-Plastic-Jar-with-Aluminum-Lid.mp4<\/a><\/video><\/div>\n<p>&nbsp;<\/p>","protected":false},"featured_media":305,"template":"","meta":{"_kad_post_transparent":"default","_kad_post_title":"","_kad_post_layout":"default","_kad_post_sidebar_id":"","_kad_post_content_style":"default","_kad_post_vertical_padding":"default","_kad_post_feature":"","_kad_post_feature_position":"","_kad_post_header":false,"_kad_post_footer":false,"jetpack_publicize_message":"","jetpack_publicize_feature_enabled":true,"jetpack_social_post_already_shared":false,"jetpack_social_options":{"image_generator_settings":{"template":"highway","default_image_id":0,"enabled":false},"version":2}},"product_brand":[],"product_cat":[24,25],"product_tag":[102,104,103,105],"class_list":{"0":"post-304","1":"product","2":"type-product","3":"status-publish","4":"has-post-thumbnail","6":"product_cat-jars","7":"product_cat-plastic-jars","8":"product_tag-25ml-plastic-cosmetic-jar","9":"product_tag-pet-cosmetic-jar","10":"product_tag-plastic-cosmetic-jar","11":"product_tag-plastic-jar-with-aluminium-lid","13":"first","14":"instock","15":"shipping-taxable","16":"product-type-simple","17":"entry","18":"content-bg","19":"loop-entry"},"aioseo_notices":[],"jetpack_publicize_connections":[],"jetpack_sharing_enabled":true,"_links":{"self":[{"href":"https:\/\/yingmeipack.com\/pt\/wp-json\/wp\/v2\/product\/304","targetHints":{"allow":["GET"]}}],"collection":[{"href":"https:\/\/yingmeipack.com\/pt\/wp-json\/wp\/v2\/product"}],"about":[{"href":"https:\/\/yingmeipack.com\/pt\/wp-json\/wp\/v2\/types\/product"}],"version-history":[{"count":2,"href":"https:\/\/yingmeipack.com\/pt\/wp-json\/wp\/v2\/product\/304\/revisions"}],"predecessor-version":[{"id":316,"href":"https:\/\/yingmeipack.com\/pt\/wp-json\/wp\/v2\/product\/304\/revisions\/316"}],"wp:featuredmedia":[{"embeddable":true,"href":"https:\/\/yingmeipack.com\/pt\/wp-json\/wp\/v2\/media\/305"}],"wp:attachment":[{"href":"https:\/\/yingmeipack.com\/pt\/wp-json\/wp\/v2\/media?parent=304"}],"wp:term":[{"taxonomy":"product_brand","embeddable":true,"href":"https:\/\/yingmeipack.com\/pt\/wp-json\/wp\/v2\/product_brand?post=304"},{"taxonomy":"product_cat","embeddable":true,"href":"https:\/\/yingmeipack.com\/pt\/wp-json\/wp\/v2\/product_cat?post=304"},{"taxonomy":"product_tag","embeddable":true,"href":"https:\/\/yingmeipack.com\/pt\/wp-json\/wp\/v2\/product_tag?post=304"}],"curies":[{"name":"wp","href":"https:\/\/api.w.org\/{rel}","templated":true}]}}