{"id":272,"date":"2022-11-17T01:33:41","date_gmt":"2022-11-17T01:33:41","guid":{"rendered":"https:\/\/yingmeipack.com\/?post_type=product&#038;p=272"},"modified":"2022-11-17T01:47:01","modified_gmt":"2022-11-17T01:47:01","slug":"empty-amber-pet-plastic-toner-lotion-bottles-with-disc-cap","status":"publish","type":"product","link":"https:\/\/yingmeipack.com\/pt\/product\/empty-amber-pet-plastic-toner-lotion-bottles-with-disc-cap\/","title":{"rendered":"Frascos vazios de pl\u00e1stico PET \u00e2mbar para lo\u00e7\u00e3o t\u00f3nica com tampa de disco"},"content":{"rendered":"","protected":false},"excerpt":{"rendered":"<p>Esta garrafa de pl\u00e1stico PET mede 82\u00d733 cm e \u00e9 fornecida com uma tampa de disco.<br \/>\nO \u00e2mbar escuro tem prote\u00e7\u00e3o UVA e UVB para evitar danos nos produtos sens\u00edveis \u00e0 luz solar.<br \/>\nAs nossas garrafas de pl\u00e1stico PET s\u00e3o resistentes ao impacto, leves, vers\u00e1teis e ideais para uma grande variedade de utiliza\u00e7\u00f5es de beleza, dom\u00e9sticas, na cozinha e em laborat\u00f3rios cient\u00edficos.<br \/>\nAs nossas garrafas recarreg\u00e1veis s\u00e3o f\u00e1ceis de limpar, reutilizar e reciclar. Nota: as garrafas de PEAD N\u00c3O podem ser lavadas na m\u00e1quina de lavar loi\u00e7a. Por favor, lave-as \u00e0 m\u00e3o para preservar a forma e a integridade da garrafa.<br \/>\nOs clientes podem ainda personalizar todos os pormenores para satisfazerem as suas pr\u00f3prias exig\u00eancias.<\/p>\n<div style=\"width: 1280px;\" class=\"wp-video\"><!--[if lt IE 9]><script>document.createElement('video');<\/script><![endif]--><br \/>\n<video class=\"wp-video-shortcode\" id=\"video-272-1\" width=\"1280\" height=\"720\" loop autoplay preload=\"auto\" controls=\"controls\"><source type=\"video\/mp4\" src=\"http:\/\/yingmeipack.com\/wp-content\/uploads\/2022\/11\/PET-Plastic-Lotion-Bottles.mp4?_=1\" \/><a href=\"http:\/\/yingmeipack.com\/wp-content\/uploads\/2022\/11\/PET-Plastic-Lotion-Bottles.mp4\">http:\/\/yingmeipack.com\/wp-content\/uploads\/2022\/11\/PET-Plastic-Lotion-Bottles.mp4<\/a><\/video><\/div>","protected":false},"featured_media":273,"template":"","meta":{"_kad_post_transparent":"default","_kad_post_title":"","_kad_post_layout":"default","_kad_post_sidebar_id":"","_kad_post_content_style":"default","_kad_post_vertical_padding":"default","_kad_post_feature":"","_kad_post_feature_position":"","_kad_post_header":false,"_kad_post_footer":false,"jetpack_publicize_message":"","jetpack_publicize_feature_enabled":true,"jetpack_social_post_already_shared":false,"jetpack_social_options":{"image_generator_settings":{"template":"highway","default_image_id":0,"enabled":false},"version":2}},"product_brand":[],"product_cat":[19,20],"product_tag":[93,91,94,92],"class_list":{"0":"post-272","1":"product","2":"type-product","3":"status-publish","4":"has-post-thumbnail","6":"product_cat-bottles","7":"product_cat-plastic-bottles","8":"product_tag-pet-lotion-bottles","9":"product_tag-pet-plastic-lotion-bottles","10":"product_tag-plastic-bottles-with-disc-cap","11":"product_tag-plastic-lotion-bottles","13":"first","14":"instock","15":"shipping-taxable","16":"product-type-simple","17":"entry","18":"content-bg","19":"loop-entry"},"aioseo_notices":[],"jetpack_publicize_connections":[],"jetpack_sharing_enabled":true,"_links":{"self":[{"href":"https:\/\/yingmeipack.com\/pt\/wp-json\/wp\/v2\/product\/272","targetHints":{"allow":["GET"]}}],"collection":[{"href":"https:\/\/yingmeipack.com\/pt\/wp-json\/wp\/v2\/product"}],"about":[{"href":"https:\/\/yingmeipack.com\/pt\/wp-json\/wp\/v2\/types\/product"}],"version-history":[{"count":1,"href":"https:\/\/yingmeipack.com\/pt\/wp-json\/wp\/v2\/product\/272\/revisions"}],"predecessor-version":[{"id":281,"href":"https:\/\/yingmeipack.com\/pt\/wp-json\/wp\/v2\/product\/272\/revisions\/281"}],"wp:featuredmedia":[{"embeddable":true,"href":"https:\/\/yingmeipack.com\/pt\/wp-json\/wp\/v2\/media\/273"}],"wp:attachment":[{"href":"https:\/\/yingmeipack.com\/pt\/wp-json\/wp\/v2\/media?parent=272"}],"wp:term":[{"taxonomy":"product_brand","embeddable":true,"href":"https:\/\/yingmeipack.com\/pt\/wp-json\/wp\/v2\/product_brand?post=272"},{"taxonomy":"product_cat","embeddable":true,"href":"https:\/\/yingmeipack.com\/pt\/wp-json\/wp\/v2\/product_cat?post=272"},{"taxonomy":"product_tag","embeddable":true,"href":"https:\/\/yingmeipack.com\/pt\/wp-json\/wp\/v2\/product_tag?post=272"}],"curies":[{"name":"wp","href":"https:\/\/api.w.org\/{rel}","templated":true}]}}