{"id":259,"date":"2022-11-17T01:08:22","date_gmt":"2022-11-17T01:08:22","guid":{"rendered":"https:\/\/yingmeipack.com\/?post_type=product&#038;p=259"},"modified":"2022-11-17T01:25:49","modified_gmt":"2022-11-17T01:25:49","slug":"100ml-green-pet-plastic-cosmetics-jar-with-aluminum-lid","status":"publish","type":"product","link":"https:\/\/yingmeipack.com\/pt\/product\/100ml-green-pet-plastic-cosmetics-jar-with-aluminum-lid\/","title":{"rendered":"Frasco para cosm\u00e9ticos de pl\u00e1stico PET verde de 100 ml com tampa de alum\u00ednio"},"content":{"rendered":"","protected":false},"excerpt":{"rendered":"<p>Este frasco de pl\u00e1stico PET \u00e9 fornecido com uma tampa de rosca de alum\u00ednio. A capacidade deste frasco \u00e9 de 100 ml e a sua dimens\u00e3o \u00e9 de 41*70 mm. Pode encher este frasco de pl\u00e1stico de 100 ml com tampa de alum\u00ednio com uma variedade de produtos diferentes, incluindo cremes faciais, manteigas corporais, b\u00e1lsamos e maquilhagem. \u00c9 feito de pl\u00e1stico PET (politereftalato de etileno) transparente, o que lhe d\u00e1 o aspeto do vidro, mas sem o pre\u00e7o adicional! O gargalo largo deste frasco torna-o muito f\u00e1cil de encher e muito f\u00e1cil para os seus clientes dispensarem. O pl\u00e1stico PET \u00e9 bem conhecido pelas suas propriedades leves, \u00e0 prova de estilha\u00e7os e resistentes ao impacto, o que o torna adequado para enviar produtos por correio e mant\u00ea-los seguros durante o transporte. O pl\u00e1stico transparente mostra os seus produtos com grande nitidez.<\/p>\n<div style=\"width: 1290px;\" class=\"wp-video\"><!--[if lt IE 9]><script>document.createElement('video');<\/script><![endif]--><br \/>\n<video class=\"wp-video-shortcode\" id=\"video-259-1\" width=\"1290\" height=\"726\" loop autoplay preload=\"auto\" controls=\"controls\"><source type=\"video\/mp4\" src=\"http:\/\/yingmeipack.com\/wp-content\/uploads\/2022\/11\/Plastic-Jars.mp4?_=1\" \/><a href=\"http:\/\/yingmeipack.com\/wp-content\/uploads\/2022\/11\/Plastic-Jars.mp4\">http:\/\/yingmeipack.com\/wp-content\/uploads\/2022\/11\/Plastic-Jars.mp4<\/a><\/video><\/div>","protected":false},"featured_media":260,"template":"","meta":{"_kad_post_transparent":"default","_kad_post_title":"","_kad_post_layout":"default","_kad_post_sidebar_id":"","_kad_post_content_style":"default","_kad_post_vertical_padding":"default","_kad_post_feature":"","_kad_post_feature_position":"","_kad_post_header":false,"_kad_post_footer":false,"jetpack_publicize_message":"","jetpack_publicize_feature_enabled":true,"jetpack_social_post_already_shared":false,"jetpack_social_options":{"image_generator_settings":{"template":"highway","default_image_id":0,"enabled":false},"version":2}},"product_brand":[],"product_cat":[24,25],"product_tag":[88,87,89,86,90],"class_list":{"0":"post-259","1":"product","2":"type-product","3":"status-publish","4":"has-post-thumbnail","6":"product_cat-jars","7":"product_cat-plastic-jars","8":"product_tag-100ml-pet-jar","9":"product_tag-100ml-plastic-jar","10":"product_tag-green-plastic-jar","11":"product_tag-plastic-cosmetics-jar","12":"product_tag-plastic-jar-with-aluminum-lid","14":"first","15":"instock","16":"shipping-taxable","17":"product-type-simple","18":"entry","19":"content-bg","20":"loop-entry"},"aioseo_notices":[],"jetpack_publicize_connections":[],"jetpack_sharing_enabled":true,"_links":{"self":[{"href":"https:\/\/yingmeipack.com\/pt\/wp-json\/wp\/v2\/product\/259","targetHints":{"allow":["GET"]}}],"collection":[{"href":"https:\/\/yingmeipack.com\/pt\/wp-json\/wp\/v2\/product"}],"about":[{"href":"https:\/\/yingmeipack.com\/pt\/wp-json\/wp\/v2\/types\/product"}],"version-history":[{"count":2,"href":"https:\/\/yingmeipack.com\/pt\/wp-json\/wp\/v2\/product\/259\/revisions"}],"predecessor-version":[{"id":271,"href":"https:\/\/yingmeipack.com\/pt\/wp-json\/wp\/v2\/product\/259\/revisions\/271"}],"wp:featuredmedia":[{"embeddable":true,"href":"https:\/\/yingmeipack.com\/pt\/wp-json\/wp\/v2\/media\/260"}],"wp:attachment":[{"href":"https:\/\/yingmeipack.com\/pt\/wp-json\/wp\/v2\/media?parent=259"}],"wp:term":[{"taxonomy":"product_brand","embeddable":true,"href":"https:\/\/yingmeipack.com\/pt\/wp-json\/wp\/v2\/product_brand?post=259"},{"taxonomy":"product_cat","embeddable":true,"href":"https:\/\/yingmeipack.com\/pt\/wp-json\/wp\/v2\/product_cat?post=259"},{"taxonomy":"product_tag","embeddable":true,"href":"https:\/\/yingmeipack.com\/pt\/wp-json\/wp\/v2\/product_tag?post=259"}],"curies":[{"name":"wp","href":"https:\/\/api.w.org\/{rel}","templated":true}]}}