{"id":2563,"date":"2025-06-26T02:25:14","date_gmt":"2025-06-26T02:25:14","guid":{"rendered":"https:\/\/yingmeipack.com\/?post_type=product&#038;p=2563"},"modified":"2025-06-26T02:54:29","modified_gmt":"2025-06-26T02:54:29","slug":"100ml-silver-round-aluminum-storage-jar-with-transparent-lid","status":"publish","type":"product","link":"https:\/\/yingmeipack.com\/pt\/product\/100ml-silver-round-aluminum-storage-jar-with-transparent-lid\/","title":{"rendered":"100ml silver round aluminum storage jar with transparent lid"},"content":{"rendered":"","protected":false},"excerpt":{"rendered":"<p>CONTENTORES SLIP SLIDE - Um bom contentor para guardar material de artesanato e pequenos artigos como velas, creme de maquilhagem, doces, etc.<br \/>\nLAT\u00c3O DE VELA REDONDO DE ALUM\u00cdNIO - Constru\u00e7\u00e3o sem costuras, dur\u00e1vel, f\u00e1cil de transportar e utilizar. Perfeito para projectos de fabrico de velas DIY.<br \/>\nLATAS DE LATAS DE ALUM\u00cdNIO COM JANELAS - Latas de alum\u00ednio redondas com janelas transparentes no topo, pode verificar o interior dos artigos de forma conveniente e sem abrir a tampa.<br \/>\nRecipientes de creme de maquilhagem RUOND - Recipientes de creme de viagem - Fabricados em alum\u00ednio, n\u00e3o se partem facilmente, o que os torna \u00fateis durante um longo per\u00edodo, t\u00eam uma superf\u00edcie lisa que pode ser colocada em conjunto para uma utiliza\u00e7\u00e3o conveniente.<br \/>\nCAIXA DE LAT\u00c3O TALIGHT - Estas caixas de presente s\u00e3o dur\u00e1veis, resistentes ao desgaste e \u00e0s quedas. Uma \u00f3ptima caixa de embalagem para presentes de Natal, anivers\u00e1rio, casamento, etc.<\/p>","protected":false},"featured_media":2571,"template":"","meta":{"_kad_post_transparent":"default","_kad_post_title":"","_kad_post_layout":"default","_kad_post_sidebar_id":"","_kad_post_content_style":"default","_kad_post_vertical_padding":"default","_kad_post_feature":"","_kad_post_feature_position":"","_kad_post_header":false,"_kad_post_footer":false,"jetpack_publicize_message":"","jetpack_publicize_feature_enabled":true,"jetpack_social_post_already_shared":false,"jetpack_social_options":{"image_generator_settings":{"template":"highway","default_image_id":0,"enabled":false},"version":2}},"product_brand":[],"product_cat":[28,24,27],"product_tag":[254,253,363,360],"class_list":{"0":"post-2563","1":"product","2":"type-product","3":"status-publish","4":"has-post-thumbnail","6":"product_cat-aluminum-jars","7":"product_cat-jars","8":"product_cat-metal-jars","9":"product_tag-aluminum-jar-with-clear-window","10":"product_tag-aluminum-round-container","11":"product_tag-gold-aluminum-can","12":"product_tag-tea-jar","14":"first","15":"instock","16":"shipping-taxable","17":"purchasable","18":"product-type-simple","19":"entry","20":"content-bg","21":"loop-entry"},"aioseo_notices":[],"jetpack_publicize_connections":[],"jetpack_sharing_enabled":true,"_links":{"self":[{"href":"https:\/\/yingmeipack.com\/pt\/wp-json\/wp\/v2\/product\/2563","targetHints":{"allow":["GET"]}}],"collection":[{"href":"https:\/\/yingmeipack.com\/pt\/wp-json\/wp\/v2\/product"}],"about":[{"href":"https:\/\/yingmeipack.com\/pt\/wp-json\/wp\/v2\/types\/product"}],"version-history":[{"count":1,"href":"https:\/\/yingmeipack.com\/pt\/wp-json\/wp\/v2\/product\/2563\/revisions"}],"predecessor-version":[{"id":2572,"href":"https:\/\/yingmeipack.com\/pt\/wp-json\/wp\/v2\/product\/2563\/revisions\/2572"}],"wp:featuredmedia":[{"embeddable":true,"href":"https:\/\/yingmeipack.com\/pt\/wp-json\/wp\/v2\/media\/2571"}],"wp:attachment":[{"href":"https:\/\/yingmeipack.com\/pt\/wp-json\/wp\/v2\/media?parent=2563"}],"wp:term":[{"taxonomy":"product_brand","embeddable":true,"href":"https:\/\/yingmeipack.com\/pt\/wp-json\/wp\/v2\/product_brand?post=2563"},{"taxonomy":"product_cat","embeddable":true,"href":"https:\/\/yingmeipack.com\/pt\/wp-json\/wp\/v2\/product_cat?post=2563"},{"taxonomy":"product_tag","embeddable":true,"href":"https:\/\/yingmeipack.com\/pt\/wp-json\/wp\/v2\/product_tag?post=2563"}],"curies":[{"name":"wp","href":"https:\/\/api.w.org\/{rel}","templated":true}]}}