{"id":2422,"date":"2025-06-19T07:37:27","date_gmt":"2025-06-19T07:37:27","guid":{"rendered":"https:\/\/yingmeipack.com\/?post_type=product&#038;p=2422"},"modified":"2025-06-19T07:46:50","modified_gmt":"2025-06-19T07:46:50","slug":"50g-customizable-red-square-metal-aluminum-box-gift-box","status":"publish","type":"product","link":"https:\/\/yingmeipack.com\/pt\/product\/50g-customizable-red-square-metal-aluminum-box-gift-box\/","title":{"rendered":"50g customizable red square metal aluminum box gift box"},"content":{"rendered":"","protected":false},"excerpt":{"rendered":"<p>O tamanho da caixa quadrada de frascos de alum\u00ednio \u00e9 45 * 60 * 20 mm, muito conveniente para transportar e \u00e9 a melhor escolha para viagens. \u00c9 feita de material de alum\u00ednio, que \u00e9 mais dur\u00e1vel do que o pl\u00e1stico e n\u00e3o \u00e9 f\u00e1cil de enferrujar! As nossas latas pequenas para organiza\u00e7\u00e3o dom\u00e9stica s\u00e3o concebidas com uma tampa, que pode ser bem selada e n\u00e3o vaza, \u00e0 prova de \u00e1gua, adequada para sair! O recipiente de metal com tampa foi concebido de forma simples, adequado para qualquer estilo de decora\u00e7\u00e3o de casa, para lhe proporcionar um servi\u00e7o a longo prazo! N\u00e3o \u00e9 adequado para sabonete, mas tamb\u00e9m para guardar v\u00e1rias coisas pequenas, como b\u00e1lsamo labial, mini velas, doces, cosm\u00e9ticos, j\u00f3ias, etc.!<\/p>","protected":false},"featured_media":2423,"template":"","meta":{"_kad_post_transparent":"default","_kad_post_title":"","_kad_post_layout":"default","_kad_post_sidebar_id":"","_kad_post_content_style":"default","_kad_post_vertical_padding":"default","_kad_post_feature":"","_kad_post_feature_position":"","_kad_post_header":false,"_kad_post_footer":false,"jetpack_publicize_message":"","jetpack_publicize_feature_enabled":true,"jetpack_social_post_already_shared":false,"jetpack_social_options":{"image_generator_settings":{"template":"highway","default_image_id":0,"enabled":false},"version":2}},"product_brand":[],"product_cat":[28,24,27],"product_tag":[96,335,356,95],"class_list":{"0":"post-2422","1":"product","2":"type-product","3":"status-publish","4":"has-post-thumbnail","6":"product_cat-aluminum-jars","7":"product_cat-jars","8":"product_cat-metal-jars","9":"product_tag-custom-square-aluminium-jars","10":"product_tag-customized-packaging","11":"product_tag-gift-box","12":"product_tag-square-aluminium-jars","14":"first","15":"instock","16":"shipping-taxable","17":"purchasable","18":"product-type-simple","19":"entry","20":"content-bg","21":"loop-entry"},"aioseo_notices":[],"jetpack_publicize_connections":[],"jetpack_sharing_enabled":true,"_links":{"self":[{"href":"https:\/\/yingmeipack.com\/pt\/wp-json\/wp\/v2\/product\/2422","targetHints":{"allow":["GET"]}}],"collection":[{"href":"https:\/\/yingmeipack.com\/pt\/wp-json\/wp\/v2\/product"}],"about":[{"href":"https:\/\/yingmeipack.com\/pt\/wp-json\/wp\/v2\/types\/product"}],"version-history":[{"count":1,"href":"https:\/\/yingmeipack.com\/pt\/wp-json\/wp\/v2\/product\/2422\/revisions"}],"predecessor-version":[{"id":2429,"href":"https:\/\/yingmeipack.com\/pt\/wp-json\/wp\/v2\/product\/2422\/revisions\/2429"}],"wp:featuredmedia":[{"embeddable":true,"href":"https:\/\/yingmeipack.com\/pt\/wp-json\/wp\/v2\/media\/2423"}],"wp:attachment":[{"href":"https:\/\/yingmeipack.com\/pt\/wp-json\/wp\/v2\/media?parent=2422"}],"wp:term":[{"taxonomy":"product_brand","embeddable":true,"href":"https:\/\/yingmeipack.com\/pt\/wp-json\/wp\/v2\/product_brand?post=2422"},{"taxonomy":"product_cat","embeddable":true,"href":"https:\/\/yingmeipack.com\/pt\/wp-json\/wp\/v2\/product_cat?post=2422"},{"taxonomy":"product_tag","embeddable":true,"href":"https:\/\/yingmeipack.com\/pt\/wp-json\/wp\/v2\/product_tag?post=2422"}],"curies":[{"name":"wp","href":"https:\/\/api.w.org\/{rel}","templated":true}]}}