{"id":2327,"date":"2025-06-16T03:10:31","date_gmt":"2025-06-16T03:10:31","guid":{"rendered":"https:\/\/yingmeipack.com\/?post_type=product&#038;p=2327"},"modified":"2025-07-19T02:36:51","modified_gmt":"2025-07-19T02:36:51","slug":"100ml-gold-tea-print-round-metal-container-aluminum-can","status":"publish","type":"product","link":"https:\/\/yingmeipack.com\/pt\/product\/100ml-gold-tea-print-round-metal-container-aluminum-can\/","title":{"rendered":"100ml gold embossed metal container aluminum can tea jar"},"content":{"rendered":"","protected":false},"excerpt":{"rendered":"<p>Capacity of each: 100ml. Each tins measures 80mm dia. x 26mm height;<\/p>\n<p>Material seguro para alimentos - Estas latas com tampas s\u00e3o feitas de folha de Flandres sem BPA com uma bela superf\u00edcie escovada, leve mas dur\u00e1vel, podem entrar em contacto direto com ch\u00e1 ou alimentos. N\u00e3o podem ser utilizadas no forno.<br \/>\nF\u00e1cil enchimento e acesso - A grande abertura da boca facilita o enchimento e a recolha destas latas. Tampas do tipo \"slip-on\", sem parafusos, f\u00e1ceis de abrir com uma s\u00f3 m\u00e3o.<br \/>\nRecipiente de armazenamento de alimentos vers\u00e1til - Os recipientes de armazenamento de alimentos em lata Tosnail s\u00e3o perfeitos para armazenar ch\u00e1 solto, especiarias, biscoitos, caf\u00e9, doces, velas, contas, bot\u00f5es e quaisquer outros alimentos ou artesanato. Tamb\u00e9m podem ser usados como caixa de presente para lembran\u00e7as de festas, casamentos, ch\u00e1 de panela, neg\u00f3cios, Natal ou outros festivais.<\/p>","protected":false},"featured_media":2321,"template":"","meta":{"_kad_post_transparent":"default","_kad_post_title":"","_kad_post_layout":"default","_kad_post_sidebar_id":"","_kad_post_content_style":"default","_kad_post_vertical_padding":"default","_kad_post_feature":"","_kad_post_feature_position":"","_kad_post_header":false,"_kad_post_footer":false,"jetpack_publicize_message":"","jetpack_publicize_feature_enabled":true,"jetpack_social_post_already_shared":false,"jetpack_social_options":{"image_generator_settings":{"template":"highway","default_image_id":0,"enabled":false},"version":2}},"product_brand":[],"product_cat":[28,24,27],"product_tag":[282,252,281,64],"class_list":{"0":"post-2327","1":"product","2":"type-product","3":"status-publish","4":"has-post-thumbnail","6":"product_cat-aluminum-jars","7":"product_cat-jars","8":"product_cat-metal-jars","9":"product_tag-aluminum-jar","10":"product_tag-aluminum-round-tin","11":"product_tag-empty-metal-cans","12":"product_tag-gold-aluminum-jar","14":"first","15":"instock","16":"shipping-taxable","17":"purchasable","18":"product-type-simple","19":"entry","20":"content-bg","21":"loop-entry"},"aioseo_notices":[],"jetpack_publicize_connections":[],"jetpack_sharing_enabled":true,"_links":{"self":[{"href":"https:\/\/yingmeipack.com\/pt\/wp-json\/wp\/v2\/product\/2327","targetHints":{"allow":["GET"]}}],"collection":[{"href":"https:\/\/yingmeipack.com\/pt\/wp-json\/wp\/v2\/product"}],"about":[{"href":"https:\/\/yingmeipack.com\/pt\/wp-json\/wp\/v2\/types\/product"}],"version-history":[{"count":2,"href":"https:\/\/yingmeipack.com\/pt\/wp-json\/wp\/v2\/product\/2327\/revisions"}],"predecessor-version":[{"id":3018,"href":"https:\/\/yingmeipack.com\/pt\/wp-json\/wp\/v2\/product\/2327\/revisions\/3018"}],"wp:featuredmedia":[{"embeddable":true,"href":"https:\/\/yingmeipack.com\/pt\/wp-json\/wp\/v2\/media\/2321"}],"wp:attachment":[{"href":"https:\/\/yingmeipack.com\/pt\/wp-json\/wp\/v2\/media?parent=2327"}],"wp:term":[{"taxonomy":"product_brand","embeddable":true,"href":"https:\/\/yingmeipack.com\/pt\/wp-json\/wp\/v2\/product_brand?post=2327"},{"taxonomy":"product_cat","embeddable":true,"href":"https:\/\/yingmeipack.com\/pt\/wp-json\/wp\/v2\/product_cat?post=2327"},{"taxonomy":"product_tag","embeddable":true,"href":"https:\/\/yingmeipack.com\/pt\/wp-json\/wp\/v2\/product_tag?post=2327"}],"curies":[{"name":"wp","href":"https:\/\/api.w.org\/{rel}","templated":true}]}}