{"id":2232,"date":"2025-06-12T03:21:02","date_gmt":"2025-06-12T03:21:02","guid":{"rendered":"https:\/\/yingmeipack.com\/?post_type=product&#038;p=2232"},"modified":"2025-07-17T02:16:52","modified_gmt":"2025-07-17T02:16:52","slug":"25ml-black-premium-aluminum-round-tin-can-with-clear-window","status":"publish","type":"product","link":"https:\/\/yingmeipack.com\/pt\/product\/25ml-black-premium-aluminum-round-tin-can-with-clear-window\/","title":{"rendered":"50ml black premium aluminum round tin can with clear window"},"content":{"rendered":"","protected":false},"excerpt":{"rendered":"<p>CONTENTORES SLIP SLIDE - Um bom contentor para guardar material de artesanato e pequenos artigos como velas, creme de maquilhagem, doces, etc.<\/p>\n<p>VELA REDONDA DE ALUM\u00cdNIO - Constru\u00e7\u00e3o sem costuras, dur\u00e1vel, f\u00e1cil de transportar e usar. Perfeito para projectos de fabrico de velas DIY. O tamanho \u00e9 25ml, 50*30mm.<br \/>\nLATAS DE LATAS DE ALUM\u00cdNIO COM JANELAS - Latas de alum\u00ednio redondas com janelas transparentes no topo, pode verificar o interior dos artigos de forma conveniente e sem abrir a tampa.<br \/>\nRecipientes de creme de maquilhagem RUOND - Recipientes de creme de viagem - Fabricados em alum\u00ednio, n\u00e3o se partem facilmente, o que os torna \u00fateis durante um longo per\u00edodo, t\u00eam uma superf\u00edcie lisa que pode ser colocada em conjunto para uma utiliza\u00e7\u00e3o conveniente.<br \/>\nCAIXA DE LAT\u00c3O TALIGHT - Estas caixas de presente s\u00e3o dur\u00e1veis, resistentes ao desgaste e \u00e0s quedas. Uma \u00f3ptima caixa de embalagem para presentes de Natal, anivers\u00e1rio, casamento, etc.<\/p>\n<div style=\"width: 1280px;\" class=\"wp-video\"><!--[if lt IE 9]><script>document.createElement('video');<\/script><![endif]--><br \/>\n<video class=\"wp-video-shortcode\" id=\"video-2232-1\" width=\"1280\" height=\"720\" loop autoplay preload=\"metadata\" controls=\"controls\"><source type=\"video\/mp4\" src=\"http:\/\/yingmeipack.com\/wp-content\/uploads\/2022\/11\/Aluminum-Cosmetics-Jar.mp4?_=1\" \/><a href=\"http:\/\/yingmeipack.com\/wp-content\/uploads\/2022\/11\/Aluminum-Cosmetics-Jar.mp4\">http:\/\/yingmeipack.com\/wp-content\/uploads\/2022\/11\/Aluminum-Cosmetics-Jar.mp4<\/a><\/video><\/div>","protected":false},"featured_media":2233,"template":"","meta":{"_kad_post_transparent":"default","_kad_post_title":"","_kad_post_layout":"default","_kad_post_sidebar_id":"","_kad_post_content_style":"default","_kad_post_vertical_padding":"default","_kad_post_feature":"","_kad_post_feature_position":"","_kad_post_header":false,"_kad_post_footer":false,"jetpack_publicize_message":"","jetpack_publicize_feature_enabled":true,"jetpack_social_post_already_shared":false,"jetpack_social_options":{"image_generator_settings":{"template":"highway","default_image_id":0,"enabled":false},"version":2}},"product_brand":[],"product_cat":[28,24,27],"product_tag":[254,253,344,338],"class_list":{"0":"post-2232","1":"product","2":"type-product","3":"status-publish","4":"has-post-thumbnail","6":"product_cat-aluminum-jars","7":"product_cat-jars","8":"product_cat-metal-jars","9":"product_tag-aluminum-jar-with-clear-window","10":"product_tag-aluminum-round-container","11":"product_tag-black-packaging","12":"product_tag-premium-packaging","14":"first","15":"instock","16":"shipping-taxable","17":"purchasable","18":"product-type-simple","19":"entry","20":"content-bg","21":"loop-entry"},"aioseo_notices":[],"jetpack_publicize_connections":[],"jetpack_sharing_enabled":true,"_links":{"self":[{"href":"https:\/\/yingmeipack.com\/pt\/wp-json\/wp\/v2\/product\/2232","targetHints":{"allow":["GET"]}}],"collection":[{"href":"https:\/\/yingmeipack.com\/pt\/wp-json\/wp\/v2\/product"}],"about":[{"href":"https:\/\/yingmeipack.com\/pt\/wp-json\/wp\/v2\/types\/product"}],"version-history":[{"count":3,"href":"https:\/\/yingmeipack.com\/pt\/wp-json\/wp\/v2\/product\/2232\/revisions"}],"predecessor-version":[{"id":2982,"href":"https:\/\/yingmeipack.com\/pt\/wp-json\/wp\/v2\/product\/2232\/revisions\/2982"}],"wp:featuredmedia":[{"embeddable":true,"href":"https:\/\/yingmeipack.com\/pt\/wp-json\/wp\/v2\/media\/2233"}],"wp:attachment":[{"href":"https:\/\/yingmeipack.com\/pt\/wp-json\/wp\/v2\/media?parent=2232"}],"wp:term":[{"taxonomy":"product_brand","embeddable":true,"href":"https:\/\/yingmeipack.com\/pt\/wp-json\/wp\/v2\/product_brand?post=2232"},{"taxonomy":"product_cat","embeddable":true,"href":"https:\/\/yingmeipack.com\/pt\/wp-json\/wp\/v2\/product_cat?post=2232"},{"taxonomy":"product_tag","embeddable":true,"href":"https:\/\/yingmeipack.com\/pt\/wp-json\/wp\/v2\/product_tag?post=2232"}],"curies":[{"name":"wp","href":"https:\/\/api.w.org\/{rel}","templated":true}]}}