{"id":2093,"date":"2025-06-07T07:39:15","date_gmt":"2025-06-07T07:39:15","guid":{"rendered":"https:\/\/yingmeipack.com\/?post_type=product&#038;p=2093"},"modified":"2025-06-13T00:54:26","modified_gmt":"2025-06-13T00:54:26","slug":"20g-colorful-heart-shaped-aluminum-jar-for-gift-giving","status":"publish","type":"product","link":"https:\/\/yingmeipack.com\/pt\/product\/20g-colorful-heart-shaped-aluminum-jar-for-gift-giving\/","title":{"rendered":"Frasco de alum\u00ednio colorido de 20g em forma de cora\u00e7\u00e3o para oferecer"},"content":{"rendered":"","protected":false},"excerpt":{"rendered":"<p>O tamanho deste frasco de alum\u00ednio \u00e9 52*45*20 mm; Capacidade: 20ml;<\/p>\n<p>Apresentamos o frasco de alum\u00ednio personalizado em forma de cora\u00e7\u00e3o - a forma perfeita de acrescentar um toque de conveni\u00eancia e estilo \u00e0 sua embalagem. Estas caixas elegantes est\u00e3o dispon\u00edveis numa variedade de tamanhos, com dobradi\u00e7as para abrir e fechar facilmente. S\u00e3o perfeitas para presentes, velas, cosm\u00e9ticos, ch\u00e1, especiarias e muito mais. E s\u00e3o totalmente personaliz\u00e1veis, pelo que pode adicionar as suas pr\u00f3prias impress\u00f5es e desenhos exclusivos.<\/p>\n<p>Jarra de alum\u00ednio dur\u00e1vel - \u00c9 dif\u00edcil de dobrar \u00e0 m\u00e3o e tem um aspeto elegante no seu lugar devido \u00e0 superf\u00edcie prateada.<br \/>\nSem bordas afiadas - Nosso frasco de alum\u00ednio de metal vazio \u00e9 projetado em uma borda redonda e lisa, o que pode reduzir o risco de danos na borda de metal pontiagudo, \u00e9 seguro para uso em seu tempo di\u00e1rio.<br \/>\nAmplas aplica\u00e7\u00f5es - Nosso frasco de alum\u00ednio prateado \u00e9 \u00f3timo para projetos caseiros de bricolagem, fabrica\u00e7\u00e3o de velas sem vazamentos, lembrancinhas de festas de casamento, doces, j\u00f3ias, caixas de tesouro, material de escrit\u00f3rio ou presentes.<\/p>\n<p>&nbsp;<\/p>","protected":false},"featured_media":2094,"template":"","meta":{"_kad_post_transparent":"default","_kad_post_title":"","_kad_post_layout":"default","_kad_post_sidebar_id":"","_kad_post_content_style":"default","_kad_post_vertical_padding":"default","_kad_post_feature":"","_kad_post_feature_position":"","_kad_post_header":false,"_kad_post_footer":false,"jetpack_publicize_message":"","jetpack_publicize_feature_enabled":true,"jetpack_social_post_already_shared":false,"jetpack_social_options":{"image_generator_settings":{"template":"highway","default_image_id":0,"enabled":false},"version":2}},"product_brand":[],"product_cat":[28,24,27],"product_tag":[282,329,330,331],"class_list":{"0":"post-2093","1":"product","2":"type-product","3":"status-publish","4":"has-post-thumbnail","6":"product_cat-aluminum-jars","7":"product_cat-jars","8":"product_cat-metal-jars","9":"product_tag-aluminum-jar","10":"product_tag-colorful-aluminum-jar","11":"product_tag-different-shape-boxes","12":"product_tag-heart-shaped","14":"first","15":"instock","16":"shipping-taxable","17":"purchasable","18":"product-type-simple","19":"entry","20":"content-bg","21":"loop-entry"},"aioseo_notices":[],"jetpack_publicize_connections":[],"jetpack_sharing_enabled":true,"_links":{"self":[{"href":"https:\/\/yingmeipack.com\/pt\/wp-json\/wp\/v2\/product\/2093","targetHints":{"allow":["GET"]}}],"collection":[{"href":"https:\/\/yingmeipack.com\/pt\/wp-json\/wp\/v2\/product"}],"about":[{"href":"https:\/\/yingmeipack.com\/pt\/wp-json\/wp\/v2\/types\/product"}],"version-history":[{"count":2,"href":"https:\/\/yingmeipack.com\/pt\/wp-json\/wp\/v2\/product\/2093\/revisions"}],"predecessor-version":[{"id":2101,"href":"https:\/\/yingmeipack.com\/pt\/wp-json\/wp\/v2\/product\/2093\/revisions\/2101"}],"wp:featuredmedia":[{"embeddable":true,"href":"https:\/\/yingmeipack.com\/pt\/wp-json\/wp\/v2\/media\/2094"}],"wp:attachment":[{"href":"https:\/\/yingmeipack.com\/pt\/wp-json\/wp\/v2\/media?parent=2093"}],"wp:term":[{"taxonomy":"product_brand","embeddable":true,"href":"https:\/\/yingmeipack.com\/pt\/wp-json\/wp\/v2\/product_brand?post=2093"},{"taxonomy":"product_cat","embeddable":true,"href":"https:\/\/yingmeipack.com\/pt\/wp-json\/wp\/v2\/product_cat?post=2093"},{"taxonomy":"product_tag","embeddable":true,"href":"https:\/\/yingmeipack.com\/pt\/wp-json\/wp\/v2\/product_tag?post=2093"}],"curies":[{"name":"wp","href":"https:\/\/api.w.org\/{rel}","templated":true}]}}