{"id":2083,"date":"2025-06-06T09:50:06","date_gmt":"2025-06-06T09:50:06","guid":{"rendered":"https:\/\/yingmeipack.com\/?post_type=product&#038;p=2083"},"modified":"2025-08-20T09:54:16","modified_gmt":"2025-08-20T09:54:16","slug":"70ml-exquisite-pattern-cosmetic-aluminum-box-storage-box","status":"publish","type":"product","link":"https:\/\/yingmeipack.com\/pt\/product\/70ml-exquisite-pattern-cosmetic-aluminum-box-storage-box\/","title":{"rendered":"Eco-Friendly Green 70ml Lotus Aluminum Can Embossed Design"},"content":{"rendered":"","protected":false},"excerpt":{"rendered":"<p>O tamanho deste frasco de alum\u00ednio \u00e9 de 70*28 mm. \u00c9 feito de alum\u00ednio de qualidade superior, leve mas dur\u00e1vel, f\u00e1cil de transportar em viagem. A tampa de rosca e a espuma interior bem vedadas eliminam o risco de fugas ou derretimento e protegem os seus produtos da exposi\u00e7\u00e3o \u00e0 luz e de temperaturas elevadas. Todos os rebordos s\u00e3o arredondados e t\u00eam uma forma perfeita. Excelentes recipientes para b\u00e1lsamos labiais, desodorizante em creme, pastilhas de pasta de dentes, comprimidos, moedas, ervas e muito mais. Os clientes podem personalizar ainda mais todos os pormenores com base nos seus pr\u00f3prios requisitos.<\/p>\n<p>&nbsp;<\/p>","protected":false},"featured_media":3330,"template":"","meta":{"_kad_post_transparent":"default","_kad_post_title":"","_kad_post_layout":"default","_kad_post_sidebar_id":"","_kad_post_content_style":"default","_kad_post_vertical_padding":"default","_kad_post_feature":"","_kad_post_feature_position":"","_kad_post_header":false,"_kad_post_footer":false,"jetpack_publicize_message":"","jetpack_publicize_feature_enabled":true,"jetpack_social_post_already_shared":false,"jetpack_social_options":{"image_generator_settings":{"template":"highway","default_image_id":0,"enabled":false},"version":2}},"product_brand":[],"product_cat":[28,24,27],"product_tag":[589,586,588,587],"class_list":{"0":"post-2083","1":"product","2":"type-product","3":"status-publish","4":"has-post-thumbnail","6":"product_cat-aluminum-jars","7":"product_cat-jars","8":"product_cat-metal-jars","9":"product_tag-70ml-green-container","10":"product_tag-eco-aluminum-can","11":"product_tag-embossed-metal-can","12":"product_tag-lotus-design-can","14":"first","15":"instock","16":"shipping-taxable","17":"purchasable","18":"product-type-simple","19":"entry","20":"content-bg","21":"loop-entry"},"aioseo_notices":[],"jetpack_publicize_connections":[],"jetpack_sharing_enabled":true,"_links":{"self":[{"href":"https:\/\/yingmeipack.com\/pt\/wp-json\/wp\/v2\/product\/2083","targetHints":{"allow":["GET"]}}],"collection":[{"href":"https:\/\/yingmeipack.com\/pt\/wp-json\/wp\/v2\/product"}],"about":[{"href":"https:\/\/yingmeipack.com\/pt\/wp-json\/wp\/v2\/types\/product"}],"version-history":[{"count":3,"href":"https:\/\/yingmeipack.com\/pt\/wp-json\/wp\/v2\/product\/2083\/revisions"}],"predecessor-version":[{"id":3332,"href":"https:\/\/yingmeipack.com\/pt\/wp-json\/wp\/v2\/product\/2083\/revisions\/3332"}],"wp:featuredmedia":[{"embeddable":true,"href":"https:\/\/yingmeipack.com\/pt\/wp-json\/wp\/v2\/media\/3330"}],"wp:attachment":[{"href":"https:\/\/yingmeipack.com\/pt\/wp-json\/wp\/v2\/media?parent=2083"}],"wp:term":[{"taxonomy":"product_brand","embeddable":true,"href":"https:\/\/yingmeipack.com\/pt\/wp-json\/wp\/v2\/product_brand?post=2083"},{"taxonomy":"product_cat","embeddable":true,"href":"https:\/\/yingmeipack.com\/pt\/wp-json\/wp\/v2\/product_cat?post=2083"},{"taxonomy":"product_tag","embeddable":true,"href":"https:\/\/yingmeipack.com\/pt\/wp-json\/wp\/v2\/product_tag?post=2083"}],"curies":[{"name":"wp","href":"https:\/\/api.w.org\/{rel}","templated":true}]}}