{"id":1979,"date":"2025-06-03T03:25:55","date_gmt":"2025-06-03T03:25:55","guid":{"rendered":"https:\/\/yingmeipack.com\/?post_type=product&#038;p=1979"},"modified":"2025-08-28T06:23:35","modified_gmt":"2025-08-28T06:23:35","slug":"60g-yellow-round-cosmetic-aluminum-jar-with-custom-printing","status":"publish","type":"product","link":"https:\/\/yingmeipack.com\/pt\/product\/60g-yellow-round-cosmetic-aluminum-jar-with-custom-printing\/","title":{"rendered":"60ml yellow aluminum jar cosmetic can with custom printing"},"content":{"rendered":"","protected":false},"excerpt":{"rendered":"<p>O tamanho deste frasco de alum\u00ednio \u00e9 68*25 mm. \u00c9 feito de alum\u00ednio de qualidade superior, leve mas dur\u00e1vel, f\u00e1cil de transportar em viagem. A tampa de rosca e a espuma interior bem vedadas eliminam o risco de fugas ou derretimento e protegem os seus produtos da exposi\u00e7\u00e3o \u00e0 luz e de temperaturas elevadas. Todos os rebordos s\u00e3o arredondados e t\u00eam uma forma perfeita. Excelentes recipientes para b\u00e1lsamos labiais, desodorizante em creme, pastilhas de pasta de dentes, comprimidos, moedas, ervas e muito mais. Os clientes podem personalizar ainda mais todos os pormenores com base nos seus pr\u00f3prios requisitos.<\/p>\n<p>&nbsp;<\/p>","protected":false},"featured_media":1998,"template":"","meta":{"_kad_post_transparent":"default","_kad_post_title":"","_kad_post_layout":"default","_kad_post_sidebar_id":"","_kad_post_content_style":"default","_kad_post_vertical_padding":"default","_kad_post_feature":"","_kad_post_feature_position":"","_kad_post_header":false,"_kad_post_footer":false,"jetpack_publicize_message":"","jetpack_publicize_feature_enabled":true,"jetpack_social_post_already_shared":false,"jetpack_social_options":{"image_generator_settings":{"template":"highway","default_image_id":0,"enabled":false},"version":2}},"product_brand":[],"product_cat":[28,24,27],"product_tag":[107,322,323,55],"class_list":{"0":"post-1979","1":"product","2":"type-product","3":"status-publish","4":"has-post-thumbnail","6":"product_cat-aluminum-jars","7":"product_cat-jars","8":"product_cat-metal-jars","9":"product_tag-aluminum-tin-with-screw-lid","10":"product_tag-color-aluminum-jars","11":"product_tag-cosmetic-aluminum-jars","12":"product_tag-custom-aluminum-jars","14":"first","15":"instock","16":"shipping-taxable","17":"purchasable","18":"product-type-simple","19":"entry","20":"content-bg","21":"loop-entry"},"aioseo_notices":[],"jetpack_publicize_connections":[],"jetpack_sharing_enabled":true,"_links":{"self":[{"href":"https:\/\/yingmeipack.com\/pt\/wp-json\/wp\/v2\/product\/1979","targetHints":{"allow":["GET"]}}],"collection":[{"href":"https:\/\/yingmeipack.com\/pt\/wp-json\/wp\/v2\/product"}],"about":[{"href":"https:\/\/yingmeipack.com\/pt\/wp-json\/wp\/v2\/types\/product"}],"version-history":[{"count":4,"href":"https:\/\/yingmeipack.com\/pt\/wp-json\/wp\/v2\/product\/1979\/revisions"}],"predecessor-version":[{"id":3679,"href":"https:\/\/yingmeipack.com\/pt\/wp-json\/wp\/v2\/product\/1979\/revisions\/3679"}],"wp:featuredmedia":[{"embeddable":true,"href":"https:\/\/yingmeipack.com\/pt\/wp-json\/wp\/v2\/media\/1998"}],"wp:attachment":[{"href":"https:\/\/yingmeipack.com\/pt\/wp-json\/wp\/v2\/media?parent=1979"}],"wp:term":[{"taxonomy":"product_brand","embeddable":true,"href":"https:\/\/yingmeipack.com\/pt\/wp-json\/wp\/v2\/product_brand?post=1979"},{"taxonomy":"product_cat","embeddable":true,"href":"https:\/\/yingmeipack.com\/pt\/wp-json\/wp\/v2\/product_cat?post=1979"},{"taxonomy":"product_tag","embeddable":true,"href":"https:\/\/yingmeipack.com\/pt\/wp-json\/wp\/v2\/product_tag?post=1979"}],"curies":[{"name":"wp","href":"https:\/\/api.w.org\/{rel}","templated":true}]}}