{"id":1934,"date":"2023-09-15T02:30:55","date_gmt":"2023-09-15T02:30:55","guid":{"rendered":"https:\/\/yingmeipack.com\/?post_type=product&#038;p=1934"},"modified":"2023-09-15T02:47:44","modified_gmt":"2023-09-15T02:47:44","slug":"custom-empty-transparent-lip-gloss-bottle-lip-glaze-tube","status":"publish","type":"product","link":"https:\/\/yingmeipack.com\/pt\/product\/custom-empty-transparent-lip-gloss-bottle-lip-glaze-tube\/","title":{"rendered":"Frasco de brilho labial transparente vazio personalizado Tubo de esmalte labial"},"content":{"rendered":"","protected":false},"excerpt":{"rendered":"<p>Podemos fornecer uma gama de excitantes recipientes vazios para batom, varinhas e pinc\u00e9is em diferentes formas, cores, materiais e perfis. Os nossos recipientes vazios para lip gloss s\u00e3o fabricados a partir de materiais de alta qualidade, incluindo AS, ABS, PETG e PCTG. Cada artigo foi concebido para trabalhar com maquilhagem para a ind\u00fastria da beleza e da cosm\u00e9tica. Os recipientes de embalagem de lip gloss que fabricamos e fornecemos t\u00eam a garantia de um acabamento de excelente qualidade e de um pre\u00e7o competitivo. A nossa equipa orgulha-se de ter um calend\u00e1rio de entrega \"atempado\" para cumprir os prazos dos seus produtos. Os clientes podem ainda personalizar todos os pormenores de acordo com os seus pr\u00f3prios requisitos de constru\u00e7\u00e3o de marca.<\/p>","protected":false},"featured_media":1935,"template":"","meta":{"_kad_post_transparent":"default","_kad_post_title":"","_kad_post_layout":"default","_kad_post_sidebar_id":"","_kad_post_content_style":"default","_kad_post_vertical_padding":"default","_kad_post_feature":"","_kad_post_feature_position":"","_kad_post_header":false,"_kad_post_footer":false,"jetpack_publicize_message":"","jetpack_publicize_feature_enabled":true,"jetpack_social_post_already_shared":false,"jetpack_social_options":{"image_generator_settings":{"template":"highway","default_image_id":0,"enabled":false},"version":2}},"product_brand":[],"product_cat":[43,35],"product_tag":[311,316,317,315],"class_list":{"0":"post-1934","1":"product","2":"type-product","3":"status-publish","4":"has-post-thumbnail","6":"product_cat-lip-gloss","7":"product_cat-tubes","8":"product_tag-empty-lip-gloss-container","9":"product_tag-empty-transparent-lip-glaze-bottle","10":"product_tag-empty-white-lip-glaze-tube","11":"product_tag-lip-gloss-tube-with-plug-and-brush","13":"first","14":"instock","15":"shipping-taxable","16":"product-type-simple","17":"entry","18":"content-bg","19":"loop-entry"},"aioseo_notices":[],"jetpack_publicize_connections":[],"jetpack_sharing_enabled":true,"_links":{"self":[{"href":"https:\/\/yingmeipack.com\/pt\/wp-json\/wp\/v2\/product\/1934","targetHints":{"allow":["GET"]}}],"collection":[{"href":"https:\/\/yingmeipack.com\/pt\/wp-json\/wp\/v2\/product"}],"about":[{"href":"https:\/\/yingmeipack.com\/pt\/wp-json\/wp\/v2\/types\/product"}],"version-history":[{"count":1,"href":"https:\/\/yingmeipack.com\/pt\/wp-json\/wp\/v2\/product\/1934\/revisions"}],"predecessor-version":[{"id":1939,"href":"https:\/\/yingmeipack.com\/pt\/wp-json\/wp\/v2\/product\/1934\/revisions\/1939"}],"wp:featuredmedia":[{"embeddable":true,"href":"https:\/\/yingmeipack.com\/pt\/wp-json\/wp\/v2\/media\/1935"}],"wp:attachment":[{"href":"https:\/\/yingmeipack.com\/pt\/wp-json\/wp\/v2\/media?parent=1934"}],"wp:term":[{"taxonomy":"product_brand","embeddable":true,"href":"https:\/\/yingmeipack.com\/pt\/wp-json\/wp\/v2\/product_brand?post=1934"},{"taxonomy":"product_cat","embeddable":true,"href":"https:\/\/yingmeipack.com\/pt\/wp-json\/wp\/v2\/product_cat?post=1934"},{"taxonomy":"product_tag","embeddable":true,"href":"https:\/\/yingmeipack.com\/pt\/wp-json\/wp\/v2\/product_tag?post=1934"}],"curies":[{"name":"wp","href":"https:\/\/api.w.org\/{rel}","templated":true}]}}