{"id":1888,"date":"2023-09-04T12:02:18","date_gmt":"2023-09-04T12:02:18","guid":{"rendered":"https:\/\/yingmeipack.com\/?post_type=product&#038;p=1888"},"modified":"2023-09-04T12:02:18","modified_gmt":"2023-09-04T12:02:18","slug":"1-oz-aluminum-high-tin-jar-with-screw-lid-30-ml","status":"publish","type":"product","link":"https:\/\/yingmeipack.com\/pt\/product\/1-oz-aluminum-high-tin-jar-with-screw-lid-30-ml\/","title":{"rendered":"Frasco de alum\u00ednio de 1 oz com tampa de rosca 30 ml"},"content":{"rendered":"<p>Fabricados em alum\u00ednio met\u00e1lico de alta qualidade, os recipientes de estanho t\u00eam uma forma bonita, s\u00e3o leves mas duradouros, tamb\u00e9m n\u00e3o t\u00f3xicos, n\u00e3o t\u00eam odor e s\u00e3o seguros para os alimentos.<\/p>\n<p>Tampas de rosca para abertura e fecho f\u00e1ceis: As tampas de rosca s\u00e3o f\u00e1ceis de abrir e fechar, asseguram que as tampas est\u00e3o bem apertadas sem deixar sair o conte\u00fado. Os recipientes de metal das latas n\u00e3o t\u00eam arestas vivas que possam ferir os seus dedos.<\/p>\n<p>Recipiente de metal com tampa de rosca: Cada lata vazia \u00e9 combinada com uma tampa de rosca, pode efetivamente evitar vazamentos, fabrica\u00e7\u00e3o de alum\u00ednio de alta qualidade, dur\u00e1vel, leve.<\/p>\n<p>Cada recipiente de lata Tamanho exterior: 40mm*50mm*0,3mm, satisfaz as suas utiliza\u00e7\u00f5es polivalentes.<\/p>\n<p>Amplamente utilizado para produtos artesanais: Pode ser usado para b\u00e1lsamos labiais, brilho labial, cremes, cosm\u00e9ticos, velas, sabonetes, pomadas, doces, moedas, amostras, ervas e especiarias, etc.<\/p>","protected":false},"excerpt":{"rendered":"<ul class=\"a-unordered-list a-vertical a-spacing-mini\">\n<li><span class=\"a-list-item\">Capacidade: 30ml, 40mm<\/span><span class=\"a-list-item\">\" de di\u00e2metro x 50mm\" de altura.<\/span><\/li>\n<li><span class=\"a-list-item\">Colher para produtos secos - As arestas lisas n\u00e3o magoam as m\u00e3os e mant\u00eam-se. Pode utiliz\u00e1-la sem preocupa\u00e7\u00f5es.<\/span><\/li>\n<li><span class=\"a-list-item\">Colher de metal para gelo - Feito de material pl\u00e1stico transparente, dur\u00e1vel e seguro de usar. Partilhe-o com a sua fam\u00edlia e amigos porque \u00e9 pr\u00e1tico.<\/span><\/li>\n<li><span class=\"a-list-item\">Colher para rebu\u00e7ados - Os bordos lisos n\u00e3o magoam as m\u00e3os. \u00d3timo para eventos especiais ou para uso di\u00e1rio.<\/span><\/li>\n<li><span class=\"a-list-item\">Colheres de banho - Segur\u00e1-la na m\u00e3o proporcionar-lhe-\u00e1 uma experi\u00eancia confort\u00e1vel. Tamb\u00e9m lhe trar\u00e1 muita comodidade.<\/span><span class=\"a-list-item\">100% Garantia de satisfa\u00e7\u00e3o: Para garantir que a sua experi\u00eancia de compra 100% seja satisfat\u00f3ria, n\u00e3o hesite em contactar-nos se tiver alguma d\u00favida ou preocupa\u00e7\u00e3o.<\/span><\/li>\n<\/ul>","protected":false},"featured_media":1889,"template":"","meta":{"_kad_post_transparent":"default","_kad_post_title":"","_kad_post_layout":"default","_kad_post_sidebar_id":"","_kad_post_content_style":"default","_kad_post_vertical_padding":"default","_kad_post_feature":"","_kad_post_feature_position":"","_kad_post_header":false,"_kad_post_footer":false,"jetpack_publicize_message":"","jetpack_publicize_feature_enabled":true,"jetpack_social_post_already_shared":false,"jetpack_social_options":{"image_generator_settings":{"template":"highway","default_image_id":0,"enabled":false},"version":2}},"product_brand":[],"product_cat":[28],"product_tag":[],"class_list":{"0":"post-1888","1":"product","2":"type-product","3":"status-publish","4":"has-post-thumbnail","6":"product_cat-aluminum-jars","8":"first","9":"instock","10":"shipping-taxable","11":"purchasable","12":"product-type-simple","13":"entry","14":"content-bg","15":"loop-entry"},"aioseo_notices":[],"jetpack_publicize_connections":[],"jetpack_sharing_enabled":true,"_links":{"self":[{"href":"https:\/\/yingmeipack.com\/pt\/wp-json\/wp\/v2\/product\/1888","targetHints":{"allow":["GET"]}}],"collection":[{"href":"https:\/\/yingmeipack.com\/pt\/wp-json\/wp\/v2\/product"}],"about":[{"href":"https:\/\/yingmeipack.com\/pt\/wp-json\/wp\/v2\/types\/product"}],"version-history":[{"count":3,"href":"https:\/\/yingmeipack.com\/pt\/wp-json\/wp\/v2\/product\/1888\/revisions"}],"predecessor-version":[{"id":1898,"href":"https:\/\/yingmeipack.com\/pt\/wp-json\/wp\/v2\/product\/1888\/revisions\/1898"}],"wp:featuredmedia":[{"embeddable":true,"href":"https:\/\/yingmeipack.com\/pt\/wp-json\/wp\/v2\/media\/1889"}],"wp:attachment":[{"href":"https:\/\/yingmeipack.com\/pt\/wp-json\/wp\/v2\/media?parent=1888"}],"wp:term":[{"taxonomy":"product_brand","embeddable":true,"href":"https:\/\/yingmeipack.com\/pt\/wp-json\/wp\/v2\/product_brand?post=1888"},{"taxonomy":"product_cat","embeddable":true,"href":"https:\/\/yingmeipack.com\/pt\/wp-json\/wp\/v2\/product_cat?post=1888"},{"taxonomy":"product_tag","embeddable":true,"href":"https:\/\/yingmeipack.com\/pt\/wp-json\/wp\/v2\/product_tag?post=1888"}],"curies":[{"name":"wp","href":"https:\/\/api.w.org\/{rel}","templated":true}]}}