{"id":1867,"date":"2023-05-13T08:21:16","date_gmt":"2023-05-13T08:21:16","guid":{"rendered":"https:\/\/yingmeipack.com\/?post_type=product&#038;p=1867"},"modified":"2023-05-13T08:28:53","modified_gmt":"2023-05-13T08:28:53","slug":"wholesale-60ml-2-oz-green-pet-wide-mouth-plastic-cosmetic-jar","status":"publish","type":"product","link":"https:\/\/yingmeipack.com\/pt\/product\/wholesale-60ml-2-oz-green-pet-wide-mouth-plastic-cosmetic-jar\/","title":{"rendered":"Frasco de pl\u00e1stico para cosm\u00e9ticos de boca larga para animais de estima\u00e7\u00e3o por atacado 60 ml 2 oz verde"},"content":{"rendered":"","protected":false},"excerpt":{"rendered":"<ul class=\"a-unordered-list a-vertical a-spacing-mini\">\n<li class=\"a-spacing-mini\">[DESIGN DE QUALIDADE PREMIUM] Estes pequenos recipientes para cosm\u00e9ticos s\u00e3o feitos de polipropileno de alta qualidade, geralmente n\u00e3o reagem quimicamente com a maquilhagem, s\u00e3o resistentes \u00e0 quebra e \u00e0 deforma\u00e7\u00e3o pelo calor, t\u00eam uma veda\u00e7\u00e3o apertada e evitam fugas. E com o corpo do frasco em PS (poliestireno) e a tampa em PP (polipropileno), estes frascos de amostras s\u00e3o transparentes, espessos e lisos.<br \/>\n[PERFECT STORAGE CONTAINER] These 60 gram lip balm containers are BPA-FREE. These 60 gram sample jars are perfect for storing mineralized makeup, eye shadows, lotions, lipsticks, creams, body butter, make-up, powders, lotions, lip balm, scrubs, and other beauty aids. Just use it with confidence.<br \/>\n[Estes pequenos recipientes de pl\u00e1stico s\u00e3o de tamanho mini e cabem perfeitamente no seu bolso, mala, bolsa, mochila ou bagagem. Enrosca-se facilmente para uma arruma\u00e7\u00e3o compacta. Pode transportar os mini recipientes para cosm\u00e9ticos para qualquer lugar com confian\u00e7a.<br \/>\n[Etiquetas para etiquetagem] Cada recipiente de amostra tem uma etiqueta oval (n\u00e3o redonda). Pode fazer com que os outros conhe\u00e7am melhor o seu conte\u00fado. A etiqueta cola com firmeza e n\u00e3o \u00e9 facilmente removida - ideal para manter as coisas organizadas ou etiquetar produtos para os seus clientes.<br \/>\n[M\u00daLTIPLAS OP\u00c7\u00d5ES] Os frascos de amostra ZEJIA t\u00eam v\u00e1rias cores e tamanhos \u00e0 escolha! Dispon\u00edvel em grandes quantidades. Ideal para retalhistas independentes e amantes da bricolage.<\/li>\n<\/ul>","protected":false},"featured_media":1855,"template":"","meta":{"_kad_post_transparent":"default","_kad_post_title":"","_kad_post_layout":"default","_kad_post_sidebar_id":"","_kad_post_content_style":"default","_kad_post_vertical_padding":"default","_kad_post_feature":"","_kad_post_feature_position":"","_kad_post_header":false,"_kad_post_footer":false,"jetpack_publicize_message":"","jetpack_publicize_feature_enabled":true,"jetpack_social_post_already_shared":false,"jetpack_social_options":{"image_generator_settings":{"template":"highway","default_image_id":0,"enabled":false},"version":2}},"product_brand":[],"product_cat":[19,24,20,25],"product_tag":[215,214,217,216],"class_list":{"0":"post-1867","1":"product","2":"type-product","3":"status-publish","4":"has-post-thumbnail","6":"product_cat-bottles","7":"product_cat-jars","8":"product_cat-plastic-bottles","9":"product_cat-plastic-jars","10":"product_tag-bpa-free-pet-plastic-jars","11":"product_tag-clear-pet-plastic-jars","12":"product_tag-plastic-jar-with-gold-lid","13":"product_tag-refillable-plastic-jar","15":"first","16":"instock","17":"shipping-taxable","18":"product-type-simple","19":"entry","20":"content-bg","21":"loop-entry"},"aioseo_notices":[],"jetpack_publicize_connections":[],"jetpack_sharing_enabled":true,"_links":{"self":[{"href":"https:\/\/yingmeipack.com\/pt\/wp-json\/wp\/v2\/product\/1867","targetHints":{"allow":["GET"]}}],"collection":[{"href":"https:\/\/yingmeipack.com\/pt\/wp-json\/wp\/v2\/product"}],"about":[{"href":"https:\/\/yingmeipack.com\/pt\/wp-json\/wp\/v2\/types\/product"}],"version-history":[{"count":2,"href":"https:\/\/yingmeipack.com\/pt\/wp-json\/wp\/v2\/product\/1867\/revisions"}],"predecessor-version":[{"id":1869,"href":"https:\/\/yingmeipack.com\/pt\/wp-json\/wp\/v2\/product\/1867\/revisions\/1869"}],"wp:featuredmedia":[{"embeddable":true,"href":"https:\/\/yingmeipack.com\/pt\/wp-json\/wp\/v2\/media\/1855"}],"wp:attachment":[{"href":"https:\/\/yingmeipack.com\/pt\/wp-json\/wp\/v2\/media?parent=1867"}],"wp:term":[{"taxonomy":"product_brand","embeddable":true,"href":"https:\/\/yingmeipack.com\/pt\/wp-json\/wp\/v2\/product_brand?post=1867"},{"taxonomy":"product_cat","embeddable":true,"href":"https:\/\/yingmeipack.com\/pt\/wp-json\/wp\/v2\/product_cat?post=1867"},{"taxonomy":"product_tag","embeddable":true,"href":"https:\/\/yingmeipack.com\/pt\/wp-json\/wp\/v2\/product_tag?post=1867"}],"curies":[{"name":"wp","href":"https:\/\/api.w.org\/{rel}","templated":true}]}}