{"id":1765,"date":"2023-05-05T02:00:07","date_gmt":"2023-05-05T02:00:07","guid":{"rendered":"https:\/\/yingmeipack.com\/?post_type=product&#038;p=1765"},"modified":"2025-06-04T09:05:46","modified_gmt":"2025-06-04T09:05:46","slug":"gold-square-spice-aluminum-jar-universal-soap-aluminum-box","status":"publish","type":"product","link":"https:\/\/yingmeipack.com\/pt\/product\/gold-square-spice-aluminum-jar-universal-soap-aluminum-box\/","title":{"rendered":"frasco de alum\u00ednio quadrado dourado para especiarias Caixa de alum\u00ednio universal para sab\u00e3o"},"content":{"rendered":"","protected":false},"excerpt":{"rendered":"<p>\u3010Material de qualidade\u3011: Material de alum\u00ednio de qualidade, tamanho de viagem port\u00e1til, dur\u00e1vel para usar.<br \/>\n\u3010Saboneteira port\u00e1til com tampa\u3011: Usar uma barra de sab\u00e3o \u00e9 muitas vezes a melhor escolha que voc\u00ea pode trazer em uma viagem. A caixa de sab\u00e3o de viagem \u00e9 a escolha perfeita para voc\u00ea. dur\u00e1vel e port\u00e1til. Voc\u00ea pode facilmente colocar a mala em uma bolsa quando, trabalhando, acampando ou para a academia.<br \/>\n\u3010Aplica\u00e7\u00e3o ampla\u3011: Port\u00e1til e conveniente de usar. Perfeito para casa, viagens de gin\u00e1sio escolar, viagem de neg\u00f3cios, caminhadas e outras atividades ao ar livre.<br \/>\n\u3010Design\u3011: Este caso \u00e9 muito dur\u00e1vel. Ele vem com um design \u00e0 prova de vazamentos. A tampa apertada evita qualquer poss\u00edvel vazamento do sab\u00e3o molhado. O design bloqueado impedir\u00e1 que a caixa se abra inesperadamente. Este estojo de sab\u00e3o \u00e9 \u00fatil para transportar seu pr\u00f3prio sab\u00e3o e manter a mala limpa.<\/p>\n<p>&nbsp;<\/p>","protected":false},"featured_media":1766,"template":"","meta":{"_kad_post_transparent":"default","_kad_post_title":"","_kad_post_layout":"default","_kad_post_sidebar_id":"","_kad_post_content_style":"default","_kad_post_vertical_padding":"default","_kad_post_feature":"","_kad_post_feature_position":"","_kad_post_header":false,"_kad_post_footer":false,"jetpack_publicize_message":"","jetpack_publicize_feature_enabled":true,"jetpack_social_post_already_shared":false,"jetpack_social_options":{"image_generator_settings":{"template":"highway","default_image_id":0,"enabled":false},"version":2}},"product_brand":[],"product_cat":[28,24,27,29],"product_tag":[306,305,307,308],"class_list":{"0":"post-1765","1":"product","2":"type-product","3":"status-publish","4":"has-post-thumbnail","6":"product_cat-aluminum-jars","7":"product_cat-jars","8":"product_cat-metal-jars","9":"product_cat-tinplate-jars","10":"product_tag-aluminium-tin-box-for-soap","11":"product_tag-aluminium-tin-rectangle","12":"product_tag-metal-aluminium-tin","13":"product_tag-square-aluminum-box","15":"first","16":"instock","17":"shipping-taxable","18":"purchasable","19":"product-type-simple","20":"entry","21":"content-bg","22":"loop-entry"},"aioseo_notices":[],"jetpack_publicize_connections":[],"jetpack_sharing_enabled":true,"_links":{"self":[{"href":"https:\/\/yingmeipack.com\/pt\/wp-json\/wp\/v2\/product\/1765","targetHints":{"allow":["GET"]}}],"collection":[{"href":"https:\/\/yingmeipack.com\/pt\/wp-json\/wp\/v2\/product"}],"about":[{"href":"https:\/\/yingmeipack.com\/pt\/wp-json\/wp\/v2\/types\/product"}],"version-history":[{"count":1,"href":"https:\/\/yingmeipack.com\/pt\/wp-json\/wp\/v2\/product\/1765\/revisions"}],"predecessor-version":[{"id":1771,"href":"https:\/\/yingmeipack.com\/pt\/wp-json\/wp\/v2\/product\/1765\/revisions\/1771"}],"wp:featuredmedia":[{"embeddable":true,"href":"https:\/\/yingmeipack.com\/pt\/wp-json\/wp\/v2\/media\/1766"}],"wp:attachment":[{"href":"https:\/\/yingmeipack.com\/pt\/wp-json\/wp\/v2\/media?parent=1765"}],"wp:term":[{"taxonomy":"product_brand","embeddable":true,"href":"https:\/\/yingmeipack.com\/pt\/wp-json\/wp\/v2\/product_brand?post=1765"},{"taxonomy":"product_cat","embeddable":true,"href":"https:\/\/yingmeipack.com\/pt\/wp-json\/wp\/v2\/product_cat?post=1765"},{"taxonomy":"product_tag","embeddable":true,"href":"https:\/\/yingmeipack.com\/pt\/wp-json\/wp\/v2\/product_tag?post=1765"}],"curies":[{"name":"wp","href":"https:\/\/api.w.org\/{rel}","templated":true}]}}