{"id":1736,"date":"2023-04-27T08:26:48","date_gmt":"2023-04-27T08:26:48","guid":{"rendered":"https:\/\/yingmeipack.com\/?post_type=product&#038;p=1736"},"modified":"2025-06-04T09:07:36","modified_gmt":"2025-06-04T09:07:36","slug":"90ml-3oz-matte-gold-embossed-logo-aluminum-jar-with-screw-cap","status":"publish","type":"product","link":"https:\/\/yingmeipack.com\/pt\/product\/90ml-3oz-matte-gold-embossed-logo-aluminum-jar-with-screw-cap\/","title":{"rendered":"Frasco de alum\u00ednio de 90 ml e 3 oz com log\u00f3tipo em relevo dourado mate e tampa de rosca"},"content":{"rendered":"","protected":false},"excerpt":{"rendered":"<p>1.\u2714 DESIGN DE QUALIDADE: Feito de alum\u00ednio dur\u00e1vel, latas de a\u00e7o redondas com tampa de rosca de 3 on\u00e7as, vem com tampas de tampa de rosca. Cada recipiente tem uma tampa redonda e revestimentos internos para criar uma veda\u00e7\u00e3o firme que n\u00e3o vaza. Dimens\u00f5es: 68 mm de di\u00e2metro e 42 mm de profundidade e 0,3 mm de espessura<br \/>\n2.\u2714ELIMINA O RISCO DE FUS\u00c3O OU VAZAMENTO: Recipientes rasos com tampa de press\u00e3o feitos de a\u00e7o estanhado com tampas roscadas. Uma vez aplicado na base da lata, o chumbo mant\u00e9m uma fixa\u00e7\u00e3o segura, eliminando o risco de qualquer vazamento confuso durante suas muitas viagens. Este artigo \u00e9 fant\u00e1stico para a bagagem de m\u00e3o.<br \/>\n3.\u2714 O TAMANHO COMPACTO PERMITE-LHES IR A QUALQUER LUGAR: Estes frascos cabem perfeitamente no seu bolso, bolsa, mala de m\u00e3o, mochila ou bagagem. Eles s\u00e3o especialmente valiosos quando voam, pois os tamanhos de garrafas para cremes e lo\u00e7\u00f5es de bagagem de m\u00e3o s\u00e3o muito restritos.<br \/>\n4.\u2714COSM\u00c9TICOS, COZINHA E MUITO MAIS: Esses frascos s\u00e3o perfeitos para armazenar maquiagem mineralizada, sombras, lo\u00e7\u00f5es, protetores labiais, toners, cremes, pomadas, p\u00f3 acr\u00edlico e outros auxiliares de beleza. Tamb\u00e9m s\u00e3o adequados para guardar amostras de ch\u00e1s de folhas soltas, especiarias, \u00f3leos de cozinha, ervas, medicamentos, tintas, pequenas j\u00f3ias e muito mais.<br \/>\n5.\u2714\u2606\u00d3timo para decorar e usar como lembrancinhas de festa, dar presentes, armazenar especiarias, doces dentro<\/p>\n<p>&nbsp;<\/p>","protected":false},"featured_media":1737,"template":"","meta":{"_kad_post_transparent":"default","_kad_post_title":"","_kad_post_layout":"default","_kad_post_sidebar_id":"","_kad_post_content_style":"default","_kad_post_vertical_padding":"default","_kad_post_feature":"","_kad_post_feature_position":"","_kad_post_header":false,"_kad_post_footer":false,"jetpack_publicize_message":"","jetpack_publicize_feature_enabled":true,"jetpack_social_post_already_shared":false,"jetpack_social_options":{"image_generator_settings":{"template":"highway","default_image_id":0,"enabled":false},"version":2}},"product_brand":[],"product_cat":[28,24,27],"product_tag":[101,107,106,108],"class_list":{"0":"post-1736","1":"product","2":"type-product","3":"status-publish","4":"has-post-thumbnail","6":"product_cat-aluminum-jars","7":"product_cat-jars","8":"product_cat-metal-jars","9":"product_tag-aluminum-jar-with-screw-lid","10":"product_tag-aluminum-tin-with-screw-lid","11":"product_tag-rose-gold-aluminum-jar","12":"product_tag-rose-gold-aluminum-tin","14":"first","15":"instock","16":"shipping-taxable","17":"purchasable","18":"product-type-simple","19":"entry","20":"content-bg","21":"loop-entry"},"aioseo_notices":[],"jetpack_publicize_connections":[],"jetpack_sharing_enabled":true,"_links":{"self":[{"href":"https:\/\/yingmeipack.com\/pt\/wp-json\/wp\/v2\/product\/1736","targetHints":{"allow":["GET"]}}],"collection":[{"href":"https:\/\/yingmeipack.com\/pt\/wp-json\/wp\/v2\/product"}],"about":[{"href":"https:\/\/yingmeipack.com\/pt\/wp-json\/wp\/v2\/types\/product"}],"version-history":[{"count":1,"href":"https:\/\/yingmeipack.com\/pt\/wp-json\/wp\/v2\/product\/1736\/revisions"}],"predecessor-version":[{"id":1742,"href":"https:\/\/yingmeipack.com\/pt\/wp-json\/wp\/v2\/product\/1736\/revisions\/1742"}],"wp:featuredmedia":[{"embeddable":true,"href":"https:\/\/yingmeipack.com\/pt\/wp-json\/wp\/v2\/media\/1737"}],"wp:attachment":[{"href":"https:\/\/yingmeipack.com\/pt\/wp-json\/wp\/v2\/media?parent=1736"}],"wp:term":[{"taxonomy":"product_brand","embeddable":true,"href":"https:\/\/yingmeipack.com\/pt\/wp-json\/wp\/v2\/product_brand?post=1736"},{"taxonomy":"product_cat","embeddable":true,"href":"https:\/\/yingmeipack.com\/pt\/wp-json\/wp\/v2\/product_cat?post=1736"},{"taxonomy":"product_tag","embeddable":true,"href":"https:\/\/yingmeipack.com\/pt\/wp-json\/wp\/v2\/product_tag?post=1736"}],"curies":[{"name":"wp","href":"https:\/\/api.w.org\/{rel}","templated":true}]}}