{"id":1674,"date":"2023-04-25T07:41:04","date_gmt":"2023-04-25T07:41:04","guid":{"rendered":"https:\/\/yingmeipack.com\/?post_type=product&#038;p=1674"},"modified":"2025-06-05T03:01:43","modified_gmt":"2025-06-05T03:01:43","slug":"high-quality-heart-shaped-candy-box-wholesale-wedding-gift-tin-box","status":"publish","type":"product","link":"https:\/\/yingmeipack.com\/pt\/product\/high-quality-heart-shaped-candy-box-wholesale-wedding-gift-tin-box\/","title":{"rendered":"Caixa de bombons em forma de cora\u00e7\u00e3o de alta qualidade caixa de lata de presente de casamento por atacado"},"content":{"rendered":"","protected":false},"excerpt":{"rendered":"<p>Apresentamos as caixas de lata personalizadas em forma de cora\u00e7\u00e3o - a forma perfeita de dar um toque de conveni\u00eancia e estilo \u00e0s suas embalagens. Estas caixas elegantes est\u00e3o dispon\u00edveis numa variedade de tamanhos, com dobradi\u00e7as para abrir e fechar facilmente. S\u00e3o perfeitas para presentes, velas, cosm\u00e9ticos, ch\u00e1, especiarias e muito mais. E s\u00e3o totalmente personaliz\u00e1veis, pelo que pode adicionar as suas pr\u00f3prias impress\u00f5es e desenhos exclusivos.<\/p>\n<p>Material de folha de Flandres dur\u00e1vel - Os recipientes de lata vazios Dicunoy s\u00e3o feitos de material de folha de Flandres de alta qualidade, \u00e9 dif\u00edcil de dobrar \u00e0 m\u00e3o e tem um aspeto elegante no seu lugar devido \u00e0 superf\u00edcie prateada.<br \/>\nSem bordas afiadas - Nossos recipientes de lata de metal vazios s\u00e3o projetados em uma borda redonda e lisa, o que pode reduzir o risco de danos na borda de metal pontiagudo, \u00e9 seguro para uso em seu tempo di\u00e1rio.<br \/>\nAmplas aplica\u00e7\u00f5es - Nossas latas de prata s\u00e3o \u00f3timas para projetos caseiros de bricolagem, fabrica\u00e7\u00e3o de velas sem vazamentos, lembrancinhas de festas de casamento, doces, j\u00f3ias, caixas de tesouro, material de escrit\u00f3rio ou presentes.<\/p>\n<p>&nbsp;<\/p>","protected":false},"featured_media":1675,"template":"","meta":{"_kad_post_transparent":"default","_kad_post_title":"","_kad_post_layout":"default","_kad_post_sidebar_id":"","_kad_post_content_style":"default","_kad_post_vertical_padding":"default","_kad_post_feature":"","_kad_post_feature_position":"","_kad_post_header":false,"_kad_post_footer":false,"jetpack_publicize_message":"","jetpack_publicize_feature_enabled":true,"jetpack_social_post_already_shared":false,"jetpack_social_options":{"image_generator_settings":{"template":"highway","default_image_id":0,"enabled":false},"version":2}},"product_brand":[],"product_cat":[48,24,27,29],"product_tag":[114,116,117,115],"class_list":{"0":"post-1674","1":"product","2":"type-product","3":"status-publish","4":"has-post-thumbnail","6":"product_cat-box","7":"product_cat-jars","8":"product_cat-metal-jars","9":"product_cat-tinplate-jars","10":"product_tag-custom-tin-boxes","11":"product_tag-lightweight-tin-boxes","12":"product_tag-metal-tin-box","13":"product_tag-square-tin-boxes","15":"first","16":"instock","17":"shipping-taxable","18":"purchasable","19":"product-type-simple","20":"entry","21":"content-bg","22":"loop-entry"},"aioseo_notices":[],"jetpack_publicize_connections":[],"jetpack_sharing_enabled":true,"_links":{"self":[{"href":"https:\/\/yingmeipack.com\/pt\/wp-json\/wp\/v2\/product\/1674","targetHints":{"allow":["GET"]}}],"collection":[{"href":"https:\/\/yingmeipack.com\/pt\/wp-json\/wp\/v2\/product"}],"about":[{"href":"https:\/\/yingmeipack.com\/pt\/wp-json\/wp\/v2\/types\/product"}],"version-history":[{"count":1,"href":"https:\/\/yingmeipack.com\/pt\/wp-json\/wp\/v2\/product\/1674\/revisions"}],"predecessor-version":[{"id":1681,"href":"https:\/\/yingmeipack.com\/pt\/wp-json\/wp\/v2\/product\/1674\/revisions\/1681"}],"wp:featuredmedia":[{"embeddable":true,"href":"https:\/\/yingmeipack.com\/pt\/wp-json\/wp\/v2\/media\/1675"}],"wp:attachment":[{"href":"https:\/\/yingmeipack.com\/pt\/wp-json\/wp\/v2\/media?parent=1674"}],"wp:term":[{"taxonomy":"product_brand","embeddable":true,"href":"https:\/\/yingmeipack.com\/pt\/wp-json\/wp\/v2\/product_brand?post=1674"},{"taxonomy":"product_cat","embeddable":true,"href":"https:\/\/yingmeipack.com\/pt\/wp-json\/wp\/v2\/product_cat?post=1674"},{"taxonomy":"product_tag","embeddable":true,"href":"https:\/\/yingmeipack.com\/pt\/wp-json\/wp\/v2\/product_tag?post=1674"}],"curies":[{"name":"wp","href":"https:\/\/api.w.org\/{rel}","templated":true}]}}